{"id":805,"date":"2019-06-27T19:44:15","date_gmt":"2019-06-27T17:44:15","guid":{"rendered":"https:\/\/www.imdsd.net\/?page_id=805"},"modified":"2021-11-05T11:42:52","modified_gmt":"2021-11-05T09:42:52","slug":"politica-de-cookies","status":"publish","type":"page","link":"https:\/\/www.imdsd.net\/es\/politica-de-cookies\/","title":{"rendered":"Pol\u00edtica de cookies"},"content":{"rendered":"<h2>Pol\u00edtica de cookies<\/h2>\n<p>Nuestro sitio web <a href=\"http:\/\/www.imdsd.es\">www.imdsd.net <\/a>al igual que hacen la mayor\u00eda de los sitios web, utiliza <em>cookies<\/em> para recabar informaci\u00f3n del uso que los usuarios hacen de \u00e9l y poder mejorar y hacer m\u00e1s c\u00f3moda su navegaci\u00f3n.<\/p>\n<p>Le informamos que utilizamos <em>cookies <\/em>con la finalidad de facilitar su navegaci\u00f3n a trav\u00e9s del Sitio Web, distinguirle de otros usuarios e identificar problemas. Asimismo, en caso de que preste su consentimiento, utilizaremos <em>cookies<\/em> que nos permitan obtener m\u00e1s informaci\u00f3n acerca de sus preferencias y personalizar nuestro Sitio Web de acuerdo con sus intereses individuales.<\/p>\n<p>En caso de que desee recabar m\u00e1s informaci\u00f3n sobre las <em>cookies<\/em> que utilizamos, le rogamos remita un correo electr\u00f3nico a la direcci\u00f3n <a href=\"mailto:info@imdsd.es\">info@imdsd.es<\/a><\/p>\n<h3>1.- Qu\u00e9 son las cookies<\/h3>\n<p>Una <em>cookie<\/em> es un fichero que se descarga en su terminal (ordenador, tableta, tel\u00e9fono m\u00f3vil u otro dispositivo) con la finalidad de almacenar datos que podr\u00e1n ser actualizados y recuperados por la entidad responsable de su instalaci\u00f3n.<\/p>\n<p>La informaci\u00f3n recabada a trav\u00e9s de las <em>cookies<\/em> puede incluir la fecha y la hora de las visitas al Sitio Web, las p\u00e1ginas visionadas, el tiempo que ha estado en \u00e9l y los sitios visitados justo antes y despu\u00e9s.<\/p>\n<h3>2.-COOKIES AFECTADAS POR LA NORMATIVA Y COOKIES EXCEPTUADAS<\/h3>\n<p>Seg\u00fan la directiva de la UE, las cookies que requieren el consentimiento informado por parte del usuario son las cookies de anal\u00edtica y las de publicidad y afiliaci\u00f3n, quedando exceptuadas las de car\u00e1cter t\u00e9cnico y las necesarias para el funcionamiento del sitio web o la prestaci\u00f3n de servicios expresamente solicitados por el usuario.<\/p>\n<h4>\u00bfQU\u00c9 TIPOS DE COOKIES EXISTEN?<\/h4>\n<p>Sobre los tipos de cookies, existen cinco grandes grupos:<\/p>\n<ul>\n<li>Cookies anal\u00edticas: recogen informaci\u00f3n del uso que se realiza del sitio web.<\/li>\n<li>Cookies sociales: son aquellas necesarias para redes sociales externas.<\/li>\n<li>Cookies de afiliados: permiten hacer un seguimiento de las visitas procedentes de otras webs, con las que el sitio web establece un contrato de afiliaci\u00f3n (empresas de afiliaci\u00f3n).<\/li>\n<li>Cookies de publicidad y comportamentales: recogen informaci\u00f3n sobre las preferencias y elecciones personales del usuario (retargeting).<\/li>\n<li>Cookies t\u00e9cnicas y funcionales: son las estrictamente necesarias para el uso del sitio web y para la prestaci\u00f3n del servicio contratado.<\/li>\n<\/ul>\n<h3>2.- Tipo de <em>cookies<\/em> que se usan en el Sitio Web<\/h3>\n<p>Nuestro Sitio Web utiliza las <em>cookies<\/em> que se describen a continuaci\u00f3n en funci\u00f3n de finalidad:<\/p>\n<p><em>Cookies<\/em><strong> de personalizaci\u00f3n de interfaz de usuario<\/strong>: Esta p\u00e1gina web contiene unas cookies de \u201clengua de preferencia\u201d que se utiliza para recordar la lengua seleccionada. Se suele utilizar este tipo de cookies en portales de varias idiomas.<em>Cookies t\u00e9cnicas<\/em>:Son aquellas que permiten al usuario la navegaci\u00f3n a trav\u00e9s de la p\u00e1gina web o aplicaci\u00f3n y la utilizaci\u00f3n de las diferentes opciones o servicios que en ella existen. Por ejemplo, controlar el tr\u00e1fico y la comunicaci\u00f3n de datos, identificar la sesi\u00f3n, acceder a las partes web de acceso restringido, recordar los elementos que integran un pedido, realizar la solicitud de inscripci\u00f3n o participaci\u00f3n en un evento, utilizar elementos de seguridad durante la navegaci\u00f3n y almacenar contenidos para la difusi\u00f3n de v\u00eddeos o sonido o compartir contenidos a trav\u00e9s de las redes sociales.<em>Cookies de an\u00e1lisis<\/em>: Son aquellas que permiten al responsable de las mismas, el seguimiento y an\u00e1lisis del comportamiento de los usuarios de los sitios web a los que est\u00e1n vinculadas. La informaci\u00f3n recogida mediante este tipo de cookies se utiliza en la medici\u00f3n de la actividad de los sitios web, aplicaci\u00f3n o plataforma y para la elaboraci\u00f3n de perfiles de navegaci\u00f3n de los usuarios de estos sitios, aplicaciones y plataformas, con el fin de introducir mejoras en funci\u00f3n del an\u00e1lisis de los datos de uso que hacen los usuarios del servicio.<\/p>\n<p>Nuestro Sitio Web utiliza la s<em>cookies<\/em> que se describen a continuaci\u00f3n en funci\u00f3n de su titularidad:<\/p>\n<p><em>*<strong>Cookies propias.<\/strong><\/em><\/p>\n<ul>\n<li>PHPSESSID: cookie t\u00e9cnica y estrictamente necesaria que contiene el identificador de la sesi\u00f3n. Se elimina al cerrar el navegador.<\/li>\n<li>_lang: cookie t\u00e9cnica y estrictamente necesaria que contiene el idioma de la sesi\u00f3n. Se elimina al cerrar el navegador.<\/li>\n<li>ac_cookies: cookie t\u00e9cnica y estrictamente necesaria que contiene el valor de si se ha aceptado la instalaci\u00f3n de cookies. Caduca en 1 a\u00f1o desde la \u00faltima actualizaci\u00f3n.<\/li>\n<\/ul>\n<p><em>*<strong>Cookies<\/strong><\/em><strong> de terceros<\/strong><\/p>\n<p>El plug-in Cartograf Cookie Filter genera una <em>cookie<\/em> llamada <em>cg_cookie_accepted<\/em>, con el fin de guardar las preferencias de los usuarios respecto a la aceptaci\u00f3n de <em>cookies<\/em>.<\/p>\n<p>En nuestro Sitio Web utilizamos Google Analytics, una herramienta de an\u00e1lisis web de Google que nos permite conocer c\u00f3mo interact\u00faan los usuarios de nuestro Sitio Web. Asimismo, habilita<em>cookies<\/em> en el dominio del sitio en el que se encuentra el usuario y utiliza un conjunto de<em>cookies<\/em> denominadas \u201c__utma\u201d y \u201c__utmz\u201d para recopilar informaci\u00f3n de forma an\u00f3nima y elaborar informes de tendencias del Sitio Web sin identificar a usuarios individuales ni la direcci\u00f3n postal desde donde se conectan. La informaci\u00f3n que obtiene est\u00e1 relacionada con el n\u00famero de p\u00e1ginas visitadas, el idioma, red social en la que se publican nuestras noticias, la ciudad a la que est\u00e1 asignada la direcci\u00f3n IP desde la que acceden los usuarios, el n\u00famero de usuarios que nos visitan, la frecuencia y reincidencia de las visitas, el tiempo de visita, el navegador que usan, el operador o tipo de terminal desde el que se realiza la visita. Gracias a ellas obtenemos una informaci\u00f3n que puede ayudarnos a mejorar la navegaci\u00f3n y dar un mejor servicio a usuarios y clientes.<\/p>\n<p>Si interact\u00faa con el contenido de nuestro Sitio Web tambi\u00e9n pueden establecerse<em>cookies<\/em> de terceros (por ejemplo, al pulsar botones me gusta o compartir en las redes sociales). Las<em>cookies<\/em> de terceros son aquellas establecidas por un dominio diferente de nuestro Sitio Web. No podemos acceder a los datos almacenados en las<em>cookies<\/em> de otros sitios web cuando navegue en los citados sitios web.<\/p>\n<p>Incluimos a continuaci\u00f3n el enlace al sitio web de Google donde puede consultar la descripci\u00f3n del tipo de<em>cookies<\/em> que utiliza Google Analitycs y su periodo de expiraci\u00f3n:<a href=\"https:\/\/developers.google.com\/analytics\/devguides\/collection\/analyticsjs\/cookie-usage?hl=es\">https:\/\/developers.google.com\/analytics\/devguides\/collection\/analyticsjs\/cookie-usage?hl=es<\/a>.<\/p>\n<p><strong>Relaci\u00f3n de las cookies que recopilamos<\/strong><\/p>\n<p><strong>Tipo<\/strong><\/p>\n<p><strong>Clave<\/strong><\/p>\n<p><strong>Descripci\u00f3n (ES)<\/strong><\/p>\n<p><strong>Servidor<\/strong><\/p>\n<p>Google Analytics<\/p>\n<p>__utma<\/p>\n<p>cookie de Google Analytics que registra la fecha de la primera y \u00faltima vez que el usuario visti\u00f3 el sitio web. Caduca a los 2 a\u00f1os desde la \u00faltima actualizaci\u00f3n. M\u00e1s informaci\u00f3n del tratamiento realizado por Google Analytics en <a href=\"https:\/\/www.google.com\/intl\/es_ALL\/analytics\/learn\/privacy.html\" target=\"_blank\" rel=\"noopener noreferrer\">https:\/\/www.google.com\/intl\/es_ALL\/analytics\/learn\/privacy.html<\/a><\/p>\n<p>Google Analytics<\/p>\n<p>__utmb<\/p>\n<p>Se utiliza para determinar nuevas sesiones \/ visitas. La cookie se crea cuando se ejecuta la biblioteca de JavaScript y las cookies __utmb no existen. La cookie se actualiza cada vez que los datos se env\u00edan a Google Analytics. Caduca a los 30 minutos desde la \u00faltima actualizaci\u00f3n.<\/p>\n<p>Google Analytics<\/p>\n<p>__utmc<\/p>\n<p>No se utiliza en ga.js. Ajuste para la interoperabilidad con urchin.js. Hist\u00f3ricamente, esta cookie operaba en conjunto con la cookie __ UTMB para determinar si el usuario estaba en una nueva sesi\u00f3n \/ visita. Se elimina al cerrar el navegador.<\/p>\n<p>Google Analytics<\/p>\n<p>_utmt:<\/p>\n<p>Cookie de Google Analytics. Esta cookie se utiliza para procesar el tipo de solicitud pedida por el usuario. Caduca al finalizar la sesi\u00f3n.<\/p>\n<p>Google Analytics<\/p>\n<p>__utmz<\/p>\n<p>Almacena la fuente de tr\u00e1fico o una campa\u00f1a que explica c\u00f3mo el usuario lleg\u00f3 a su sitio. Se crea la cookie cuando se ejecuta la biblioteca de JavaScript y se actualiza cada vez que los datos se env\u00edan a Google Analytics. Caduca a los 6 meses desde la \u00faltima actualizaci\u00f3n.<\/p>\n<p>google.com<\/p>\n<p><strong>Relaci\u00f3n de las cookies de terceros<\/strong><\/p>\n<p>Google<\/p>\n<p>NID<\/p>\n<p>Estas cookies son utilizadas por Google para almacenar las preferencias del usuario y la informaci\u00f3n durante la visualizaci\u00f3n de las p\u00e1ginas de Google Maps. Estas cookies contienen la informaci\u00f3n suficiente para el seguimiento.<\/p>\n<p>.google.com<\/p>\n<p>Google Analytics<\/p>\n<p><a title=\"http:\/\/www.google-analytics.com\/ga.js\" href=\"http:\/\/www.google-analytics.com\/ga.js\">http:\/\/www.google-analytics.com\/ga.js<\/a><\/p>\n<p>Google Analytics<\/p>\n<p><a title=\"http:\/\/www.google-analytics.com\/\u2026\" href=\"http:\/\/www.google-analytics.com\/\u2026\">http:\/\/www.google-analytics.com\/\u2026<\/a><\/p>\n<h3>3.- Consentimiento<\/h3>\n<p>Por el mero hecho de navegar y continuar en nuestro Sitio Web<a href=\"http:\/\/www.imdsd.es\">www.imdsd.es<\/a> y de manera impl\u00edcita estar\u00e1 consintiendo el uso de las<em>cookies<\/em> antes enunciadas, por los plazos se\u00f1alados y en las condiciones contenidas en la presente Pol\u00edtica de<em>Cookies.<\/em><\/p>\n<h3>4.- C\u00f3mo deshabilitar y\/o bloquear las<em>cookies<\/em><\/h3>\n<p>Las<em>cookies<\/em> no son necesarias para el uso de nuestro Sitio Web, por lo que puede bloquearlas o deshabilitarlas activando la configuraci\u00f3n de su navegador que le permite rechazar la instalaci\u00f3n de todas las<em>cookies<\/em> o de algunas de ellas. La pr\u00e1ctica mayor\u00eda de los navegadores permite advertir de la presencia de<em>cookies<\/em> o rechazarlas autom\u00e1ticamente. Si las rechaza, podr\u00e1 seguir usando nuestro Sitio Web, aunque el uso de algunos de sus servicios podr\u00eda ser limitado y por tanto su experiencia en nuestro Sitio Web menos satisfactoria.<\/p>\n<h3>5.- Retirada de su consentimiento<\/h3>\n<p>Si quisiese retirar en cualquier momento su consentimiento relativo a la presente Pol\u00edtica de<em>Cookies<\/em>, deber\u00e1 eliminar las<em>cookies<\/em> almacenadas en su equipo (ordenador o dispositivo m\u00f3vil) a trav\u00e9s de los ajustes y configuraciones de su navegador de Internet.<\/p>\n<p>Salvo que haya ajustado la configuraci\u00f3n de su navegador, nuestro sistema crear\u00e1<em>cookies<\/em> en cuanto visite nuestro Sitio Web. Tenga presente que todos los navegadores de Internet permiten el cambio de dicha configuraci\u00f3n. Para m\u00e1s informaci\u00f3n sobre la forma de ajustar la configuraci\u00f3n de<em>cookies<\/em> en su navegador, le remitimos a continuaci\u00f3n a los enlaces pertinentes.<\/p>\n<p><strong>Internet Explorer:<\/strong><\/p>\n<p><a href=\"http:\/\/support.microsoft.com\/kb\/196955\">5 (<\/a><a title=\"http:\/\/support.microsoft.com\/kb\/196955\" href=\"http:\/\/support.microsoft.com\/kb\/196955\">http:\/\/support.microsoft.com\/kb\/196955<\/a>)<a href=\"http:\/\/support.microsoft.com\/kb\/283185\">6 (<\/a><a title=\"http:\/\/support.microsoft.com\/kb\/283185\" href=\"http:\/\/support.microsoft.com\/kb\/283185\">http:\/\/support.microsoft.com\/kb\/283185<\/a>)<a href=\"http:\/\/www.allaboutcookies.org\/es\/administrar-las-cookies\/internet-explorer7-plus.html\">7 (<\/a><a title=\"http:\/\/www.allaboutcookies.org\/es\/administrar-las-cookies\/internet-explorer7-plus.html\" href=\"http:\/\/www.allaboutcookies.org\/es\/administrar-las-cookies\/internet-explorer7-plus.html\">http:\/\/www.allaboutcookies.org\/es\/administrar-las-cookies\/internet-explo&#8230;<\/a>)<a href=\"http:\/\/www.allaboutcookies.org\/es\/administrar-las-cookies\/internet-explorer8-plus.html\">8 (<\/a><a title=\"http:\/\/www.allaboutcookies.org\/es\/administrar-las-cookies\/internet-explorer8-plus.html\" href=\"http:\/\/www.allaboutcookies.org\/es\/administrar-las-cookies\/internet-explorer8-plus.html\">http:\/\/www.allaboutcookies.org\/es\/administrar-las-cookies\/internet-explo&#8230;<\/a>)<a href=\"http:\/\/windows.microsoft.com\/es-es\/windows7\/how-to-manage-cookies-in-internet-explorer-9\">9 (<\/a><a title=\"http:\/\/windows.microsoft.com\/es-es\/windows7\/how-to-manage-cookies-in-internet-explorer-9\" href=\"http:\/\/windows.microsoft.com\/es-es\/windows7\/how-to-manage-cookies-in-internet-explorer-9\">http:\/\/windows.microsoft.com\/es-es\/windows7\/how-to-manage-cookies-in-int&#8230;<\/a>)<\/p>\n<p><strong>Firefox<\/strong><\/p>\n<p><a href=\"https:\/\/support.mozilla.org\/es\/kb\/cookies-informacion-que-los-sitios-web-guardan-en-?esab=a&amp;s=administrar+cookies&amp;r=0&amp;as=s\">https:\/\/support.mozilla.org\/es\/kb\/cookies-informacion-que-los-sitios-web-guardan-en-?esab=a&amp;s=administrar+cookies&amp;r=0&amp;as=s#w_configurar-las-cookies<\/a><\/p>\n<p><strong>Chrome<\/strong><\/p>\n<p><a href=\"https:\/\/support.google.com\/chrome\/answer\/95647?hl=es\">https:\/\/support.google.com\/chrome\/answer\/95647?hl=es<\/a><\/p>\n<p><strong>Safari<\/strong><\/p>\n<p><a href=\"http:\/\/www.allaboutcookies.org\/es\/administrar-las-cookies\/safari.html\">http:\/\/www.allaboutcookies.org\/es\/administrar-las-cookies\/safari.html<\/a> (and for iOS \u2013<a href=\"http:\/\/support.apple.com\/kb\/HT1677?viewlocale=es_ES&amp;locale=en_US\">http:\/\/support.apple.com\/kb\/HT1677?viewlocale=es_ES&amp;locale=en_US<\/a>)<\/p>\n","protected":false},"excerpt":{"rendered":"<p>Pol\u00edtica de cookies Nuestro sitio web www.imdsd.net al igual que hacen la mayor\u00eda de los sitios web, utiliza cookies para recabar informaci\u00f3n del uso que los usuarios hacen de \u00e9l y poder mejorar y hacer m\u00e1s c\u00f3moda su navegaci\u00f3n. Le informamos que utilizamos cookies con&#8230;<\/p>\n","protected":false},"author":2,"featured_media":0,"parent":0,"menu_order":103,"comment_status":"closed","ping_status":"closed","template":"","meta":[],"yoast_head":"<!-- This site is optimized with the Yoast SEO plugin v19.7.1 - https:\/\/yoast.com\/wordpress\/plugins\/seo\/ -->\n<title>Pol\u00edtica de cookies - Imatge m\u00e8dica digital - Serveis de diagn\u00f2stic per imatge<\/title>\n<meta name=\"robots\" content=\"noindex, nofollow\" \/>\n<meta property=\"og:locale\" content=\"es_ES\" \/>\n<meta property=\"og:type\" content=\"article\" \/>\n<meta property=\"og:title\" content=\"Pol\u00edtica de cookies - Imatge m\u00e8dica digital - Serveis de diagn\u00f2stic per imatge\" \/>\n<meta property=\"og:description\" content=\"Pol\u00edtica de cookies Nuestro sitio web www.imdsd.net al igual que hacen la mayor\u00eda de los sitios web, utiliza cookies para recabar informaci\u00f3n del uso que los usuarios hacen de \u00e9l y poder mejorar y hacer m\u00e1s c\u00f3moda su navegaci\u00f3n. Le informamos que utilizamos cookies con...\" \/>\n<meta property=\"og:url\" content=\"https:\/\/www.imdsd.net\/es\/politica-de-cookies\/\" \/>\n<meta property=\"og:site_name\" content=\"Imatge m\u00e8dica digital - Serveis de diagn\u00f2stic per imatge\" \/>\n<meta property=\"article:modified_time\" content=\"2021-11-05T09:42:52+00:00\" \/>\n<meta name=\"twitter:card\" content=\"summary_large_image\" \/>\n<meta name=\"twitter:label1\" content=\"Tiempo de lectura\" \/>\n\t<meta name=\"twitter:data1\" content=\"9 minutos\" \/>\n<script type=\"application\/ld+json\" class=\"yoast-schema-graph\">{\"@context\":\"https:\/\/schema.org\",\"@graph\":[{\"@type\":\"WebPage\",\"@id\":\"https:\/\/www.imdsd.net\/es\/politica-de-cookies\/\",\"url\":\"https:\/\/www.imdsd.net\/es\/politica-de-cookies\/\",\"name\":\"Pol\u00edtica de cookies - Imatge m\u00e8dica digital - Serveis de diagn\u00f2stic per imatge\",\"isPartOf\":{\"@id\":\"https:\/\/www.imdsd.net\/es\/#website\"},\"datePublished\":\"2019-06-27T17:44:15+00:00\",\"dateModified\":\"2021-11-05T09:42:52+00:00\",\"breadcrumb\":{\"@id\":\"https:\/\/www.imdsd.net\/es\/politica-de-cookies\/#breadcrumb\"},\"inLanguage\":\"es\",\"potentialAction\":[{\"@type\":\"ReadAction\",\"target\":[\"https:\/\/www.imdsd.net\/es\/politica-de-cookies\/\"]}]},{\"@type\":\"BreadcrumbList\",\"@id\":\"https:\/\/www.imdsd.net\/es\/politica-de-cookies\/#breadcrumb\",\"itemListElement\":[{\"@type\":\"ListItem\",\"position\":1,\"name\":\"Inici\",\"item\":\"https:\/\/www.imdsd.net\/es\/\"},{\"@type\":\"ListItem\",\"position\":2,\"name\":\"Pol\u00edtica de cookies\"}]},{\"@type\":\"WebSite\",\"@id\":\"https:\/\/www.imdsd.net\/es\/#website\",\"url\":\"https:\/\/www.imdsd.net\/es\/\",\"name\":\"Imatge m\u00e8dica digital - Serveis de diagn\u00f2stic per imatge\",\"description\":\"Diagn\u00f2stic per imatge i tele-radiolog\u00eda\",\"publisher\":{\"@id\":\"https:\/\/www.imdsd.net\/es\/#organization\"},\"potentialAction\":[{\"@type\":\"SearchAction\",\"target\":{\"@type\":\"EntryPoint\",\"urlTemplate\":\"https:\/\/www.imdsd.net\/es\/?s={search_term_string}\"},\"query-input\":\"required name=search_term_string\"}],\"inLanguage\":\"es\"},{\"@type\":\"Organization\",\"@id\":\"https:\/\/www.imdsd.net\/es\/#organization\",\"name\":\"IMATGE M\u00c8DICA DIGITAL\",\"url\":\"https:\/\/www.imdsd.net\/es\/\",\"sameAs\":[],\"logo\":{\"@type\":\"ImageObject\",\"inLanguage\":\"es\",\"@id\":\"https:\/\/www.imdsd.net\/es\/#\/schema\/logo\/image\/\",\"url\":\"https:\/\/www.imdsd.net\/wp-content\/uploads\/2019\/05\/logo-imagen-medica-digital-azul.png\",\"contentUrl\":\"https:\/\/www.imdsd.net\/wp-content\/uploads\/2019\/05\/logo-imagen-medica-digital-azul.png\",\"width\":340,\"height\":255,\"caption\":\"IMATGE M\u00c8DICA DIGITAL\"},\"image\":{\"@id\":\"https:\/\/www.imdsd.net\/es\/#\/schema\/logo\/image\/\"}}]}<\/script>\n<!-- \/ Yoast SEO plugin. -->","yoast_head_json":{"title":"Pol\u00edtica de cookies - Imatge m\u00e8dica digital - Serveis de diagn\u00f2stic per imatge","robots":{"index":"noindex","follow":"nofollow"},"og_locale":"es_ES","og_type":"article","og_title":"Pol\u00edtica de cookies - Imatge m\u00e8dica digital - Serveis de diagn\u00f2stic per imatge","og_description":"Pol\u00edtica de cookies Nuestro sitio web www.imdsd.net al igual que hacen la mayor\u00eda de los sitios web, utiliza cookies para recabar informaci\u00f3n del uso que los usuarios hacen de \u00e9l y poder mejorar y hacer m\u00e1s c\u00f3moda su navegaci\u00f3n. Le informamos que utilizamos cookies con...","og_url":"https:\/\/www.imdsd.net\/es\/politica-de-cookies\/","og_site_name":"Imatge m\u00e8dica digital - Serveis de diagn\u00f2stic per imatge","article_modified_time":"2021-11-05T09:42:52+00:00","twitter_card":"summary_large_image","twitter_misc":{"Tiempo de lectura":"9 minutos"},"schema":{"@context":"https:\/\/schema.org","@graph":[{"@type":"WebPage","@id":"https:\/\/www.imdsd.net\/es\/politica-de-cookies\/","url":"https:\/\/www.imdsd.net\/es\/politica-de-cookies\/","name":"Pol\u00edtica de cookies - Imatge m\u00e8dica digital - Serveis de diagn\u00f2stic per imatge","isPartOf":{"@id":"https:\/\/www.imdsd.net\/es\/#website"},"datePublished":"2019-06-27T17:44:15+00:00","dateModified":"2021-11-05T09:42:52+00:00","breadcrumb":{"@id":"https:\/\/www.imdsd.net\/es\/politica-de-cookies\/#breadcrumb"},"inLanguage":"es","potentialAction":[{"@type":"ReadAction","target":["https:\/\/www.imdsd.net\/es\/politica-de-cookies\/"]}]},{"@type":"BreadcrumbList","@id":"https:\/\/www.imdsd.net\/es\/politica-de-cookies\/#breadcrumb","itemListElement":[{"@type":"ListItem","position":1,"name":"Inici","item":"https:\/\/www.imdsd.net\/es\/"},{"@type":"ListItem","position":2,"name":"Pol\u00edtica de cookies"}]},{"@type":"WebSite","@id":"https:\/\/www.imdsd.net\/es\/#website","url":"https:\/\/www.imdsd.net\/es\/","name":"Imatge m\u00e8dica digital - Serveis de diagn\u00f2stic per imatge","description":"Diagn\u00f2stic per imatge i tele-radiolog\u00eda","publisher":{"@id":"https:\/\/www.imdsd.net\/es\/#organization"},"potentialAction":[{"@type":"SearchAction","target":{"@type":"EntryPoint","urlTemplate":"https:\/\/www.imdsd.net\/es\/?s={search_term_string}"},"query-input":"required name=search_term_string"}],"inLanguage":"es"},{"@type":"Organization","@id":"https:\/\/www.imdsd.net\/es\/#organization","name":"IMATGE M\u00c8DICA DIGITAL","url":"https:\/\/www.imdsd.net\/es\/","sameAs":[],"logo":{"@type":"ImageObject","inLanguage":"es","@id":"https:\/\/www.imdsd.net\/es\/#\/schema\/logo\/image\/","url":"https:\/\/www.imdsd.net\/wp-content\/uploads\/2019\/05\/logo-imagen-medica-digital-azul.png","contentUrl":"https:\/\/www.imdsd.net\/wp-content\/uploads\/2019\/05\/logo-imagen-medica-digital-azul.png","width":340,"height":255,"caption":"IMATGE M\u00c8DICA DIGITAL"},"image":{"@id":"https:\/\/www.imdsd.net\/es\/#\/schema\/logo\/image\/"}}]}},"_links":{"self":[{"href":"https:\/\/www.imdsd.net\/es\/wp-json\/wp\/v2\/pages\/805"}],"collection":[{"href":"https:\/\/www.imdsd.net\/es\/wp-json\/wp\/v2\/pages"}],"about":[{"href":"https:\/\/www.imdsd.net\/es\/wp-json\/wp\/v2\/types\/page"}],"author":[{"embeddable":true,"href":"https:\/\/www.imdsd.net\/es\/wp-json\/wp\/v2\/users\/2"}],"replies":[{"embeddable":true,"href":"https:\/\/www.imdsd.net\/es\/wp-json\/wp\/v2\/comments?post=805"}],"version-history":[{"count":5,"href":"https:\/\/www.imdsd.net\/es\/wp-json\/wp\/v2\/pages\/805\/revisions"}],"predecessor-version":[{"id":1194,"href":"https:\/\/www.imdsd.net\/es\/wp-json\/wp\/v2\/pages\/805\/revisions\/1194"}],"wp:attachment":[{"href":"https:\/\/www.imdsd.net\/es\/wp-json\/wp\/v2\/media?parent=805"}],"curies":[{"name":"wp","href":"https:\/\/api.w.org\/{rel}","templated":true}]}}