{"id":798,"date":"2019-06-27T19:41:21","date_gmt":"2019-06-27T17:41:21","guid":{"rendered":"https:\/\/www.imdsd.net\/?page_id=798"},"modified":"2020-02-05T21:05:20","modified_gmt":"2020-02-05T19:05:20","slug":"politica-de-privacidad","status":"publish","type":"page","link":"https:\/\/www.imdsd.net\/es\/politica-de-privacidad\/","title":{"rendered":"Pol\u00edtica de privacidad"},"content":{"rendered":"<h2>Pol\u00edtica de privacidad<\/h2>\n<h3>1. INFORMACI\u00d3N AL USUARIO<\/h3>\n<p>En IMAGEN MEDICA DIGITAL, SERVICIOS DIAGNOSTICOS S.A. hemos adaptado nuestros protocolos y pol\u00edticas de privacidad al Reglamento Europeo de Protecci\u00f3n de Datos 679\/2916 (RGPD) dado que nos preocupa la seguridad y la protecci\u00f3n de los datos que tratamos.<\/p>\n<p>IMAGEN MEDICA DIGITAL, SERVICIOS DIAGNOSTICOS S.A., es el Responsable del tratamiento de los datos personales del Usuario y le informa que estos datos ser\u00e1n tratados de conformidad con lo dispuesto en las normativas vigentes en protecci\u00f3n de datos personales, el Reglamento (UE) 2016\/679 de 27 de abril de 2016 (GDPR) relativo a la protecci\u00f3n de las personas f\u00edsicas en lo que respecta al tratamiento de datos personales y a la libre circulaci\u00f3n de estos datos, por lo que se le facilita la siguiente informaci\u00f3n del tratamiento.<\/p>\n<h3>2.- PARA QU\u00c9 UTILIZAMOS SUS DATOS<\/h3>\n<h4>Finalidad del tratamiento<\/h4>\n<p>En IMAGEN MEDICA DIGITAL, SERVICIOS DIAGNOSTICOS S.A. tratamos la informaci\u00f3n que nos facilitan las personas interesadas con el fin de mantener una relaci\u00f3n comercial con el Usuario. Las operaciones previstas para realizar el tratamiento son:<\/p>\n<ul>\n<li>Tramitar encargos, solicitudes o cualquier tipo de petici\u00f3n que sea realizada por el usuario a trav\u00e9s de cualquiera de las formas de contacto que se ponen a su disposici\u00f3n.<\/li>\n<li>Remisi\u00f3n de comunicaciones comerciales publicitarias, siempre y cuando se haya autorizado previamente, por email, fax, SMS, MMS, comunidades sociales o cualquier otro medio electr\u00f3nico o f\u00edsico, presente o futuro, que posibilite realizar comunicaciones comerciales. Estas comunicaciones ser\u00e1n realizadas por el RESPONSABLE y relacionadas sobre sus productos y servicios, o de sus colaboradores o proveedores con los que \u00e9ste haya alcanzado alg\u00fan acuerdo de promoci\u00f3n. En este caso, los terceros nunca tendr\u00e1n acceso a los datos personales.<\/li>\n<li>Realizar estudios estad\u00edsticos.<\/li>\n<li>Remitir el bolet\u00edn de noticias de la p\u00e1gina web.<\/li>\n<\/ul>\n<p>Las categor\u00edas de datos que se tratan son datos identificativos y no se tratan categor\u00edas de datos especialmente protegidos.<\/p>\n<p>Dentro de la p\u00e1gina web existen diferentes sistemas de captura de informaci\u00f3n personal y trato la informaci\u00f3n que facilitan las personas interesadas con el siguiente fin por cada sistema de captura:<\/p>\n<p><strong>Formularios de contacto:<\/strong> Solicitamos los siguientes datos personales: Nombre, Email, Tel\u00e9fono y motivo de la consulta, para responder a los requerimientos de los usuarios de nuestros sitios web<\/p>\n<p><strong>Formulario de alta para comentarios del blog:<\/strong> Para comentar las publicaciones del blog se requiere que el usuario se d\u00e9 de alta a trav\u00e9s de un formulario. En este caso, solicito los siguientes datos personales: nombre, email, sitio web. Una vez dado de alta, el usuario podr\u00e1 realizar tantos comentarios como desee y dar respuesta sobre los anteriores.<\/p>\n<p>Tambi\u00e9n se recogen otros datos no identificativos que se obtienen mediante algunas cookies y que se detallan en la pol\u00edtica de cookies. Al navegar por www.imdsd.es y dem\u00e1s sitios web bajo la titularidad de IMAGEN MEDICA DIGITAL, SERVICIOS DIAGNOSTICOS S.A. se pueden recoger datos no identificables, que pueden incluir, direcciones IP, ubicaci\u00f3n geogr\u00e1fica (aproximadamente), un registro de c\u00f3mo se utilizan los servicios y sitios, y otros datos que no pueden ser utilizados para identificar al usuario. Entre los datos no identificativos est\u00e1n tambi\u00e9n los relacionados a tus h\u00e1bitos de navegaci\u00f3n a trav\u00e9s de servicios de terceros. Estas webs utilizan los siguientes servicios de an\u00e1lisis de terceros:<\/p>\n<p>Google analytics y Google search console: un servicio anal\u00edtico de web prestado por Google, Inc., una compa\u00f1\u00eda de Delaware cuya oficina principal est\u00e1 en 1600 Amphitheatre Parkway, Mountain View (California), CA 94043, Estados Unidos (\u201cGoogle\u201d). Google Analytics utiliza \u201ccookies\u201d, que son archivos de texto ubicados en tu ordenador, para ayudar a www.imdsd.es a analizar el uso que hacen los usuarios del sitio web. La informaci\u00f3n que genera la cookie acerca de su uso de www.imdsd.es (incluyendo tu direcci\u00f3n IP) ser\u00e1 directamente transmitida y archivada por Google en sus servidores.<\/p>\n<p>Otras finalidades por la que tratamos tus datos personales:<\/p>\n<p><strong>Para gestionar las redes sociales: <\/strong> IMAGEN MEDICA DIGITAL, SERVICIOS DIAGNOSTICOS S.A. puede tener presencia en redes sociales. El tratamiento de los datos que se lleve a cabo de las personas que se hagan seguidoras en las redes sociales de las p\u00e1ginas oficiales de IMAGEN MEDICA DIGITAL, SERVICIOS DIAGNOSTICOS S.A. se regir\u00e1 por este apartado. As\u00ed como por aquellas condiciones de uso, pol\u00edticas de privacidad y normativas de acceso que pertenezcan a la red social que proceda en cada caso y aceptadas previamente por el usuario. IMAGEN MEDICA DIGITAL, SERVICIOS DIAGNOSTICOS S.A. tratar\u00e1 sus datos con las finalidades de administrar correctamente su presencia en la red social, informando de actividades, productos o servicios de IMAGEN MEDICA DIGITAL, SERVICIOS DIAGNOSTICOS S.A. as\u00ed como para cualquier otra finalidad que las normativas de las redes sociales permitan. En ning\u00fan caso utilizaremos los perfiles de seguidores en redes sociales para enviar publicidad de manera individual.<\/p>\n<h3>\u00a03.- CU\u00c1L ES LA BASE LEGAL PARA EL TRATAMIENTO DE LOS DATOS<\/h3>\n<p>La utilizaci\u00f3n de los datos que nos has facilitado, es necesaria para la correcta gesti\u00f3n de las relaciones con los Clientes \/ Colaboradores y, adem\u00e1s, poder cumplir con las obligaciones legales.<\/p>\n<p>Para contactar o realizar comentarios en esta web se requiere la aceptaci\u00f3n de esta pol\u00edtica de privacidad.<\/p>\n<p>En cualquier momento puede manifestar su oposici\u00f3n al uso de sus datos y, por lo tanto, dejar sin efecto cualquier tipo de gesti\u00f3n con los mismos, quedando \u00fanicamente sus datos bloqueados durante el tiempo legalmente previsto. \u00danicamente comunicarle que el no consentimiento puede conllevar que los servicios sean imposibles de prestar.<\/p>\n<h3>\u00a04.- CAR\u00c1CTER OBLIGATORIO O FACULTATIVO DE LA INFORMACI\u00d3N FACILITADA POR EL USUARIO<\/h3>\n<p>Los Usuarios, mediante la marcaci\u00f3n de las casillas correspondientes y entrada de datos en los campos, marcados con un asterisco (*) en el formulario de contacto o presentados en formularios de descarga, aceptan expresamente y de forma libre e inequ\u00edvoca, que sus datos son necesarios para atender su petici\u00f3n, por parte del prestador, siendo voluntaria la inclusi\u00f3n de datos en los campos restantes. El Usuario garantiza que los datos personales facilitados a IMAGEN MEDICA DIGITAL, SERVICIOS DIAGNOSTICOS S.A. son veraces y se hace responsable de comunicar cualquier modificaci\u00f3n de los mismos.<\/p>\n<p>Todos los datos solicitados a trav\u00e9s del sitio web son obligatorios, ya que son necesarios para la prestaci\u00f3n de un servicio \u00f3ptimo al Usuario. En caso de que no sean facilitados todos los datos, no se garantiza que la informaci\u00f3n y servicios facilitados sean completamente ajustados a sus necesidades.<\/p>\n<h3>\u00a05.- CORREOS COMERCIALES<\/h3>\n<p>De acuerdo con la LSSICE, IMAGEN MEDICA DIGITAL, SERVICIOS DIAGNOSTICOS S.A. no realiza pr\u00e1cticas de SPAM, por lo que no env\u00eda correos comerciales por v\u00eda electr\u00f3nica que no hayan sido previamente solicitados o autorizados por el usuario. En consecuencia, en cada uno de los formularios habidos en la web, el usuario tiene la posibilidad de dar su consentimiento expreso para recibir el bolet\u00edn, con independencia de la informaci\u00f3n comercial puntualmente solicitada.<\/p>\n<p>Conforme a lo dispuesto en la LSSICE, IMAGEN MEDICA DIGITAL, SERVICIOS DIAGNOSTICOS S.A. se compromete a no enviar comunicaciones de car\u00e1cter comercial sin identificarlas debidamente.<\/p>\n<h3>\u00a06.- VAN A CEDER MIS DATOS.<\/h3>\n<p>En principio no de ceder\u00e1n datos salvo obligaci\u00f3n legal.<\/p>\n<p>Ahora bien, sus datos podr\u00e1n ser cedidos a profesionales y\/o proveedores de esta Entidad a los solos efectos cumplimiento contractual o bien, a proveedores del servicios de esta Entidad como son las asesor\u00edas, servicios inform\u00e1ticos, servicios de almacenamiento en la nube, etc.<\/p>\n<p>Todas las utilidades ofrecidas por terceros son estrictamente necesarias para el desarrollo de los servicios y han sido seleccionadas atendiendo al cumplimiento de los derechos que se preservan en esta web.<\/p>\n<h3>7.- DURANTE CU\u00c1NTO CONSERVAREMOS SUS DATOS PERSONALES<\/h3>\n<h4>Criterios de conservaci\u00f3n de los datos:<\/h4>\n<h5>Visitas a nuestras p\u00e1ginas web:<\/h5>\n<p>La direcci\u00f3n IP, identificador de cookie. Los archivos de registro, incluida la direcci\u00f3n IP, se eliminan autom\u00e1ticamente pasados dos (2) meses desde su obtenci\u00f3n. No obstante, antes de esto, la direcci\u00f3n IP se anonimiza y se guarda con fines meramente t\u00e9cnico-administrativos.<\/p>\n<h5>Solicitudes comerciales:<\/h5>\n<p>Los datos se almacenan mientras que Vd. no ejerza ninguno de los derechos que hagan que no podamos tratar sus datos o durante un plazo de 5 a\u00f1os a partir de la \u00faltima confirmaci\u00f3n de inter\u00e9s. Los datos se suprimir\u00e1n con medidas de seguridad adecuadas para garantizar la seudonimizaci\u00f3n de los datos o la destrucci\u00f3n total de los mismos.<\/p>\n<h5>Relaciones comerciales:<\/h5>\n<p>Los datos se almacenan o se eliminan de acuerdo a los requisitos comerciales y fiscales, mientras exista una relaci\u00f3n contractual o hasta que se nos solicite la eliminaci\u00f3n de los datos. Los datos se suprimir\u00e1n con medidas de seguridad adecuadas para garantizar la seudonimizaci\u00f3n de los datos o la destrucci\u00f3n total de los mismos.<\/p>\n<h3>8.- MEDIDAS DE SEGURIDAD<\/h3>\n<p>De conformidad con lo dispuesto en las normativas vigentes en protecci\u00f3n de datos personales, IMAGEN MEDICA DIGITAL, SERVICIOS DIAGNOSTICOS S.A. est\u00e1 cumpliendo con todas las disposiciones de las normativas GDPR para el tratamiento de los datos personales de su responsabilidad, y manifiestamente con los principios descritos en el art\u00edculo 5 del GDPR, por los cuales son tratados de manera l\u00edcita, leal y transparente en relaci\u00f3n con el interesado y adecuados, pertinentes y limitados a lo necesario en relaci\u00f3n con los fines para los que son tratados.<\/p>\n<p>IMAGEN MEDICA DIGITAL, SERVICIOS DIAGNOSTICOS S.A. garantiza que ha implementado pol\u00edticas t\u00e9cnicas y organizativas apropiadas para aplicar las medidas de seguridad que establecen el GDPR con el fin de proteger los derechos y libertades de los Usuarios y les ha comunicado la informaci\u00f3n adecuada para que puedan ejercerlos.<\/p>\n<p>IMAGEN MEDICA DIGITAL, SERVICIOS DIAGNOSTICOS S.A. no puede garantizar la absoluta inexpugnabilidad de la red Internet y por tanto la violaci\u00f3n de los datos mediante accesos fraudulentos a ellos por parte de terceros.<\/p>\n<p>Esta web incluye un certificado SSL. Se trata de un protocolo de seguridad que hace que tus datos viajen de manera \u00edntegra y segura, es decir, la transmisi\u00f3n de los datos entre un servidor y usuario web, y en retroalimentaci\u00f3n, es totalmente cifrada o encriptada.<\/p>\n<p>Con respecto a la confidencialidad del procesamiento, IMAGEN MEDICA DIGITAL, SERVICIOS DIAGNOSTICOS S.A. se asegurar\u00e1 de que cualquier persona que est\u00e9 autorizada por IMAGEN MEDICA DIGITAL, SERVICIOS DIAGNOSTICOS S.A. para procesar los datos de los usuarios (incluido su personal, colaboradores y prestadores), estar\u00e1 bajo la obligaci\u00f3n apropiada de confidencialidad (ya sea un deber contractual o legal).<\/p>\n<p>Cuando se presente alg\u00fan incidente de seguridad, al darse cuenta IMAGEN MEDICA DIGITAL, SERVICIOS DIAGNOSTICOS S.A., deber\u00e1 notificar al Cliente sin demoras indebidas y deber\u00e1 proporcionar informaci\u00f3n oportuna relacionada con el Incidente de Seguridad tal como se conozca o cuando el Cliente lo solicite razonablemente.<\/p>\n<h3>9.- C\u00d3MO PUEDO EJERCER MIS DERECHOS<\/h3>\n<p>Como titular de derechos, Vd. tiene el control de sus datos y, por lo tanto, en cualquier momento puede ejercitar sus derechos, envi\u00e1ndonos un mail a info@imdsd.es<\/p>\n<p>Los derechos que puede ejercitar son:<\/p>\n<ul>\n<li>Derecho a solicitar el acceso a los datos personales relativos al interesado<\/li>\n<li>Derecho a solicitar su rectificaci\u00f3n o supresi\u00f3n<\/li>\n<li>Derecho a solicitar la limitaci\u00f3n de su tratamiento y la oposici\u00f3n a su tratamiento.<\/li>\n<li>Derecho a oponerse al tratamiento<\/li>\n<li>Derecho a la portabilidad de los datos<\/li>\n<\/ul>\n<p>Se informa a los usuarios, que tiene derecho a revocar el consentimiento en cualquier momento, sin que ello afecte a la licitud del tratamiento basado en el consentimiento previo a su retirada.<\/p>\n<p>As\u00ed mismo se informa a los interesados de que pueden presentar una reclamaci\u00f3n ante la Autoridad de Control en materia de Protecci\u00f3n de Datos competente, especialmente cuando no haya obtenido satisfacci\u00f3n en el ejercicio de sus derechos.<\/p>\n<p>Todos sus derechos puede solicitarlos indicando su nombre y haci\u00e9ndonos llegar una fotocopia de su identificaci\u00f3n con la solicitud.<\/p>\n<h4>Datos de contacto para ejercer sus derechos:<\/h4>\n<p>IMAGEN MEDICA DIGITAL, SERVICIOS DIAGNOSTICOS S.A.<\/p>\n<p><strong>Direcci\u00f3n postal:<\/strong> Calle Isla 52, 08202 Sabadell, Barcelona<\/p>\n<p><strong>Correo electr\u00f3nico:<\/strong> info@imdsd.es<\/p>\n<h3>10.- CAMBIOS EN LA POL\u00cdTICA DE PRIVACIDAD<\/h3>\n<p>IMAGEN MEDICA DIGITAL, SERVICIOS DIAGNOSTICOS S.A. se reserva el derecho a modificar la presente pol\u00edtica para adaptarla a novedades legislativas o jurisprudenciales, as\u00ed como a pr\u00e1cticas de la industria. En dichos supuestos, IMAGEN MEDICA DIGITAL, SERVICIOS DIAGNOSTICOS S.A. anunciar\u00e1 en esta p\u00e1gina los cambios introducidos con razonable antelaci\u00f3n a su puesta en pr\u00e1ctica.<\/p>\n<p>&nbsp;<\/p>\n<p>&nbsp;<\/p>\n","protected":false},"excerpt":{"rendered":"<p>Pol\u00edtica de privacidad 1. INFORMACI\u00d3N AL USUARIO En IMAGEN MEDICA DIGITAL, SERVICIOS DIAGNOSTICOS S.A. hemos adaptado nuestros protocolos y pol\u00edticas de privacidad al Reglamento Europeo de Protecci\u00f3n de Datos 679\/2916 (RGPD) dado que nos preocupa la seguridad y la protecci\u00f3n de los datos que tratamos&#8230;.<\/p>\n","protected":false},"author":2,"featured_media":0,"parent":0,"menu_order":101,"comment_status":"closed","ping_status":"closed","template":"","meta":[],"yoast_head":"<!-- This site is optimized with the Yoast SEO plugin v19.7.1 - https:\/\/yoast.com\/wordpress\/plugins\/seo\/ -->\n<title>Pol\u00edtica de privacidad - Imatge m\u00e8dica digital - Serveis de diagn\u00f2stic per imatge<\/title>\n<meta name=\"robots\" content=\"noindex, nofollow\" \/>\n<meta property=\"og:locale\" content=\"es_ES\" \/>\n<meta property=\"og:type\" content=\"article\" \/>\n<meta property=\"og:title\" content=\"Pol\u00edtica de privacidad - Imatge m\u00e8dica digital - Serveis de diagn\u00f2stic per imatge\" \/>\n<meta property=\"og:description\" content=\"Pol\u00edtica de privacidad 1. INFORMACI\u00d3N AL USUARIO En IMAGEN MEDICA DIGITAL, SERVICIOS DIAGNOSTICOS S.A. hemos adaptado nuestros protocolos y pol\u00edticas de privacidad al Reglamento Europeo de Protecci\u00f3n de Datos 679\/2916 (RGPD) dado que nos preocupa la seguridad y la protecci\u00f3n de los datos que tratamos....\" \/>\n<meta property=\"og:url\" content=\"https:\/\/www.imdsd.net\/es\/politica-de-privacidad\/\" \/>\n<meta property=\"og:site_name\" content=\"Imatge m\u00e8dica digital - Serveis de diagn\u00f2stic per imatge\" \/>\n<meta property=\"article:modified_time\" content=\"2020-02-05T19:05:20+00:00\" \/>\n<meta name=\"twitter:card\" content=\"summary_large_image\" \/>\n<meta name=\"twitter:label1\" content=\"Tiempo de lectura\" \/>\n\t<meta name=\"twitter:data1\" content=\"11 minutos\" \/>\n<script type=\"application\/ld+json\" class=\"yoast-schema-graph\">{\"@context\":\"https:\/\/schema.org\",\"@graph\":[{\"@type\":\"WebPage\",\"@id\":\"https:\/\/www.imdsd.net\/es\/politica-de-privacidad\/\",\"url\":\"https:\/\/www.imdsd.net\/es\/politica-de-privacidad\/\",\"name\":\"Pol\u00edtica de privacidad - Imatge m\u00e8dica digital - Serveis de diagn\u00f2stic per imatge\",\"isPartOf\":{\"@id\":\"https:\/\/www.imdsd.net\/es\/#website\"},\"datePublished\":\"2019-06-27T17:41:21+00:00\",\"dateModified\":\"2020-02-05T19:05:20+00:00\",\"breadcrumb\":{\"@id\":\"https:\/\/www.imdsd.net\/es\/politica-de-privacidad\/#breadcrumb\"},\"inLanguage\":\"es\",\"potentialAction\":[{\"@type\":\"ReadAction\",\"target\":[\"https:\/\/www.imdsd.net\/es\/politica-de-privacidad\/\"]}]},{\"@type\":\"BreadcrumbList\",\"@id\":\"https:\/\/www.imdsd.net\/es\/politica-de-privacidad\/#breadcrumb\",\"itemListElement\":[{\"@type\":\"ListItem\",\"position\":1,\"name\":\"Inici\",\"item\":\"https:\/\/www.imdsd.net\/es\/\"},{\"@type\":\"ListItem\",\"position\":2,\"name\":\"Pol\u00edtica de privacidad\"}]},{\"@type\":\"WebSite\",\"@id\":\"https:\/\/www.imdsd.net\/es\/#website\",\"url\":\"https:\/\/www.imdsd.net\/es\/\",\"name\":\"Imatge m\u00e8dica digital - Serveis de diagn\u00f2stic per imatge\",\"description\":\"Diagn\u00f2stic per imatge i tele-radiolog\u00eda\",\"publisher\":{\"@id\":\"https:\/\/www.imdsd.net\/es\/#organization\"},\"potentialAction\":[{\"@type\":\"SearchAction\",\"target\":{\"@type\":\"EntryPoint\",\"urlTemplate\":\"https:\/\/www.imdsd.net\/es\/?s={search_term_string}\"},\"query-input\":\"required name=search_term_string\"}],\"inLanguage\":\"es\"},{\"@type\":\"Organization\",\"@id\":\"https:\/\/www.imdsd.net\/es\/#organization\",\"name\":\"IMATGE M\u00c8DICA DIGITAL\",\"url\":\"https:\/\/www.imdsd.net\/es\/\",\"sameAs\":[],\"logo\":{\"@type\":\"ImageObject\",\"inLanguage\":\"es\",\"@id\":\"https:\/\/www.imdsd.net\/es\/#\/schema\/logo\/image\/\",\"url\":\"https:\/\/www.imdsd.net\/wp-content\/uploads\/2019\/05\/logo-imagen-medica-digital-azul.png\",\"contentUrl\":\"https:\/\/www.imdsd.net\/wp-content\/uploads\/2019\/05\/logo-imagen-medica-digital-azul.png\",\"width\":340,\"height\":255,\"caption\":\"IMATGE M\u00c8DICA DIGITAL\"},\"image\":{\"@id\":\"https:\/\/www.imdsd.net\/es\/#\/schema\/logo\/image\/\"}}]}<\/script>\n<!-- \/ Yoast SEO plugin. -->","yoast_head_json":{"title":"Pol\u00edtica de privacidad - Imatge m\u00e8dica digital - Serveis de diagn\u00f2stic per imatge","robots":{"index":"noindex","follow":"nofollow"},"og_locale":"es_ES","og_type":"article","og_title":"Pol\u00edtica de privacidad - Imatge m\u00e8dica digital - Serveis de diagn\u00f2stic per imatge","og_description":"Pol\u00edtica de privacidad 1. INFORMACI\u00d3N AL USUARIO En IMAGEN MEDICA DIGITAL, SERVICIOS DIAGNOSTICOS S.A. hemos adaptado nuestros protocolos y pol\u00edticas de privacidad al Reglamento Europeo de Protecci\u00f3n de Datos 679\/2916 (RGPD) dado que nos preocupa la seguridad y la protecci\u00f3n de los datos que tratamos....","og_url":"https:\/\/www.imdsd.net\/es\/politica-de-privacidad\/","og_site_name":"Imatge m\u00e8dica digital - Serveis de diagn\u00f2stic per imatge","article_modified_time":"2020-02-05T19:05:20+00:00","twitter_card":"summary_large_image","twitter_misc":{"Tiempo de lectura":"11 minutos"},"schema":{"@context":"https:\/\/schema.org","@graph":[{"@type":"WebPage","@id":"https:\/\/www.imdsd.net\/es\/politica-de-privacidad\/","url":"https:\/\/www.imdsd.net\/es\/politica-de-privacidad\/","name":"Pol\u00edtica de privacidad - Imatge m\u00e8dica digital - Serveis de diagn\u00f2stic per imatge","isPartOf":{"@id":"https:\/\/www.imdsd.net\/es\/#website"},"datePublished":"2019-06-27T17:41:21+00:00","dateModified":"2020-02-05T19:05:20+00:00","breadcrumb":{"@id":"https:\/\/www.imdsd.net\/es\/politica-de-privacidad\/#breadcrumb"},"inLanguage":"es","potentialAction":[{"@type":"ReadAction","target":["https:\/\/www.imdsd.net\/es\/politica-de-privacidad\/"]}]},{"@type":"BreadcrumbList","@id":"https:\/\/www.imdsd.net\/es\/politica-de-privacidad\/#breadcrumb","itemListElement":[{"@type":"ListItem","position":1,"name":"Inici","item":"https:\/\/www.imdsd.net\/es\/"},{"@type":"ListItem","position":2,"name":"Pol\u00edtica de privacidad"}]},{"@type":"WebSite","@id":"https:\/\/www.imdsd.net\/es\/#website","url":"https:\/\/www.imdsd.net\/es\/","name":"Imatge m\u00e8dica digital - Serveis de diagn\u00f2stic per imatge","description":"Diagn\u00f2stic per imatge i tele-radiolog\u00eda","publisher":{"@id":"https:\/\/www.imdsd.net\/es\/#organization"},"potentialAction":[{"@type":"SearchAction","target":{"@type":"EntryPoint","urlTemplate":"https:\/\/www.imdsd.net\/es\/?s={search_term_string}"},"query-input":"required name=search_term_string"}],"inLanguage":"es"},{"@type":"Organization","@id":"https:\/\/www.imdsd.net\/es\/#organization","name":"IMATGE M\u00c8DICA DIGITAL","url":"https:\/\/www.imdsd.net\/es\/","sameAs":[],"logo":{"@type":"ImageObject","inLanguage":"es","@id":"https:\/\/www.imdsd.net\/es\/#\/schema\/logo\/image\/","url":"https:\/\/www.imdsd.net\/wp-content\/uploads\/2019\/05\/logo-imagen-medica-digital-azul.png","contentUrl":"https:\/\/www.imdsd.net\/wp-content\/uploads\/2019\/05\/logo-imagen-medica-digital-azul.png","width":340,"height":255,"caption":"IMATGE M\u00c8DICA DIGITAL"},"image":{"@id":"https:\/\/www.imdsd.net\/es\/#\/schema\/logo\/image\/"}}]}},"_links":{"self":[{"href":"https:\/\/www.imdsd.net\/es\/wp-json\/wp\/v2\/pages\/798"}],"collection":[{"href":"https:\/\/www.imdsd.net\/es\/wp-json\/wp\/v2\/pages"}],"about":[{"href":"https:\/\/www.imdsd.net\/es\/wp-json\/wp\/v2\/types\/page"}],"author":[{"embeddable":true,"href":"https:\/\/www.imdsd.net\/es\/wp-json\/wp\/v2\/users\/2"}],"replies":[{"embeddable":true,"href":"https:\/\/www.imdsd.net\/es\/wp-json\/wp\/v2\/comments?post=798"}],"version-history":[{"count":2,"href":"https:\/\/www.imdsd.net\/es\/wp-json\/wp\/v2\/pages\/798\/revisions"}],"predecessor-version":[{"id":804,"href":"https:\/\/www.imdsd.net\/es\/wp-json\/wp\/v2\/pages\/798\/revisions\/804"}],"wp:attachment":[{"href":"https:\/\/www.imdsd.net\/es\/wp-json\/wp\/v2\/media?parent=798"}],"curies":[{"name":"wp","href":"https:\/\/api.w.org\/{rel}","templated":true}]}}