{"id":581,"date":"2019-06-03T16:49:10","date_gmt":"2019-06-03T14:49:10","guid":{"rendered":"https:\/\/www.imdsd.net\/?page_id=581"},"modified":"2020-01-28T12:03:37","modified_gmt":"2020-01-28T10:03:37","slug":"pedir-cita","status":"publish","type":"page","link":"https:\/\/www.imdsd.net\/es\/pedir-cita\/","title":{"rendered":"Pedir Cita"},"content":{"rendered":"<p>[vc_row css_animation=\u00bb\u00bb row_type=\u00bbrow\u00bb use_row_as_full_screen_section=\u00bbno\u00bb type=\u00bbgrid\u00bb angled_section=\u00bbno\u00bb text_align=\u00bbcenter\u00bb background_image_as_pattern=\u00bbwithout_pattern\u00bb z_index=\u00bb\u00bb][vc_column][qode_elements_holder number_of_columns=\u00bbone_column\u00bb][qode_elements_holder_item advanced_animations=\u00bbno\u00bb item_padding=\u00bb162px 0px 0px\u00bb item_padding_600_768=\u00bb60px 0px 0px\u00bb item_padding_480_600=\u00bb60px 0px 0px\u00bb item_padding_480=\u00bb60px 0px 0px\u00bb][vc_single_image image=\u00bb816&#8243; img_size=\u00bbfull\u00bb alignment=\u00bbcenter\u00bb qode_css_animation=\u00bb\u00bb][vc_empty_space height=\u00bb7px\u00bb][vc_column_text]<\/p>\n<h1>Pedir Cita<\/h1>\n<p>[\/vc_column_text][\/qode_elements_holder_item][\/qode_elements_holder][qode_elements_holder number_of_columns=\u00bbone_column\u00bb][qode_elements_holder_item advanced_animations=\u00bbno\u00bb item_padding=\u00bb17px 25% 96px\u00bb item_padding_1280_1440=\u00bb17px 25% 96px\u00bb item_padding_1024_1280=\u00bb17px 21% 96px\u00bb item_padding_768_1024=\u00bb17px 17% 96px\u00bb item_padding_600_768=\u00bb17px 0% 60px\u00bb item_padding_480_600=\u00bb17px 0% 60px\u00bb item_padding_480=\u00bb17px 0% 60px\u00bb][vc_column_text]<\/p>\n<h4>Para cualquier consulta, por favor rellene el siguiente formulario y nos pondremos en contacto con usted lo antes posible.<\/h4>\n<p>[\/vc_column_text][\/qode_elements_holder_item][\/qode_elements_holder][\/vc_column][\/vc_row][vc_row css_animation=\u00bb\u00bb row_type=\u00bbrow\u00bb use_row_as_full_screen_section=\u00bbno\u00bb type=\u00bbfull_width\u00bb angled_section=\u00bbno\u00bb text_align=\u00bbleft\u00bb background_image_as_pattern=\u00bbwithout_pattern\u00bb css=\u00bb.vc_custom_1512036544595{padding-bottom: 32px !important;}\u00bb z_index=\u00bb\u00bb][vc_column offset=\u00bbvc_col-md-6&#8243;][vc_column_text]<\/p>\n<h2>Pedir Cita<\/h2>\n<p>[\/vc_column_text][vc_empty_space height=\u00bb14px\u00bb][vc_column_text]\n<div class=\"wpcf7 no-js\" id=\"wpcf7-f580-o1\" lang=\"es-ES\" dir=\"ltr\">\n<div class=\"screen-reader-response\"><p role=\"status\" aria-live=\"polite\" aria-atomic=\"true\"><\/p> <ul><\/ul><\/div>\n<form action=\"\/es\/wp-json\/wp\/v2\/pages\/581#wpcf7-f580-o1\" method=\"post\" class=\"wpcf7-form init wpcf7-acceptance-as-validation\" aria-label=\"Formulario de contacto\" novalidate=\"novalidate\" data-status=\"init\">\n<div style=\"display: none;\">\n<input type=\"hidden\" name=\"_wpcf7\" value=\"580\" \/>\n<input type=\"hidden\" name=\"_wpcf7_version\" value=\"5.7.6\" \/>\n<input type=\"hidden\" name=\"_wpcf7_locale\" value=\"es_ES\" \/>\n<input type=\"hidden\" name=\"_wpcf7_unit_tag\" value=\"wpcf7-f580-o1\" \/>\n<input type=\"hidden\" name=\"_wpcf7_container_post\" value=\"0\" \/>\n<input type=\"hidden\" name=\"_wpcf7_posted_data_hash\" value=\"\" \/>\n<\/div>\n<p><label>Nombre (requerido)<br \/>\n<span class=\"wpcf7-form-control-wrap\" data-name=\"your-name\"><input size=\"40\" class=\"wpcf7-form-control wpcf7-text wpcf7-validates-as-required\" aria-required=\"true\" aria-invalid=\"false\" value=\"\" type=\"text\" name=\"your-name\" \/><\/span> <\/label>\n<\/p>\n<p><label>Correo electr\u00f3nico (requerido)<br \/>\n<span class=\"wpcf7-form-control-wrap\" data-name=\"your-email\"><input size=\"40\" class=\"wpcf7-form-control wpcf7-text wpcf7-email wpcf7-validates-as-required wpcf7-validates-as-email\" aria-required=\"true\" aria-invalid=\"false\" value=\"\" type=\"email\" name=\"your-email\" \/><\/span> <\/label>\n<\/p>\n<p><label>Tel\u00e9fono (requerido)<br \/>\n<span class=\"wpcf7-form-control-wrap\" data-name=\"tel-70\"><input size=\"40\" class=\"wpcf7-form-control wpcf7-text wpcf7-tel wpcf7-validates-as-required wpcf7-validates-as-tel\" aria-required=\"true\" aria-invalid=\"false\" value=\"\" type=\"tel\" name=\"tel-70\" \/><\/span> <\/label><br \/>\n<label>Seleccione centro<\/label><br \/>\n<span class=\"wpcf7-form-control-wrap\" data-name=\"centro\"><span class=\"wpcf7-form-control wpcf7-checkbox wpcf7-validates-as-required wpcf7-exclusive-checkbox\"><span class=\"wpcf7-list-item first\"><input type=\"checkbox\" name=\"centro\" value=\"IMD Sabadell \u2013 Central\" \/><span class=\"wpcf7-list-item-label\">IMD Sabadell \u2013 Central<\/span><\/span><span class=\"wpcf7-list-item\"><input type=\"checkbox\" name=\"centro\" value=\"IMD Sabadell \u2013 P\u00e0ddock\" \/><span class=\"wpcf7-list-item-label\">IMD Sabadell \u2013 P\u00e0ddock<\/span><\/span><span class=\"wpcf7-list-item last\"><input type=\"checkbox\" name=\"centro\" value=\"IMD Martorell\" \/><span class=\"wpcf7-list-item-label\">IMD Martorell<\/span><\/span><\/span><\/span>\n<\/p>\n<p><label>Seleccione Especialidad<\/label><br \/>\n<span class=\"wpcf7-form-control-wrap\" data-name=\"especialidad\"><select class=\"wpcf7-form-control wpcf7-select wpcf7-validates-as-required\" aria-required=\"true\" aria-invalid=\"false\" name=\"especialidad\"><option value=\"\">&#8212;Por favor, elige una opci\u00f3n&#8212;<\/option><option value=\"Resonancia magn\u00e9tica alto campo\">Resonancia magn\u00e9tica alto campo<\/option><option value=\"Resonancia Magn\u00e9tica Abierta\">Resonancia Magn\u00e9tica Abierta<\/option><option value=\"TAC\">TAC<\/option><option value=\"Mamograf\u00eda\">Mamograf\u00eda<\/option><option value=\"Radiograf\u00eda Convencional\">Radiograf\u00eda Convencional<\/option><option value=\"Ecograf\u00eda\">Ecograf\u00eda<\/option><option value=\"Ortopantomograf\u00eda\">Ortopantomograf\u00eda<\/option><option value=\"Tac Dental\">Tac Dental<\/option><\/select><\/span>\n<\/p>\n<p><label> Tu mensaje<br \/>\n<span class=\"wpcf7-form-control-wrap\" data-name=\"your-message\"><textarea cols=\"40\" rows=\"10\" class=\"wpcf7-form-control wpcf7-textarea\" aria-invalid=\"false\" name=\"your-message\"><\/textarea><\/span> <\/label>\n<\/p>\n<p><label>He le\u00eddo la <a href=\"https:\/\/www.imdsd.net\/es\/politica-de-privacidad\/\" target=\"blank\">pol\u00edtica de privacidad<\/a> <span class=\"wpcf7-form-control-wrap\" data-name=\"acceptance-377\"><span class=\"wpcf7-form-control wpcf7-acceptance\"><span class=\"wpcf7-list-item\"><input type=\"checkbox\" name=\"acceptance-377\" value=\"1\" aria-invalid=\"false\" \/><\/span><\/span><\/span><\/label><br \/>\n[anr_nocaptcha g-recaptcha-response]\n<\/p>\n<p><input class=\"wpcf7-form-control has-spinner wpcf7-submit\" type=\"submit\" value=\"Enviar\" \/>\n<\/p><div class=\"wpcf7-response-output\" aria-hidden=\"true\"><\/div>\n<\/form>\n<\/div>\n[\/vc_column_text][vc_column_text css=\u00bb.vc_custom_1561712083495{padding-top: 40px !important;}\u00bb]De acuerdo con lo establecido en la Ley vigente de Protecci\u00f3n de Datos Personales le informamos que sus datos ser\u00e1n incorporados a nuestros ficheros automatizados, con el fin de remitirle informaci\u00f3n sobre nuestros servicios, as\u00ed como ofertas y promociones y poder contactar con Vd. si fuera necesario. En ning\u00fan caso ser\u00e1n cedidos a terceros y Vd. podr\u00e1 ejercitar sus derechos de acceso, rectificaci\u00f3n, cancelaci\u00f3n y oposici\u00f3n al tratamiento de sus datos comunic\u00e1ndolo por e-mail a nuestra direcci\u00f3n: info@imdsd.es[\/vc_column_text][vc_empty_space height=\u00bb57px\u00bb][\/vc_column][vc_column css=\u00bb.vc_custom_1559572535966{margin-top: -14px !important;padding-left: 80px !important;}\u00bb offset=\u00bbvc_col-md-6&#8243;][vc_empty_space height=\u00bb57px\u00bb][vc_column_text]<\/p>\n<p><strong>IMD Sabadell \u2013 Central<\/strong><\/p>\n<p><i class=\"qode_icon_font_awesome fa fa-map-marker\"><\/i> <strong>C\/ Illa, 52\u00a0<\/strong><\/p>\n<p><i class=\"qode_icon_font_awesome fa fa-phone simple_social\"><\/i> <strong>Tel\u00e9fono<\/strong> 93 748 48 85<\/p>\n<p><i class=\"qode_icon_font_awesome fa fa-at simple_social\"><\/i> <strong>Correo electr\u00f3nico<\/strong> info@imdsd.es<\/p>\n<p>[\/vc_column_text][vc_empty_space height=\u00bb57px\u00bb][vc_column_text]<\/p>\n<p><strong>IMD Sabadell \u2013 P\u00e0ddock<\/strong><\/p>\n<p><i class=\"qode_icon_font_awesome fa fa-map-marker\"><\/i> <strong>Avda Francesc Maci\u00e0 44\u00a0 6\u00ba Planta<\/strong><\/p>\n<p><i class=\"qode_icon_font_awesome fa fa-phone simple_social\"><\/i> <strong>Tel\u00e9fono<\/strong> 93 748 48 85<\/p>\n<p><i class=\"qode_icon_font_awesome fa fa-at simple_social\"><\/i> <strong>Correo electr\u00f3nico<\/strong> policlinic@imdsd.es<\/p>\n<p>[\/vc_column_text][vc_empty_space height=\u00bb57px\u00bb][vc_column_text]<strong>IMD Martorell<\/strong><\/p>\n<p><i class=\"qode_icon_font_awesome fa fa-map-marker\"><\/i> <strong>Avda Francesc Riera cantonada Josep Tarradellas<\/strong><\/p>\n<p><i class=\"qode_icon_font_awesome fa fa-phone simple_social\"><\/i> <strong>Tel\u00e9fono<\/strong> 93 773 57 10[\/vc_column_text][vc_empty_space height=\u00bb57px\u00bb][\/vc_column][\/vc_row]<\/p>\n","protected":false},"excerpt":{"rendered":"<p>[vc_row css_animation=\u00bb\u00bb row_type=\u00bbrow\u00bb use_row_as_full_screen_section=\u00bbno\u00bb type=\u00bbgrid\u00bb angled_section=\u00bbno\u00bb text_align=\u00bbcenter\u00bb background_image_as_pattern=\u00bbwithout_pattern\u00bb z_index=\u00bb\u00bb][vc_column][qode_elements_holder number_of_columns=\u00bbone_column\u00bb][qode_elements_holder_item advanced_animations=\u00bbno\u00bb item_padding=\u00bb162px 0px 0px\u00bb item_padding_600_768=\u00bb60px 0px 0px\u00bb item_padding_480_600=\u00bb60px 0px 0px\u00bb item_padding_480=\u00bb60px 0px 0px\u00bb][vc_single_image image=\u00bb816&#8243; img_size=\u00bbfull\u00bb alignment=\u00bbcenter\u00bb qode_css_animation=\u00bb\u00bb][vc_empty_space height=\u00bb7px\u00bb][vc_column_text] Pedir Cita [\/vc_column_text][\/qode_elements_holder_item][\/qode_elements_holder][qode_elements_holder number_of_columns=\u00bbone_column\u00bb][qode_elements_holder_item advanced_animations=\u00bbno\u00bb item_padding=\u00bb17px 25% 96px\u00bb item_padding_1280_1440=\u00bb17px 25% 96px\u00bb item_padding_1024_1280=\u00bb17px 21% 96px\u00bb item_padding_768_1024=\u00bb17px 17% 96px\u00bb&#8230;<\/p>\n","protected":false},"author":2,"featured_media":0,"parent":0,"menu_order":6,"comment_status":"closed","ping_status":"closed","template":"","meta":[],"yoast_head":"<!-- This site is optimized with the Yoast SEO plugin v19.7.1 - https:\/\/yoast.com\/wordpress\/plugins\/seo\/ -->\n<title>Pedir Cita - Imatge m\u00e8dica digital - Serveis de diagn\u00f2stic per imatge<\/title>\n<meta name=\"robots\" content=\"index, follow, max-snippet:-1, max-image-preview:large, max-video-preview:-1\" \/>\n<link rel=\"canonical\" href=\"https:\/\/www.imdsd.net\/es\/pedir-cita\/\" \/>\n<meta property=\"og:locale\" content=\"es_ES\" \/>\n<meta property=\"og:type\" content=\"article\" \/>\n<meta property=\"og:title\" content=\"Pedir Cita - Imatge m\u00e8dica digital - Serveis de diagn\u00f2stic per imatge\" \/>\n<meta property=\"og:description\" content=\"[vc_row css_animation=\u00bb\u00bb row_type=\u00bbrow\u00bb use_row_as_full_screen_section=\u00bbno\u00bb type=\u00bbgrid\u00bb angled_section=\u00bbno\u00bb text_align=\u00bbcenter\u00bb background_image_as_pattern=\u00bbwithout_pattern\u00bb z_index=\u00bb\u00bb][vc_column][qode_elements_holder number_of_columns=\u00bbone_column\u00bb][qode_elements_holder_item advanced_animations=\u00bbno\u00bb item_padding=\u00bb162px 0px 0px\u00bb item_padding_600_768=\u00bb60px 0px 0px\u00bb item_padding_480_600=\u00bb60px 0px 0px\u00bb item_padding_480=\u00bb60px 0px 0px\u00bb][vc_single_image image=\u00bb816&#8243; img_size=\u00bbfull\u00bb alignment=\u00bbcenter\u00bb qode_css_animation=\u00bb\u00bb][vc_empty_space height=\u00bb7px\u00bb][vc_column_text] Pedir Cita [\/vc_column_text][\/qode_elements_holder_item][\/qode_elements_holder][qode_elements_holder number_of_columns=\u00bbone_column\u00bb][qode_elements_holder_item advanced_animations=\u00bbno\u00bb item_padding=\u00bb17px 25% 96px\u00bb item_padding_1280_1440=\u00bb17px 25% 96px\u00bb item_padding_1024_1280=\u00bb17px 21% 96px\u00bb item_padding_768_1024=\u00bb17px 17% 96px\u00bb...\" \/>\n<meta property=\"og:url\" content=\"https:\/\/www.imdsd.net\/es\/pedir-cita\/\" \/>\n<meta property=\"og:site_name\" content=\"Imatge m\u00e8dica digital - Serveis de diagn\u00f2stic per imatge\" \/>\n<meta property=\"article:modified_time\" content=\"2020-01-28T10:03:37+00:00\" \/>\n<meta name=\"twitter:card\" content=\"summary_large_image\" \/>\n<meta name=\"twitter:label1\" content=\"Tiempo de lectura\" \/>\n\t<meta name=\"twitter:data1\" content=\"2 minutos\" \/>\n<script type=\"application\/ld+json\" class=\"yoast-schema-graph\">{\"@context\":\"https:\/\/schema.org\",\"@graph\":[{\"@type\":\"WebPage\",\"@id\":\"https:\/\/www.imdsd.net\/es\/pedir-cita\/\",\"url\":\"https:\/\/www.imdsd.net\/es\/pedir-cita\/\",\"name\":\"Pedir Cita - Imatge m\u00e8dica digital - Serveis de diagn\u00f2stic per imatge\",\"isPartOf\":{\"@id\":\"https:\/\/www.imdsd.net\/es\/#website\"},\"datePublished\":\"2019-06-03T14:49:10+00:00\",\"dateModified\":\"2020-01-28T10:03:37+00:00\",\"breadcrumb\":{\"@id\":\"https:\/\/www.imdsd.net\/es\/pedir-cita\/#breadcrumb\"},\"inLanguage\":\"es\",\"potentialAction\":[{\"@type\":\"ReadAction\",\"target\":[\"https:\/\/www.imdsd.net\/es\/pedir-cita\/\"]}]},{\"@type\":\"BreadcrumbList\",\"@id\":\"https:\/\/www.imdsd.net\/es\/pedir-cita\/#breadcrumb\",\"itemListElement\":[{\"@type\":\"ListItem\",\"position\":1,\"name\":\"Inici\",\"item\":\"https:\/\/www.imdsd.net\/es\/\"},{\"@type\":\"ListItem\",\"position\":2,\"name\":\"Pedir Cita\"}]},{\"@type\":\"WebSite\",\"@id\":\"https:\/\/www.imdsd.net\/es\/#website\",\"url\":\"https:\/\/www.imdsd.net\/es\/\",\"name\":\"Imatge m\u00e8dica digital - Serveis de diagn\u00f2stic per imatge\",\"description\":\"Diagn\u00f2stic per imatge i tele-radiolog\u00eda\",\"publisher\":{\"@id\":\"https:\/\/www.imdsd.net\/es\/#organization\"},\"potentialAction\":[{\"@type\":\"SearchAction\",\"target\":{\"@type\":\"EntryPoint\",\"urlTemplate\":\"https:\/\/www.imdsd.net\/es\/?s={search_term_string}\"},\"query-input\":\"required name=search_term_string\"}],\"inLanguage\":\"es\"},{\"@type\":\"Organization\",\"@id\":\"https:\/\/www.imdsd.net\/es\/#organization\",\"name\":\"IMATGE M\u00c8DICA DIGITAL\",\"url\":\"https:\/\/www.imdsd.net\/es\/\",\"sameAs\":[],\"logo\":{\"@type\":\"ImageObject\",\"inLanguage\":\"es\",\"@id\":\"https:\/\/www.imdsd.net\/es\/#\/schema\/logo\/image\/\",\"url\":\"https:\/\/www.imdsd.net\/wp-content\/uploads\/2019\/05\/logo-imagen-medica-digital-azul.png\",\"contentUrl\":\"https:\/\/www.imdsd.net\/wp-content\/uploads\/2019\/05\/logo-imagen-medica-digital-azul.png\",\"width\":340,\"height\":255,\"caption\":\"IMATGE M\u00c8DICA DIGITAL\"},\"image\":{\"@id\":\"https:\/\/www.imdsd.net\/es\/#\/schema\/logo\/image\/\"}}]}<\/script>\n<!-- \/ Yoast SEO plugin. -->","yoast_head_json":{"title":"Pedir Cita - Imatge m\u00e8dica digital - Serveis de diagn\u00f2stic per imatge","robots":{"index":"index","follow":"follow","max-snippet":"max-snippet:-1","max-image-preview":"max-image-preview:large","max-video-preview":"max-video-preview:-1"},"canonical":"https:\/\/www.imdsd.net\/es\/pedir-cita\/","og_locale":"es_ES","og_type":"article","og_title":"Pedir Cita - Imatge m\u00e8dica digital - Serveis de diagn\u00f2stic per imatge","og_description":"[vc_row css_animation=\u00bb\u00bb row_type=\u00bbrow\u00bb use_row_as_full_screen_section=\u00bbno\u00bb type=\u00bbgrid\u00bb angled_section=\u00bbno\u00bb text_align=\u00bbcenter\u00bb background_image_as_pattern=\u00bbwithout_pattern\u00bb z_index=\u00bb\u00bb][vc_column][qode_elements_holder number_of_columns=\u00bbone_column\u00bb][qode_elements_holder_item advanced_animations=\u00bbno\u00bb item_padding=\u00bb162px 0px 0px\u00bb item_padding_600_768=\u00bb60px 0px 0px\u00bb item_padding_480_600=\u00bb60px 0px 0px\u00bb item_padding_480=\u00bb60px 0px 0px\u00bb][vc_single_image image=\u00bb816&#8243; img_size=\u00bbfull\u00bb alignment=\u00bbcenter\u00bb qode_css_animation=\u00bb\u00bb][vc_empty_space height=\u00bb7px\u00bb][vc_column_text] Pedir Cita [\/vc_column_text][\/qode_elements_holder_item][\/qode_elements_holder][qode_elements_holder number_of_columns=\u00bbone_column\u00bb][qode_elements_holder_item advanced_animations=\u00bbno\u00bb item_padding=\u00bb17px 25% 96px\u00bb item_padding_1280_1440=\u00bb17px 25% 96px\u00bb item_padding_1024_1280=\u00bb17px 21% 96px\u00bb item_padding_768_1024=\u00bb17px 17% 96px\u00bb...","og_url":"https:\/\/www.imdsd.net\/es\/pedir-cita\/","og_site_name":"Imatge m\u00e8dica digital - Serveis de diagn\u00f2stic per imatge","article_modified_time":"2020-01-28T10:03:37+00:00","twitter_card":"summary_large_image","twitter_misc":{"Tiempo de lectura":"2 minutos"},"schema":{"@context":"https:\/\/schema.org","@graph":[{"@type":"WebPage","@id":"https:\/\/www.imdsd.net\/es\/pedir-cita\/","url":"https:\/\/www.imdsd.net\/es\/pedir-cita\/","name":"Pedir Cita - Imatge m\u00e8dica digital - Serveis de diagn\u00f2stic per imatge","isPartOf":{"@id":"https:\/\/www.imdsd.net\/es\/#website"},"datePublished":"2019-06-03T14:49:10+00:00","dateModified":"2020-01-28T10:03:37+00:00","breadcrumb":{"@id":"https:\/\/www.imdsd.net\/es\/pedir-cita\/#breadcrumb"},"inLanguage":"es","potentialAction":[{"@type":"ReadAction","target":["https:\/\/www.imdsd.net\/es\/pedir-cita\/"]}]},{"@type":"BreadcrumbList","@id":"https:\/\/www.imdsd.net\/es\/pedir-cita\/#breadcrumb","itemListElement":[{"@type":"ListItem","position":1,"name":"Inici","item":"https:\/\/www.imdsd.net\/es\/"},{"@type":"ListItem","position":2,"name":"Pedir Cita"}]},{"@type":"WebSite","@id":"https:\/\/www.imdsd.net\/es\/#website","url":"https:\/\/www.imdsd.net\/es\/","name":"Imatge m\u00e8dica digital - Serveis de diagn\u00f2stic per imatge","description":"Diagn\u00f2stic per imatge i tele-radiolog\u00eda","publisher":{"@id":"https:\/\/www.imdsd.net\/es\/#organization"},"potentialAction":[{"@type":"SearchAction","target":{"@type":"EntryPoint","urlTemplate":"https:\/\/www.imdsd.net\/es\/?s={search_term_string}"},"query-input":"required name=search_term_string"}],"inLanguage":"es"},{"@type":"Organization","@id":"https:\/\/www.imdsd.net\/es\/#organization","name":"IMATGE M\u00c8DICA DIGITAL","url":"https:\/\/www.imdsd.net\/es\/","sameAs":[],"logo":{"@type":"ImageObject","inLanguage":"es","@id":"https:\/\/www.imdsd.net\/es\/#\/schema\/logo\/image\/","url":"https:\/\/www.imdsd.net\/wp-content\/uploads\/2019\/05\/logo-imagen-medica-digital-azul.png","contentUrl":"https:\/\/www.imdsd.net\/wp-content\/uploads\/2019\/05\/logo-imagen-medica-digital-azul.png","width":340,"height":255,"caption":"IMATGE M\u00c8DICA DIGITAL"},"image":{"@id":"https:\/\/www.imdsd.net\/es\/#\/schema\/logo\/image\/"}}]}},"_links":{"self":[{"href":"https:\/\/www.imdsd.net\/es\/wp-json\/wp\/v2\/pages\/581"}],"collection":[{"href":"https:\/\/www.imdsd.net\/es\/wp-json\/wp\/v2\/pages"}],"about":[{"href":"https:\/\/www.imdsd.net\/es\/wp-json\/wp\/v2\/types\/page"}],"author":[{"embeddable":true,"href":"https:\/\/www.imdsd.net\/es\/wp-json\/wp\/v2\/users\/2"}],"replies":[{"embeddable":true,"href":"https:\/\/www.imdsd.net\/es\/wp-json\/wp\/v2\/comments?post=581"}],"version-history":[{"count":4,"href":"https:\/\/www.imdsd.net\/es\/wp-json\/wp\/v2\/pages\/581\/revisions"}],"predecessor-version":[{"id":929,"href":"https:\/\/www.imdsd.net\/es\/wp-json\/wp\/v2\/pages\/581\/revisions\/929"}],"wp:attachment":[{"href":"https:\/\/www.imdsd.net\/es\/wp-json\/wp\/v2\/media?parent=581"}],"curies":[{"name":"wp","href":"https:\/\/api.w.org\/{rel}","templated":true}]}}