{"id":517,"date":"2019-06-03T08:18:57","date_gmt":"2019-06-03T06:18:57","guid":{"rendered":"https:\/\/www.imdsd.net\/?page_id=517"},"modified":"2025-03-23T11:14:15","modified_gmt":"2025-03-23T09:14:15","slug":"resonancia-magnetica-de-alto-campo-3-tesla","status":"publish","type":"page","link":"https:\/\/www.imdsd.net\/es\/especialidades\/resonancia-magnetica\/resonancia-magnetica-de-alto-campo-3-tesla\/","title":{"rendered":"Resonancia magn\u00e9tica de alto campo &#8211; 3 Tesla"},"content":{"rendered":"<p>[vc_row css_animation=\u00bb\u00bb row_type=\u00bbrow\u00bb use_row_as_full_screen_section=\u00bbno\u00bb type=\u00bbgrid\u00bb angled_section=\u00bbno\u00bb text_align=\u00bbcenter\u00bb background_image_as_pattern=\u00bbwithout_pattern\u00bb z_index=\u00bb\u00bb][vc_column][qode_elements_holder number_of_columns=\u00bbone_column\u00bb][qode_elements_holder_item advanced_animations=\u00bbno\u00bb item_padding=\u00bb188px 0px 0px\u00bb item_padding_600_768=\u00bb60px 0px 0px\u00bb item_padding_480_600=\u00bb60px 0px 0px\u00bb item_padding_480=\u00bb60px 0px 0px\u00bb][vc_single_image image=\u00bb816&#8243; img_size=\u00bbfull\u00bb alignment=\u00bbcenter\u00bb qode_css_animation=\u00bb\u00bb][vc_empty_space height=\u00bb7px\u00bb][vc_column_text]<\/p>\n<h1>Resonancia magn\u00e9tica de alto campo &#8211; 3 Tesla<\/h1>\n<p>[\/vc_column_text][vc_column_text]<\/p>\n<h2 class=\"subtitol\">\u00daltima tecnolog\u00eda y un gran di\u00e1metro para mayor confort<\/h2>\n<p>[\/vc_column_text][\/qode_elements_holder_item][\/qode_elements_holder][\/vc_column][\/vc_row][vc_row css_animation=\u00bb\u00bb row_type=\u00bbrow\u00bb use_row_as_full_screen_section=\u00bbno\u00bb type=\u00bbgrid\u00bb angled_section=\u00bbno\u00bb text_align=\u00bbcenter\u00bb background_image_as_pattern=\u00bbwithout_pattern\u00bb z_index=\u00bb\u00bb][vc_column width=\u00bb2\/3&#8243;][qode_elements_holder number_of_columns=\u00bbone_column\u00bb][qode_elements_holder_item horizontal_alignment=\u00bbleft\u00bb advanced_animations=\u00bbno\u00bb item_padding=\u00bb10px 0px 0px\u00bb item_padding_600_768=\u00bb60px 0px 0px\u00bb item_padding_480_600=\u00bb60px 0px 0px\u00bb item_padding_480=\u00bb60px 0px 0px\u00bb][vc_empty_space height=\u00bb7px\u00bb][vc_column_text]En IMD contamos con equipos de m\u00e1xima calidad y tecnolog\u00eda. La Resonancia Magn\u00e9tica de Alto Campo es un equipo en el que se realizan estudios avanzados. El aparato tiene forma de t\u00fanel con una mesa o cama que es donde el paciente debe permanecer tumbado durante la prueba.<\/p>\n<p>&nbsp;<\/p>\n<p>Nuestro equipo de resonancia de alto campo &#8211; 3 Tesla cuenta con un di\u00e1metro suficiente para que el paciente no sufra ninguna angustia ni claustrofobia. Es el di\u00e1metro de resonancia mayor que se fabrica.[\/vc_column_text]<div class=\"qode-simple-quote-holder qode-simple-quote-enabled-shadow\">\n\t<div class=\"qode-simple-quote-triangle-shadow\">\n\t\t\n\t<\/div>\n\t<div class=\"qode-simple-quote-triangle\" >\n\t\t\n\t<\/div>\n\t<div class=\"qode-simple-quote-holder-inner\" >\n\t\t<div class=\"qode-simple-quote-icon-holder\" \">\n\t\t\t<svg x=\"0px\" y=\"0px\" width=\"118px\" height=\"97px\" viewBox=\"0 0 118 97\" enable-background=\"new 0 0 118 97\" xml:space=\"preserve\">\n\t\t\t\t<g>\n\t\t\t\t\t<path d=\"M31.1,73.998c5.688-7.111,8.535-14.316,8.535-21.617c0-3.09-0.371-5.751-1.113-7.978c-4.332,3.34-9.031,5.009-14.102,5.009\n\t\t\t\t\t\tc-6.929,0-12.71-2.194-17.349-6.586c-4.639-4.389-6.958-10.298-6.958-17.72c0-6.926,2.348-12.71,7.051-17.349\n\t\t\t\t\t\tc4.7-4.639,10.452-6.958,17.256-6.958c9.77,0,17.256,4.021,22.451,12.061c4.329,6.68,6.494,15.029,6.494,25.049\n\t\t\t\t\t\tc0,12.742-3.247,24.154-9.741,34.234C37.13,82.227,27.325,90.357,14.215,96.541l-3.525-6.865\n\t\t\t\t\t\tC18.604,86.336,25.409,81.113,31.1,73.998z M95.67,73.998c5.688-7.111,8.535-14.316,8.535-21.617c0-3.09-0.371-5.751-1.113-7.978\n\t\t\t\t\t\tc-4.206,3.34-8.906,5.009-14.102,5.009c-6.804,0-12.556-2.194-17.256-6.586c-4.702-4.389-7.051-10.298-7.051-17.72\n\t\t\t\t\t\tc0-4.575,1.113-8.721,3.34-12.432s5.195-6.616,8.906-8.721c3.711-2.102,7.729-3.154,12.061-3.154\n\t\t\t\t\t\tc9.771,0,17.256,4.021,22.451,12.061c4.329,6.68,6.494,15.029,6.494,25.049c0,12.742-3.247,24.154-9.741,34.234\n\t\t\t\t\t\tC101.7,82.227,91.896,90.357,78.785,96.541l-3.525-6.865C83.175,86.336,89.979,81.113,95.67,73.998z\"\/>\n\t\t\t\t<\/g>\n\t\t\t<\/svg>\n\t\t<\/div>\n\t\t<div class=\"qode-simple-quote-content-holder\">\n\t\t\t<div class=\"qode-simple-quote-content-holder-inner\">\n\t\t\t\t<div class=\"qode-simple-quote-text-holder\" >\n\t\t\t\t\t<p class=\"qode-simple-quote-text-title\"> Un di\u00e1metro suficiente para que el paciente no sufra ninguna angustia ni claustrofobia.  <\/p>\n\t\t\t\t<\/div>\n\t\t\t\t<div class=\"qode-simple-quote-author-holder\">\n\t\t\t\t\t<p class=\"qode-simple-quote-author-title\">   <\/p>\n\t\t\t\t<\/div>\n\t\t\t<\/div>\n\t\t<\/div>\n\t<\/div>\n<\/div>[vc_column_text]Nuestro equipo de resonancia de alto campo cuenta con un di\u00e1metro suficiente para que el paciente no sufra ninguna angustia ni claustrofobia. Es el di\u00e1metro de resonancia mayor que se fabrica.<\/p>\n<p>&nbsp;<\/p>\n<p>Adem\u00e1s, existe comunicaci\u00f3n por ambos extremos del tubo con el exterior de la sala y nuestro personal mantendr\u00e1 comunicaci\u00f3n visual y auditiva permanente.<\/p>\n<p>&nbsp;<\/p>\n<p>La exploraci\u00f3n puede durar entre 15 y 25 minutos. Durante este rato el paciente siente el ruido que genera el pulso de gradientes del campo magn\u00e9tico. Aunque el equipo del que disponemos es el <strong>m\u00e1s silencioso<\/strong> del mercado, para evitar las posibles molestias que genera este ruido se le proporciona al paciente protecci\u00f3n para los o\u00eddos, incluso se le puede proporcionar unos auriculares y escuchar m\u00fasica si lo precisa.[\/vc_column_text][\/qode_elements_holder_item][\/qode_elements_holder][\/vc_column][vc_column width=\u00bb1\/3&#8243; css=\u00bb.vc_custom_1559542992834{padding-top: 80px !important;}\u00bb][vc_single_image image=\u00bb519&#8243; img_size=\u00bbfull\u00bb qode_css_animation=\u00bb\u00bb][\/vc_column][\/vc_row][vc_row css_animation=\u00bb\u00bb row_type=\u00bbrow\u00bb use_row_as_full_screen_section=\u00bbno\u00bb type=\u00bbfull_width\u00bb angled_section=\u00bbno\u00bb text_align=\u00bbleft\u00bb background_image_as_pattern=\u00bbwithout_pattern\u00bb z_index=\u00bb\u00bb][vc_column width=\u00bb5\/6&#8243;][vc_empty_space][vc_single_image image=\u00bb522&#8243; img_size=\u00bbfull\u00bb qode_css_animation=\u00bb\u00bb][\/vc_column][vc_column width=\u00bb1\/6&#8243;][vc_empty_space height=\u00bb180px\u00bb][vc_column_text]<\/p>\n<p class=\"qode-simple-quote-text-title\">Equipo de resonancia de alto campo de 3 Tesla<\/p>\n<p>[\/vc_column_text][\/vc_column][\/vc_row][vc_row css_animation=\u00bb\u00bb row_type=\u00bbrow\u00bb use_row_as_full_screen_section=\u00bbno\u00bb type=\u00bbfull_width\u00bb angled_section=\u00bbno\u00bb text_align=\u00bbleft\u00bb background_image_as_pattern=\u00bbwithout_pattern\u00bb][vc_column][vc_empty_space height=\u00bb80px\u00bb][\/vc_column][\/vc_row]<\/p>\n","protected":false},"excerpt":{"rendered":"<p>[vc_row css_animation=\u00bb\u00bb row_type=\u00bbrow\u00bb use_row_as_full_screen_section=\u00bbno\u00bb type=\u00bbgrid\u00bb angled_section=\u00bbno\u00bb text_align=\u00bbcenter\u00bb background_image_as_pattern=\u00bbwithout_pattern\u00bb z_index=\u00bb\u00bb][vc_column][qode_elements_holder number_of_columns=\u00bbone_column\u00bb][qode_elements_holder_item advanced_animations=\u00bbno\u00bb item_padding=\u00bb188px 0px 0px\u00bb item_padding_600_768=\u00bb60px 0px 0px\u00bb item_padding_480_600=\u00bb60px 0px 0px\u00bb item_padding_480=\u00bb60px 0px 0px\u00bb][vc_single_image image=\u00bb816&#8243; img_size=\u00bbfull\u00bb alignment=\u00bbcenter\u00bb qode_css_animation=\u00bb\u00bb][vc_empty_space height=\u00bb7px\u00bb][vc_column_text] Resonancia magn\u00e9tica de alto campo &#8211; 3 Tesla [\/vc_column_text][vc_column_text] \u00daltima tecnolog\u00eda y un gran di\u00e1metro para mayor&#8230;<\/p>\n","protected":false},"author":2,"featured_media":0,"parent":464,"menu_order":1,"comment_status":"closed","ping_status":"closed","template":"","meta":[],"yoast_head":"<!-- This site is optimized with the Yoast SEO plugin v19.7.1 - https:\/\/yoast.com\/wordpress\/plugins\/seo\/ -->\n<title>Resonancia magn\u00e9tica de alto campo - 3 Tesla en Sabadell<\/title>\n<meta name=\"description\" content=\"Resonancia magn\u00e9tica de alto campo - 3 Tesla, Especialistas en t\u00e9cnicas de resonancia con la tecnolog\u00eda de mayor di\u00e1metro y anti ansiedad.\" \/>\n<meta name=\"robots\" content=\"index, follow, max-snippet:-1, max-image-preview:large, max-video-preview:-1\" \/>\n<link rel=\"canonical\" href=\"https:\/\/www.imdsd.net\/es\/especialidades\/resonancia-magnetica\/resonancia-magnetica-de-alto-campo-3-tesla\/\" \/>\n<meta property=\"og:locale\" content=\"es_ES\" \/>\n<meta property=\"og:type\" content=\"article\" \/>\n<meta property=\"og:title\" content=\"Resonancia magn\u00e9tica de alto campo - 3 Tesla en Sabadell\" \/>\n<meta property=\"og:description\" content=\"Resonancia magn\u00e9tica de alto campo - 3 Tesla, Especialistas en t\u00e9cnicas de resonancia con la tecnolog\u00eda de mayor di\u00e1metro y anti ansiedad.\" \/>\n<meta property=\"og:url\" content=\"https:\/\/www.imdsd.net\/es\/especialidades\/resonancia-magnetica\/resonancia-magnetica-de-alto-campo-3-tesla\/\" \/>\n<meta property=\"og:site_name\" content=\"Imatge m\u00e8dica digital - Serveis de diagn\u00f2stic per imatge\" \/>\n<meta property=\"article:modified_time\" content=\"2025-03-23T09:14:15+00:00\" \/>\n<meta name=\"twitter:card\" content=\"summary_large_image\" \/>\n<meta name=\"twitter:label1\" content=\"Tiempo de lectura\" \/>\n\t<meta name=\"twitter:data1\" content=\"2 minutos\" \/>\n<script type=\"application\/ld+json\" class=\"yoast-schema-graph\">{\"@context\":\"https:\/\/schema.org\",\"@graph\":[{\"@type\":\"WebPage\",\"@id\":\"https:\/\/www.imdsd.net\/es\/especialidades\/resonancia-magnetica\/resonancia-magnetica-de-alto-campo-3-tesla\/\",\"url\":\"https:\/\/www.imdsd.net\/es\/especialidades\/resonancia-magnetica\/resonancia-magnetica-de-alto-campo-3-tesla\/\",\"name\":\"Resonancia magn\u00e9tica de alto campo - 3 Tesla en Sabadell\",\"isPartOf\":{\"@id\":\"https:\/\/www.imdsd.net\/es\/#website\"},\"datePublished\":\"2019-06-03T06:18:57+00:00\",\"dateModified\":\"2025-03-23T09:14:15+00:00\",\"description\":\"Resonancia magn\u00e9tica de alto campo - 3 Tesla, Especialistas en t\u00e9cnicas de resonancia con la tecnolog\u00eda de mayor di\u00e1metro y anti ansiedad.\",\"breadcrumb\":{\"@id\":\"https:\/\/www.imdsd.net\/es\/especialidades\/resonancia-magnetica\/resonancia-magnetica-de-alto-campo-3-tesla\/#breadcrumb\"},\"inLanguage\":\"es\",\"potentialAction\":[{\"@type\":\"ReadAction\",\"target\":[\"https:\/\/www.imdsd.net\/es\/especialidades\/resonancia-magnetica\/resonancia-magnetica-de-alto-campo-3-tesla\/\"]}]},{\"@type\":\"BreadcrumbList\",\"@id\":\"https:\/\/www.imdsd.net\/es\/especialidades\/resonancia-magnetica\/resonancia-magnetica-de-alto-campo-3-tesla\/#breadcrumb\",\"itemListElement\":[{\"@type\":\"ListItem\",\"position\":1,\"name\":\"Inici\",\"item\":\"https:\/\/www.imdsd.net\/es\/\"},{\"@type\":\"ListItem\",\"position\":2,\"name\":\"Especialidades\",\"item\":\"https:\/\/www.imdsd.net\/es\/especialidades\/\"},{\"@type\":\"ListItem\",\"position\":3,\"name\":\"Resonancia Magn\u00e9tica\",\"item\":\"https:\/\/www.imdsd.net\/es\/especialidades\/resonancia-magnetica\/\"},{\"@type\":\"ListItem\",\"position\":4,\"name\":\"Resonancia magn\u00e9tica de alto campo &#8211; 3 Tesla\"}]},{\"@type\":\"WebSite\",\"@id\":\"https:\/\/www.imdsd.net\/es\/#website\",\"url\":\"https:\/\/www.imdsd.net\/es\/\",\"name\":\"Imatge m\u00e8dica digital - Serveis de diagn\u00f2stic per imatge\",\"description\":\"Diagn\u00f2stic per imatge i tele-radiolog\u00eda\",\"publisher\":{\"@id\":\"https:\/\/www.imdsd.net\/es\/#organization\"},\"potentialAction\":[{\"@type\":\"SearchAction\",\"target\":{\"@type\":\"EntryPoint\",\"urlTemplate\":\"https:\/\/www.imdsd.net\/es\/?s={search_term_string}\"},\"query-input\":\"required name=search_term_string\"}],\"inLanguage\":\"es\"},{\"@type\":\"Organization\",\"@id\":\"https:\/\/www.imdsd.net\/es\/#organization\",\"name\":\"IMATGE M\u00c8DICA DIGITAL\",\"url\":\"https:\/\/www.imdsd.net\/es\/\",\"sameAs\":[],\"logo\":{\"@type\":\"ImageObject\",\"inLanguage\":\"es\",\"@id\":\"https:\/\/www.imdsd.net\/es\/#\/schema\/logo\/image\/\",\"url\":\"https:\/\/www.imdsd.net\/wp-content\/uploads\/2019\/05\/logo-imagen-medica-digital-azul.png\",\"contentUrl\":\"https:\/\/www.imdsd.net\/wp-content\/uploads\/2019\/05\/logo-imagen-medica-digital-azul.png\",\"width\":340,\"height\":255,\"caption\":\"IMATGE M\u00c8DICA DIGITAL\"},\"image\":{\"@id\":\"https:\/\/www.imdsd.net\/es\/#\/schema\/logo\/image\/\"}}]}<\/script>\n<!-- \/ Yoast SEO plugin. -->","yoast_head_json":{"title":"Resonancia magn\u00e9tica de alto campo - 3 Tesla en Sabadell","description":"Resonancia magn\u00e9tica de alto campo - 3 Tesla, Especialistas en t\u00e9cnicas de resonancia con la tecnolog\u00eda de mayor di\u00e1metro y anti ansiedad.","robots":{"index":"index","follow":"follow","max-snippet":"max-snippet:-1","max-image-preview":"max-image-preview:large","max-video-preview":"max-video-preview:-1"},"canonical":"https:\/\/www.imdsd.net\/es\/especialidades\/resonancia-magnetica\/resonancia-magnetica-de-alto-campo-3-tesla\/","og_locale":"es_ES","og_type":"article","og_title":"Resonancia magn\u00e9tica de alto campo - 3 Tesla en Sabadell","og_description":"Resonancia magn\u00e9tica de alto campo - 3 Tesla, Especialistas en t\u00e9cnicas de resonancia con la tecnolog\u00eda de mayor di\u00e1metro y anti ansiedad.","og_url":"https:\/\/www.imdsd.net\/es\/especialidades\/resonancia-magnetica\/resonancia-magnetica-de-alto-campo-3-tesla\/","og_site_name":"Imatge m\u00e8dica digital - Serveis de diagn\u00f2stic per imatge","article_modified_time":"2025-03-23T09:14:15+00:00","twitter_card":"summary_large_image","twitter_misc":{"Tiempo de lectura":"2 minutos"},"schema":{"@context":"https:\/\/schema.org","@graph":[{"@type":"WebPage","@id":"https:\/\/www.imdsd.net\/es\/especialidades\/resonancia-magnetica\/resonancia-magnetica-de-alto-campo-3-tesla\/","url":"https:\/\/www.imdsd.net\/es\/especialidades\/resonancia-magnetica\/resonancia-magnetica-de-alto-campo-3-tesla\/","name":"Resonancia magn\u00e9tica de alto campo - 3 Tesla en Sabadell","isPartOf":{"@id":"https:\/\/www.imdsd.net\/es\/#website"},"datePublished":"2019-06-03T06:18:57+00:00","dateModified":"2025-03-23T09:14:15+00:00","description":"Resonancia magn\u00e9tica de alto campo - 3 Tesla, Especialistas en t\u00e9cnicas de resonancia con la tecnolog\u00eda de mayor di\u00e1metro y anti ansiedad.","breadcrumb":{"@id":"https:\/\/www.imdsd.net\/es\/especialidades\/resonancia-magnetica\/resonancia-magnetica-de-alto-campo-3-tesla\/#breadcrumb"},"inLanguage":"es","potentialAction":[{"@type":"ReadAction","target":["https:\/\/www.imdsd.net\/es\/especialidades\/resonancia-magnetica\/resonancia-magnetica-de-alto-campo-3-tesla\/"]}]},{"@type":"BreadcrumbList","@id":"https:\/\/www.imdsd.net\/es\/especialidades\/resonancia-magnetica\/resonancia-magnetica-de-alto-campo-3-tesla\/#breadcrumb","itemListElement":[{"@type":"ListItem","position":1,"name":"Inici","item":"https:\/\/www.imdsd.net\/es\/"},{"@type":"ListItem","position":2,"name":"Especialidades","item":"https:\/\/www.imdsd.net\/es\/especialidades\/"},{"@type":"ListItem","position":3,"name":"Resonancia Magn\u00e9tica","item":"https:\/\/www.imdsd.net\/es\/especialidades\/resonancia-magnetica\/"},{"@type":"ListItem","position":4,"name":"Resonancia magn\u00e9tica de alto campo &#8211; 3 Tesla"}]},{"@type":"WebSite","@id":"https:\/\/www.imdsd.net\/es\/#website","url":"https:\/\/www.imdsd.net\/es\/","name":"Imatge m\u00e8dica digital - Serveis de diagn\u00f2stic per imatge","description":"Diagn\u00f2stic per imatge i tele-radiolog\u00eda","publisher":{"@id":"https:\/\/www.imdsd.net\/es\/#organization"},"potentialAction":[{"@type":"SearchAction","target":{"@type":"EntryPoint","urlTemplate":"https:\/\/www.imdsd.net\/es\/?s={search_term_string}"},"query-input":"required name=search_term_string"}],"inLanguage":"es"},{"@type":"Organization","@id":"https:\/\/www.imdsd.net\/es\/#organization","name":"IMATGE M\u00c8DICA DIGITAL","url":"https:\/\/www.imdsd.net\/es\/","sameAs":[],"logo":{"@type":"ImageObject","inLanguage":"es","@id":"https:\/\/www.imdsd.net\/es\/#\/schema\/logo\/image\/","url":"https:\/\/www.imdsd.net\/wp-content\/uploads\/2019\/05\/logo-imagen-medica-digital-azul.png","contentUrl":"https:\/\/www.imdsd.net\/wp-content\/uploads\/2019\/05\/logo-imagen-medica-digital-azul.png","width":340,"height":255,"caption":"IMATGE M\u00c8DICA DIGITAL"},"image":{"@id":"https:\/\/www.imdsd.net\/es\/#\/schema\/logo\/image\/"}}]}},"_links":{"self":[{"href":"https:\/\/www.imdsd.net\/es\/wp-json\/wp\/v2\/pages\/517"}],"collection":[{"href":"https:\/\/www.imdsd.net\/es\/wp-json\/wp\/v2\/pages"}],"about":[{"href":"https:\/\/www.imdsd.net\/es\/wp-json\/wp\/v2\/types\/page"}],"author":[{"embeddable":true,"href":"https:\/\/www.imdsd.net\/es\/wp-json\/wp\/v2\/users\/2"}],"replies":[{"embeddable":true,"href":"https:\/\/www.imdsd.net\/es\/wp-json\/wp\/v2\/comments?post=517"}],"version-history":[{"count":16,"href":"https:\/\/www.imdsd.net\/es\/wp-json\/wp\/v2\/pages\/517\/revisions"}],"predecessor-version":[{"id":997,"href":"https:\/\/www.imdsd.net\/es\/wp-json\/wp\/v2\/pages\/517\/revisions\/997"}],"up":[{"embeddable":true,"href":"https:\/\/www.imdsd.net\/es\/wp-json\/wp\/v2\/pages\/464"}],"wp:attachment":[{"href":"https:\/\/www.imdsd.net\/es\/wp-json\/wp\/v2\/media?parent=517"}],"curies":[{"name":"wp","href":"https:\/\/api.w.org\/{rel}","templated":true}]}}