{"id":508,"date":"2019-06-03T07:55:59","date_gmt":"2019-06-03T05:55:59","guid":{"rendered":"https:\/\/www.imdsd.net\/?page_id=508"},"modified":"2022-10-31T11:03:45","modified_gmt":"2022-10-31T09:03:45","slug":"ecografia","status":"publish","type":"page","link":"https:\/\/www.imdsd.net\/es\/especialidades\/ecografia\/","title":{"rendered":"Ecograf\u00eda"},"content":{"rendered":"<p>[vc_row css_animation=\u00bb\u00bb row_type=\u00bbrow\u00bb use_row_as_full_screen_section=\u00bbno\u00bb type=\u00bbgrid\u00bb angled_section=\u00bbno\u00bb text_align=\u00bbcenter\u00bb background_image_as_pattern=\u00bbwithout_pattern\u00bb z_index=\u00bb\u00bb][vc_column][qode_elements_holder number_of_columns=\u00bbone_column\u00bb][qode_elements_holder_item advanced_animations=\u00bbno\u00bb item_padding=\u00bb188px 0px 0px\u00bb item_padding_600_768=\u00bb60px 0px 0px\u00bb item_padding_480_600=\u00bb60px 0px 0px\u00bb item_padding_480=\u00bb60px 0px 0px\u00bb][vc_single_image image=\u00bb816&#8243; img_size=\u00bbfull\u00bb alignment=\u00bbcenter\u00bb qode_css_animation=\u00bb\u00bb][vc_empty_space height=\u00bb7px\u00bb][vc_column_text]<\/p>\n<h1>Ecograf\u00eda<\/h1>\n<p>[\/vc_column_text][\/qode_elements_holder_item][\/qode_elements_holder][\/vc_column][\/vc_row][vc_row css_animation=\u00bb\u00bb row_type=\u00bbrow\u00bb use_row_as_full_screen_section=\u00bbno\u00bb type=\u00bbgrid\u00bb angled_section=\u00bbno\u00bb text_align=\u00bbcenter\u00bb background_image_as_pattern=\u00bbwithout_pattern\u00bb z_index=\u00bb\u00bb][vc_column width=\u00bb2\/3&#8243;][qode_elements_holder number_of_columns=\u00bbone_column\u00bb][qode_elements_holder_item horizontal_alignment=\u00bbleft\u00bb advanced_animations=\u00bbno\u00bb item_padding=\u00bb10px 0px 0px\u00bb item_padding_600_768=\u00bb60px 0px 0px\u00bb item_padding_480_600=\u00bb60px 0px 0px\u00bb item_padding_480=\u00bb60px 0px 0px\u00bb][vc_empty_space height=\u00bb20px\u00bb][vc_column_text]<\/p>\n<h2>Ecograf\u00eda en Sabadell<\/h2>\n<p>[\/vc_column_text][vc_empty_space height=\u00bb20px\u00bb][vc_column_text]<strong>En nuestros centros de Sabadell y de Martorell realizamos cada ecograf\u00eda con una lista de corta espera y con el concierto de casi todas las Mutuas; Sanitas, Dkv, Asisa, Mapfre&#8230;<\/strong>[\/vc_column_text][vc_empty_space height=\u00bb20px\u00bb][vc_column_text]La ecograf\u00eda es una t\u00e9cnica de imagen que no utiliza radiaciones ionizantes sino ondas ac\u00fasticas de alta frecuencia (ultrasonidos).<\/p>\n<p>El radi\u00f3logo realiza el estudio mediante una \u00absonda\u00bb que emite estos ultrasonidos, imperceptibles para el paciente, y recoge el \u00abeco\u00bb que \u00e9stos producen en los \u00f3rganos estudiados que se traducen en im\u00e1genes. Los ultrasonidos utilizados no producen ning\u00fan da\u00f1o a adultos, ni\u00f1os o embriones.<\/p>\n<p>El desarrollo de esta tecnolog\u00eda ha sido enorme en los \u00faltimos a\u00f1os; inicialmente se utiliz\u00f3 para el control de los embarazos, precisamente por no ser peligrosa; pero en la actualidad sus aplicaciones son m\u00faltiples en el estudio de la patolog\u00eda tanto de v\u00edsceras abdominales, \u00f3rganos vitales como el h\u00edgado, ri\u00f1ones, pancreas, ves\u00edcula biliar, como de m\u00fasculos o estructuras vasculares.[\/vc_column_text][vc_empty_space height=\u00bb20px\u00bb][vc_column_text]<\/p>\n<h3>Existen distintos tipos de prueba:<\/h3>\n<p>Generalmente la ecograf\u00eda se realiza colocando un gel acuoso que sirve de contacto con la sonda que utiliza el m\u00e9dico, que visualiza las im\u00e1genes en un monitor.<\/p>\n<p>Existen diferentes pruebas a realizar y cada una sirve para el estudio de una parte del cuerpo.<\/p>\n<p><strong>Las m\u00e1s comunes son:<\/strong><\/p>\n<p><strong>Abdominal.<\/strong><\/p>\n<p><strong>Articular.<\/strong><\/p>\n<p><strong>Mamaria.<\/strong><\/p>\n<p><strong>Tiroidea.<\/strong><\/p>\n<p><strong>Muscular.<\/strong><\/p>\n<p><strong>Urol\u00f3gica<\/strong><\/p>\n<p>El <strong>doppler<\/strong> es tambi\u00e9n un tipo especial dentro de las diferentes ecograf\u00edas, que siguiendo los principios generales de esta prueba a\u00f1ade la posibilidad de ver y estudiar el movimiento de la sangre, por lo que se utiliza para estudiar arterias, venas y la vascularizaci\u00f3n de \u00f3rganos. Es un tipo de prueba muy habitual en personas con problemas vasculares, preoperatorios o postoperatorios.<\/p>\n<p>Realizar una ecograf\u00eda tambi\u00e9n sirve en numerosas ocasiones como gu\u00eda para realizar punciones y biopsias para el estudio de enfermedades, incluso para realizar drenajes de colecciones.[\/vc_column_text][vc_empty_space height=\u00bb20px\u00bb][vc_column_text]<\/p>\n<h3>\u00bfPuedo hacerme una ecograf\u00eda si estoy embarazada?<\/h3>\n<p>Nuestros Centros de diagn\u00f3stico est\u00e1n equipados con la \u00faltima tecnolog\u00eda incluso para realizar este tipo de pruebas cuando est\u00e1s en estado.<\/p>\n<p>Disponemos de los mejores equipos de Eco 4D, Eco 5D.[\/vc_column_text][vc_column_text]<\/p>\n<h3>\u00bfTengo que ayunar antes de una ecograf\u00eda?<\/h3>\n<p>Evidentemente al tratarse de una prueba diagn\u00f3stica con prescripci\u00f3n m\u00e9dica su m\u00e9dico dejar\u00e1 indicado todos los detalles para poder realizar el tratamiento sin molestias.<\/p>\n<p>Por norma general a menos que justamente la zona de estudio est\u00e9 relacionado con el aparato digestivo usted podr\u00e1 comer o beber antes de la prueba.[\/vc_column_text][\/qode_elements_holder_item][\/qode_elements_holder][\/vc_column][vc_column width=\u00bb1\/3&#8243; css=\u00bb.vc_custom_1559541397528{padding-top: 30px !important;}\u00bb][vc_single_image image=\u00bb509&#8243; img_size=\u00bbfull\u00bb qode_css_animation=\u00bb\u00bb]<div class='service_table_holder' style='border-style:solid;border-width:2px;border-color:#004a98;'><ul class='service_table_inner'><li class='service_table_title_holder background_color_type' style='background-color: #004a98;'><div class='service_table_title_inner'><div class='service_table_title_inner2'><h3 class='service_title' style='color: #ffffff;'>RESERVA AHORA 93 748 48 85<\/h3><\/div><\/div><\/li><li class='service_table_content' style='background-color: #ffffff;'><\/p>\n<ul>\n<li style=\"text-align: center;\"><a href=\"https:\/\/www.imdsd.net\/es\/centros-de-diagnostico-por-imagen\/\">PRUEBA EN SABADELL<\/a><\/li>\n<\/ul>\n<p><\/li><\/ul><\/div>[\/vc_column][\/vc_row][vc_row css_animation=\u00bb\u00bb row_type=\u00bbrow\u00bb use_row_as_full_screen_section=\u00bbno\u00bb type=\u00bbfull_width\u00bb angled_section=\u00bbno\u00bb text_align=\u00bbleft\u00bb background_image_as_pattern=\u00bbwithout_pattern\u00bb][vc_column][vc_empty_space][\/vc_column][\/vc_row][vc_row css_animation=\u00bb\u00bb row_type=\u00bbrow\u00bb use_row_as_full_screen_section=\u00bbno\u00bb type=\u00bbfull_width\u00bb angled_section=\u00bbno\u00bb text_align=\u00bbleft\u00bb background_image_as_pattern=\u00bbwithout_pattern\u00bb][vc_column][vc_empty_space height=\u00bb80px\u00bb][\/vc_column][\/vc_row][vc_row css_animation=\u00bb\u00bb row_type=\u00bbrow\u00bb use_row_as_full_screen_section=\u00bbno\u00bb type=\u00bbfull_width\u00bb angled_section=\u00bbno\u00bb text_align=\u00bbleft\u00bb background_image_as_pattern=\u00bbwithout_pattern\u00bb][vc_column][\/vc_column][\/vc_row][vc_row css_animation=\u00bb\u00bb row_type=\u00bbrow\u00bb use_row_as_full_screen_section=\u00bbno\u00bb type=\u00bbfull_width\u00bb angled_section=\u00bbno\u00bb text_align=\u00bbleft\u00bb background_image_as_pattern=\u00bbwithout_pattern\u00bb shadow=\u00bbno\u00bb text_title_tag=\u00bbp\u00bb author_title_tag=\u00bbp\u00bb simple_quote_text=\u00bbLa salud empieza en la prevenci\u00f3n\u00bb border_radius=\u00bb\u00bb holder_padding=\u00bb\u00bb simple_quote_author=\u00bb\u00bb simple_quote_spacing=\u00bb\u00bb quote_symbol_color=\u00bb\u00bb][vc_column]<div class=\"qode-simple-quote-holder \">\n\t<div class=\"qode-simple-quote-triangle-shadow\">\n\t\t\n\t<\/div>\n\t<div class=\"qode-simple-quote-triangle\" >\n\t\t\n\t<\/div>\n\t<div class=\"qode-simple-quote-holder-inner\" >\n\t\t<div class=\"qode-simple-quote-icon-holder\" \">\n\t\t\t<svg x=\"0px\" y=\"0px\" width=\"118px\" height=\"97px\" viewBox=\"0 0 118 97\" enable-background=\"new 0 0 118 97\" xml:space=\"preserve\">\n\t\t\t\t<g>\n\t\t\t\t\t<path d=\"M31.1,73.998c5.688-7.111,8.535-14.316,8.535-21.617c0-3.09-0.371-5.751-1.113-7.978c-4.332,3.34-9.031,5.009-14.102,5.009\n\t\t\t\t\t\tc-6.929,0-12.71-2.194-17.349-6.586c-4.639-4.389-6.958-10.298-6.958-17.72c0-6.926,2.348-12.71,7.051-17.349\n\t\t\t\t\t\tc4.7-4.639,10.452-6.958,17.256-6.958c9.77,0,17.256,4.021,22.451,12.061c4.329,6.68,6.494,15.029,6.494,25.049\n\t\t\t\t\t\tc0,12.742-3.247,24.154-9.741,34.234C37.13,82.227,27.325,90.357,14.215,96.541l-3.525-6.865\n\t\t\t\t\t\tC18.604,86.336,25.409,81.113,31.1,73.998z M95.67,73.998c5.688-7.111,8.535-14.316,8.535-21.617c0-3.09-0.371-5.751-1.113-7.978\n\t\t\t\t\t\tc-4.206,3.34-8.906,5.009-14.102,5.009c-6.804,0-12.556-2.194-17.256-6.586c-4.702-4.389-7.051-10.298-7.051-17.72\n\t\t\t\t\t\tc0-4.575,1.113-8.721,3.34-12.432s5.195-6.616,8.906-8.721c3.711-2.102,7.729-3.154,12.061-3.154\n\t\t\t\t\t\tc9.771,0,17.256,4.021,22.451,12.061c4.329,6.68,6.494,15.029,6.494,25.049c0,12.742-3.247,24.154-9.741,34.234\n\t\t\t\t\t\tC101.7,82.227,91.896,90.357,78.785,96.541l-3.525-6.865C83.175,86.336,89.979,81.113,95.67,73.998z\"\/>\n\t\t\t\t<\/g>\n\t\t\t<\/svg>\n\t\t<\/div>\n\t\t<div class=\"qode-simple-quote-content-holder\">\n\t\t\t<div class=\"qode-simple-quote-content-holder-inner\">\n\t\t\t\t<div class=\"qode-simple-quote-text-holder\" >\n\t\t\t\t\t<p class=\"qode-simple-quote-text-title\"> Contamos con un ec\u00f3grafo de calidad para las diferentes pruebas de diagn\u00f3stico.  <\/p>\n\t\t\t\t<\/div>\n\t\t\t\t<div class=\"qode-simple-quote-author-holder\">\n\t\t\t\t\t<p class=\"qode-simple-quote-author-title\">   <\/p>\n\t\t\t\t<\/div>\n\t\t\t<\/div>\n\t\t<\/div>\n\t<\/div>\n<\/div>[\/vc_column][\/vc_row]<\/p>\n","protected":false},"excerpt":{"rendered":"<p>[vc_row css_animation=\u00bb\u00bb row_type=\u00bbrow\u00bb use_row_as_full_screen_section=\u00bbno\u00bb type=\u00bbgrid\u00bb angled_section=\u00bbno\u00bb text_align=\u00bbcenter\u00bb background_image_as_pattern=\u00bbwithout_pattern\u00bb z_index=\u00bb\u00bb][vc_column][qode_elements_holder number_of_columns=\u00bbone_column\u00bb][qode_elements_holder_item advanced_animations=\u00bbno\u00bb item_padding=\u00bb188px 0px 0px\u00bb item_padding_600_768=\u00bb60px 0px 0px\u00bb item_padding_480_600=\u00bb60px 0px 0px\u00bb item_padding_480=\u00bb60px 0px 0px\u00bb][vc_single_image image=\u00bb816&#8243; img_size=\u00bbfull\u00bb alignment=\u00bbcenter\u00bb qode_css_animation=\u00bb\u00bb][vc_empty_space height=\u00bb7px\u00bb][vc_column_text] Ecograf\u00eda [\/vc_column_text][\/qode_elements_holder_item][\/qode_elements_holder][\/vc_column][\/vc_row][vc_row css_animation=\u00bb\u00bb row_type=\u00bbrow\u00bb use_row_as_full_screen_section=\u00bbno\u00bb type=\u00bbgrid\u00bb angled_section=\u00bbno\u00bb text_align=\u00bbcenter\u00bb background_image_as_pattern=\u00bbwithout_pattern\u00bb z_index=\u00bb\u00bb][vc_column width=\u00bb2\/3&#8243;][qode_elements_holder number_of_columns=\u00bbone_column\u00bb][qode_elements_holder_item horizontal_alignment=\u00bbleft\u00bb advanced_animations=\u00bbno\u00bb item_padding=\u00bb10px 0px 0px\u00bb&#8230;<\/p>\n","protected":false},"author":2,"featured_media":0,"parent":225,"menu_order":6,"comment_status":"closed","ping_status":"closed","template":"","meta":[],"yoast_head":"<!-- This site is optimized with the Yoast SEO plugin v19.7.1 - https:\/\/yoast.com\/wordpress\/plugins\/seo\/ -->\n<title>Ecograf\u00eda en Sabadell<\/title>\n<meta name=\"description\" content=\"Ven a realizar tu ecograf\u00eda en Sabadell al Centro de Diagn\u00f3stico mejor equipado con la \u00faltima tecnolog\u00eda y con todas las mutuas y seguros.\" \/>\n<meta name=\"robots\" content=\"index, follow, max-snippet:-1, max-image-preview:large, max-video-preview:-1\" \/>\n<link rel=\"canonical\" href=\"https:\/\/www.imdsd.net\/es\/especialidades\/ecografia\/\" \/>\n<meta property=\"og:locale\" content=\"es_ES\" \/>\n<meta property=\"og:type\" content=\"article\" \/>\n<meta property=\"og:title\" content=\"Ecograf\u00eda en Sabadell\" \/>\n<meta property=\"og:description\" content=\"Ven a realizar tu ecograf\u00eda en Sabadell al Centro de Diagn\u00f3stico mejor equipado con la \u00faltima tecnolog\u00eda y con todas las mutuas y seguros.\" \/>\n<meta property=\"og:url\" content=\"https:\/\/www.imdsd.net\/es\/especialidades\/ecografia\/\" \/>\n<meta property=\"og:site_name\" content=\"Imatge m\u00e8dica digital - Serveis de diagn\u00f2stic per imatge\" \/>\n<meta property=\"article:modified_time\" content=\"2022-10-31T09:03:45+00:00\" \/>\n<meta name=\"twitter:card\" content=\"summary_large_image\" \/>\n<meta name=\"twitter:label1\" content=\"Tiempo de lectura\" \/>\n\t<meta name=\"twitter:data1\" content=\"3 minutos\" \/>\n<script type=\"application\/ld+json\" class=\"yoast-schema-graph\">{\"@context\":\"https:\/\/schema.org\",\"@graph\":[{\"@type\":\"WebPage\",\"@id\":\"https:\/\/www.imdsd.net\/es\/especialidades\/ecografia\/\",\"url\":\"https:\/\/www.imdsd.net\/es\/especialidades\/ecografia\/\",\"name\":\"Ecograf\u00eda en Sabadell\",\"isPartOf\":{\"@id\":\"https:\/\/www.imdsd.net\/es\/#website\"},\"datePublished\":\"2019-06-03T05:55:59+00:00\",\"dateModified\":\"2022-10-31T09:03:45+00:00\",\"description\":\"Ven a realizar tu ecograf\u00eda en Sabadell al Centro de Diagn\u00f3stico mejor equipado con la \u00faltima tecnolog\u00eda y con todas las mutuas y seguros.\",\"breadcrumb\":{\"@id\":\"https:\/\/www.imdsd.net\/es\/especialidades\/ecografia\/#breadcrumb\"},\"inLanguage\":\"es\",\"potentialAction\":[{\"@type\":\"ReadAction\",\"target\":[\"https:\/\/www.imdsd.net\/es\/especialidades\/ecografia\/\"]}]},{\"@type\":\"BreadcrumbList\",\"@id\":\"https:\/\/www.imdsd.net\/es\/especialidades\/ecografia\/#breadcrumb\",\"itemListElement\":[{\"@type\":\"ListItem\",\"position\":1,\"name\":\"Inici\",\"item\":\"https:\/\/www.imdsd.net\/es\/\"},{\"@type\":\"ListItem\",\"position\":2,\"name\":\"Especialidades\",\"item\":\"https:\/\/www.imdsd.net\/es\/especialidades\/\"},{\"@type\":\"ListItem\",\"position\":3,\"name\":\"Ecograf\u00eda\"}]},{\"@type\":\"WebSite\",\"@id\":\"https:\/\/www.imdsd.net\/es\/#website\",\"url\":\"https:\/\/www.imdsd.net\/es\/\",\"name\":\"Imatge m\u00e8dica digital - Serveis de diagn\u00f2stic per imatge\",\"description\":\"Diagn\u00f2stic per imatge i tele-radiolog\u00eda\",\"publisher\":{\"@id\":\"https:\/\/www.imdsd.net\/es\/#organization\"},\"potentialAction\":[{\"@type\":\"SearchAction\",\"target\":{\"@type\":\"EntryPoint\",\"urlTemplate\":\"https:\/\/www.imdsd.net\/es\/?s={search_term_string}\"},\"query-input\":\"required name=search_term_string\"}],\"inLanguage\":\"es\"},{\"@type\":\"Organization\",\"@id\":\"https:\/\/www.imdsd.net\/es\/#organization\",\"name\":\"IMATGE M\u00c8DICA DIGITAL\",\"url\":\"https:\/\/www.imdsd.net\/es\/\",\"sameAs\":[],\"logo\":{\"@type\":\"ImageObject\",\"inLanguage\":\"es\",\"@id\":\"https:\/\/www.imdsd.net\/es\/#\/schema\/logo\/image\/\",\"url\":\"https:\/\/www.imdsd.net\/wp-content\/uploads\/2019\/05\/logo-imagen-medica-digital-azul.png\",\"contentUrl\":\"https:\/\/www.imdsd.net\/wp-content\/uploads\/2019\/05\/logo-imagen-medica-digital-azul.png\",\"width\":340,\"height\":255,\"caption\":\"IMATGE M\u00c8DICA DIGITAL\"},\"image\":{\"@id\":\"https:\/\/www.imdsd.net\/es\/#\/schema\/logo\/image\/\"}}]}<\/script>\n<!-- \/ Yoast SEO plugin. -->","yoast_head_json":{"title":"Ecograf\u00eda en Sabadell","description":"Ven a realizar tu ecograf\u00eda en Sabadell al Centro de Diagn\u00f3stico mejor equipado con la \u00faltima tecnolog\u00eda y con todas las mutuas y seguros.","robots":{"index":"index","follow":"follow","max-snippet":"max-snippet:-1","max-image-preview":"max-image-preview:large","max-video-preview":"max-video-preview:-1"},"canonical":"https:\/\/www.imdsd.net\/es\/especialidades\/ecografia\/","og_locale":"es_ES","og_type":"article","og_title":"Ecograf\u00eda en Sabadell","og_description":"Ven a realizar tu ecograf\u00eda en Sabadell al Centro de Diagn\u00f3stico mejor equipado con la \u00faltima tecnolog\u00eda y con todas las mutuas y seguros.","og_url":"https:\/\/www.imdsd.net\/es\/especialidades\/ecografia\/","og_site_name":"Imatge m\u00e8dica digital - Serveis de diagn\u00f2stic per imatge","article_modified_time":"2022-10-31T09:03:45+00:00","twitter_card":"summary_large_image","twitter_misc":{"Tiempo de lectura":"3 minutos"},"schema":{"@context":"https:\/\/schema.org","@graph":[{"@type":"WebPage","@id":"https:\/\/www.imdsd.net\/es\/especialidades\/ecografia\/","url":"https:\/\/www.imdsd.net\/es\/especialidades\/ecografia\/","name":"Ecograf\u00eda en Sabadell","isPartOf":{"@id":"https:\/\/www.imdsd.net\/es\/#website"},"datePublished":"2019-06-03T05:55:59+00:00","dateModified":"2022-10-31T09:03:45+00:00","description":"Ven a realizar tu ecograf\u00eda en Sabadell al Centro de Diagn\u00f3stico mejor equipado con la \u00faltima tecnolog\u00eda y con todas las mutuas y seguros.","breadcrumb":{"@id":"https:\/\/www.imdsd.net\/es\/especialidades\/ecografia\/#breadcrumb"},"inLanguage":"es","potentialAction":[{"@type":"ReadAction","target":["https:\/\/www.imdsd.net\/es\/especialidades\/ecografia\/"]}]},{"@type":"BreadcrumbList","@id":"https:\/\/www.imdsd.net\/es\/especialidades\/ecografia\/#breadcrumb","itemListElement":[{"@type":"ListItem","position":1,"name":"Inici","item":"https:\/\/www.imdsd.net\/es\/"},{"@type":"ListItem","position":2,"name":"Especialidades","item":"https:\/\/www.imdsd.net\/es\/especialidades\/"},{"@type":"ListItem","position":3,"name":"Ecograf\u00eda"}]},{"@type":"WebSite","@id":"https:\/\/www.imdsd.net\/es\/#website","url":"https:\/\/www.imdsd.net\/es\/","name":"Imatge m\u00e8dica digital - Serveis de diagn\u00f2stic per imatge","description":"Diagn\u00f2stic per imatge i tele-radiolog\u00eda","publisher":{"@id":"https:\/\/www.imdsd.net\/es\/#organization"},"potentialAction":[{"@type":"SearchAction","target":{"@type":"EntryPoint","urlTemplate":"https:\/\/www.imdsd.net\/es\/?s={search_term_string}"},"query-input":"required name=search_term_string"}],"inLanguage":"es"},{"@type":"Organization","@id":"https:\/\/www.imdsd.net\/es\/#organization","name":"IMATGE M\u00c8DICA DIGITAL","url":"https:\/\/www.imdsd.net\/es\/","sameAs":[],"logo":{"@type":"ImageObject","inLanguage":"es","@id":"https:\/\/www.imdsd.net\/es\/#\/schema\/logo\/image\/","url":"https:\/\/www.imdsd.net\/wp-content\/uploads\/2019\/05\/logo-imagen-medica-digital-azul.png","contentUrl":"https:\/\/www.imdsd.net\/wp-content\/uploads\/2019\/05\/logo-imagen-medica-digital-azul.png","width":340,"height":255,"caption":"IMATGE M\u00c8DICA DIGITAL"},"image":{"@id":"https:\/\/www.imdsd.net\/es\/#\/schema\/logo\/image\/"}}]}},"_links":{"self":[{"href":"https:\/\/www.imdsd.net\/es\/wp-json\/wp\/v2\/pages\/508"}],"collection":[{"href":"https:\/\/www.imdsd.net\/es\/wp-json\/wp\/v2\/pages"}],"about":[{"href":"https:\/\/www.imdsd.net\/es\/wp-json\/wp\/v2\/types\/page"}],"author":[{"embeddable":true,"href":"https:\/\/www.imdsd.net\/es\/wp-json\/wp\/v2\/users\/2"}],"replies":[{"embeddable":true,"href":"https:\/\/www.imdsd.net\/es\/wp-json\/wp\/v2\/comments?post=508"}],"version-history":[{"count":8,"href":"https:\/\/www.imdsd.net\/es\/wp-json\/wp\/v2\/pages\/508\/revisions"}],"predecessor-version":[{"id":1465,"href":"https:\/\/www.imdsd.net\/es\/wp-json\/wp\/v2\/pages\/508\/revisions\/1465"}],"up":[{"embeddable":true,"href":"https:\/\/www.imdsd.net\/es\/wp-json\/wp\/v2\/pages\/225"}],"wp:attachment":[{"href":"https:\/\/www.imdsd.net\/es\/wp-json\/wp\/v2\/media?parent=508"}],"curies":[{"name":"wp","href":"https:\/\/api.w.org\/{rel}","templated":true}]}}