{"id":504,"date":"2019-06-02T21:47:05","date_gmt":"2019-06-02T19:47:05","guid":{"rendered":"https:\/\/www.imdsd.net\/?page_id=504"},"modified":"2023-05-31T18:08:52","modified_gmt":"2023-05-31T16:08:52","slug":"rx-convencional","status":"publish","type":"page","link":"https:\/\/www.imdsd.net\/es\/especialidades\/rx-convencional\/","title":{"rendered":"RX Convencional"},"content":{"rendered":"<p>[vc_row css_animation=\u00bb\u00bb row_type=\u00bbrow\u00bb use_row_as_full_screen_section=\u00bbno\u00bb type=\u00bbgrid\u00bb angled_section=\u00bbno\u00bb text_align=\u00bbcenter\u00bb background_image_as_pattern=\u00bbwithout_pattern\u00bb z_index=\u00bb\u00bb][vc_column][qode_elements_holder number_of_columns=\u00bbone_column\u00bb][qode_elements_holder_item advanced_animations=\u00bbno\u00bb item_padding=\u00bb188px 0px 0px\u00bb item_padding_600_768=\u00bb60px 0px 0px\u00bb item_padding_480_600=\u00bb60px 0px 0px\u00bb item_padding_480=\u00bb60px 0px 0px\u00bb][vc_single_image image=\u00bb816&#8243; img_size=\u00bbfull\u00bb alignment=\u00bbcenter\u00bb qode_css_animation=\u00bb\u00bb][vc_empty_space height=\u00bb7px\u00bb][vc_column_text]<\/p>\n<h1>Rayos X Convencional<\/h1>\n<p>[\/vc_column_text][\/qode_elements_holder_item][\/qode_elements_holder][\/vc_column][\/vc_row][vc_row css_animation=\u00bb\u00bb row_type=\u00bbrow\u00bb use_row_as_full_screen_section=\u00bbno\u00bb type=\u00bbgrid\u00bb angled_section=\u00bbno\u00bb text_align=\u00bbcenter\u00bb background_image_as_pattern=\u00bbwithout_pattern\u00bb z_index=\u00bb\u00bb][vc_column width=\u00bb2\/3&#8243;][qode_elements_holder number_of_columns=\u00bbone_column\u00bb][qode_elements_holder_item horizontal_alignment=\u00bbleft\u00bb advanced_animations=\u00bbno\u00bb item_padding=\u00bb10px 0px 0px\u00bb item_padding_600_768=\u00bb60px 0px 0px\u00bb item_padding_480_600=\u00bb60px 0px 0px\u00bb item_padding_480=\u00bb60px 0px 0px\u00bb][vc_empty_space height=\u00bb50px\u00bb][vc_column_text]<\/p>\n<h2>\u00bfQu\u00e9 es rayos X Convencional o una radiografia?<\/h2>\n<p>[\/vc_column_text][vc_empty_space height=\u00bb50px\u00bb][vc_column_text]La radiolog\u00eda simple o convencional es una radiol\u00f3gica que permite obtener im\u00e1genes del interior del cuerpo con diferentes tonos de blanco y negro.[\/vc_column_text][vc_empty_space height=\u00bb30px\u00bb][vc_single_image image=\u00bb1662&#8243; img_size=\u00bbfull\u00bb qode_css_animation=\u00bb\u00bb][vc_empty_space height=\u00bb7px\u00bb][vc_column_text css=\u00bb.vc_custom_1685548710669{padding-top: 50px !important;padding-right: 55px !important;}\u00bb]En medicina, los rayos X se utilizan para conseguir im\u00e1genes de los huesos y tejidos blandos del cuerpo que ayudan a un certero diagn\u00f3stico m\u00e9dico. Las radiograf\u00edas son el tipo m\u00e1s com\u00fan de imagen de rayos X utilizada para los m\u00e9dicos, y pueden mostrar diferentes variantes del cuerpo humano como fracturas \u00f3seas, infecciones, tumores y enfermedades pulmonares.<\/p>\n<p>Los rayos X son absorbidos en diferente cantidad por los distintos tejidos. El calcio absorbe la mayor parte de la radiaci\u00f3n y por eso en la radiolog\u00eda convencional vemos los huesos con un blanco m\u00e1s intenso. El resto de tejidos, al haber menos absorci\u00f3n se ven en color gris.<\/p>\n<p>Aunque la aplicaci\u00f3n m\u00e1s com\u00fan de la radiolog\u00eda simple es la observaci\u00f3n de los huesos, ya que las fracturas y otras lesiones se pueden detectar con mucha facilidad. Todav\u00eda se utiliza para otras patolog\u00edas, como la detecci\u00f3n de neumon\u00eda con RX de T\u00f3rax.[\/vc_column_text]<div class=\"qode-simple-quote-holder \">\n\t<div class=\"qode-simple-quote-triangle-shadow\">\n\t\t\n\t<\/div>\n\t<div class=\"qode-simple-quote-triangle\" >\n\t\t\n\t<\/div>\n\t<div class=\"qode-simple-quote-holder-inner\" >\n\t\t<div class=\"qode-simple-quote-icon-holder\" \">\n\t\t\t<svg x=\"0px\" y=\"0px\" width=\"118px\" height=\"97px\" viewBox=\"0 0 118 97\" enable-background=\"new 0 0 118 97\" xml:space=\"preserve\">\n\t\t\t\t<g>\n\t\t\t\t\t<path d=\"M31.1,73.998c5.688-7.111,8.535-14.316,8.535-21.617c0-3.09-0.371-5.751-1.113-7.978c-4.332,3.34-9.031,5.009-14.102,5.009\n\t\t\t\t\t\tc-6.929,0-12.71-2.194-17.349-6.586c-4.639-4.389-6.958-10.298-6.958-17.72c0-6.926,2.348-12.71,7.051-17.349\n\t\t\t\t\t\tc4.7-4.639,10.452-6.958,17.256-6.958c9.77,0,17.256,4.021,22.451,12.061c4.329,6.68,6.494,15.029,6.494,25.049\n\t\t\t\t\t\tc0,12.742-3.247,24.154-9.741,34.234C37.13,82.227,27.325,90.357,14.215,96.541l-3.525-6.865\n\t\t\t\t\t\tC18.604,86.336,25.409,81.113,31.1,73.998z M95.67,73.998c5.688-7.111,8.535-14.316,8.535-21.617c0-3.09-0.371-5.751-1.113-7.978\n\t\t\t\t\t\tc-4.206,3.34-8.906,5.009-14.102,5.009c-6.804,0-12.556-2.194-17.256-6.586c-4.702-4.389-7.051-10.298-7.051-17.72\n\t\t\t\t\t\tc0-4.575,1.113-8.721,3.34-12.432s5.195-6.616,8.906-8.721c3.711-2.102,7.729-3.154,12.061-3.154\n\t\t\t\t\t\tc9.771,0,17.256,4.021,22.451,12.061c4.329,6.68,6.494,15.029,6.494,25.049c0,12.742-3.247,24.154-9.741,34.234\n\t\t\t\t\t\tC101.7,82.227,91.896,90.357,78.785,96.541l-3.525-6.865C83.175,86.336,89.979,81.113,95.67,73.998z\"\/>\n\t\t\t\t<\/g>\n\t\t\t<\/svg>\n\t\t<\/div>\n\t\t<div class=\"qode-simple-quote-content-holder\">\n\t\t\t<div class=\"qode-simple-quote-content-holder-inner\">\n\t\t\t\t<div class=\"qode-simple-quote-text-holder\" >\n\t\t\t\t\t<p class=\"qode-simple-quote-text-title\"> Contamos con un equipo de radi\u00f3logos expertos y amables que te acompa\u00f1ar\u00e1n en todo momento  <\/p>\n\t\t\t\t<\/div>\n\t\t\t\t<div class=\"qode-simple-quote-author-holder\">\n\t\t\t\t\t<p class=\"qode-simple-quote-author-title\">   <\/p>\n\t\t\t\t<\/div>\n\t\t\t<\/div>\n\t\t<\/div>\n\t<\/div>\n<\/div>[vc_column_text css=\u00bb.vc_custom_1685548719340{padding-right: 55px !important;}\u00bb]La aplicaci\u00f3n m\u00e1s com\u00fan de la radiolog\u00eda simple es la observaci\u00f3n de los huesos ya que las fracturas y otras lesiones se pueden detectar con mucha facilidad. Aunque se utiliza para otras patolog\u00edas, como la detecci\u00f3n de neumon\u00eda con RX de T\u00f3rax.<\/p>\n<p>La radiaci\u00f3n que recibe el paciente en el momento de realizar una radiograf\u00eda es, hoy en d\u00eda, muy baja ya que equivaldr\u00eda a la dosis de radiaci\u00f3n a la que nos exponemos en el ambiente en un per\u00edodo de 10 d\u00edas.<\/p>\n<p>En nuestros <strong>centros radiol\u00f3gicos de Sabadell<\/strong> contamos con los mejores aparatos y \u00faltima generaci\u00f3n para realizar cualquier tipo de radiograf\u00eda. Tambi\u00e9n disponemos de concierto con las principales mutuas. Consulta si tenemos tu mutua y pide hora.[\/vc_column_text][\/qode_elements_holder_item][\/qode_elements_holder][\/vc_column][vc_column width=\u00bb1\/3&#8243;][vc_empty_space height=\u00bb180px\u00bb]<div class='service_table_holder' style='border-style:solid;border-width:2px;border-color:#004a98;'><ul class='service_table_inner'><li class='service_table_title_holder background_color_type' style='background-color: #004a98;'><div class='service_table_title_inner'><div class='service_table_title_inner2'><h3 class='service_title' style='color: #ffffff;'>RESERVA AHORA 93 748 48 85<\/h3><\/div><\/div><\/li><li class='service_table_content' style='background-color: #ffffff;'><\/p>\n<ul>\n<li style=\"text-align: center;\"><a href=\"https:\/\/www.imdsd.net\/es\/centros-de-diagnostico-por-imagen\/\">Radiograf\u00edas en Sabadell<\/a><\/li>\n<li style=\"text-align: center;\"><\/li>\n<\/ul>\n<p><\/li><\/ul><\/div><div class=\"q_box_holder with_icon\" style=\"border-color: #004a98;background-color: #e8e8e8;\"><div class=\"box_holder_icon\"><div class=\"box_holder_icon_inner small normal_icon \" style=\"\"><span data-icon-type=\"normal\"   style=\"\" class=\"qode_iwt_icon_holder q_font_awsome_icon fa-2x  \"><i class=\"qodef-icon-dripicons dripicon  qode_iwt_icon_element\" style=\"color: #004a98;\" ><\/i><\/span><\/div><\/div><div class=\"box_holder_inner small center\"><h3 class=\"icon_title\" style=\"color: #004a98;font-weight: 300;\">Centros Radiol\u00f3gicos<\/h3><span class=\"separator transparent\" style=\"margin: 8px 0;\"><\/span><p style=\"color: #7c7c7c\"><\/p><a itemprop='url' class='icon_with_title_link' href='https:\/\/www.imdsd.net\/es\/centros-de-diagnostico-por-imagen\/' target='_self' style=''>Centros radiol\u00f3gicos<\/a><\/div><\/div><a  itemprop=\"url\" href=\"\" target=\"_self\" data-hover-background-color=#004a98 data-hover-border-color=#ffffff  class=\"qbutton  big_large_full_width default\" style=\"border-color: #ffffff; background-color: #000000;\">Cita online<\/a>[vc_single_image image=\u00bb505&#8243; img_size=\u00bbfull\u00bb qode_css_animation=\u00bb\u00bb][\/vc_column][\/vc_row][vc_row css_animation=\u00bb\u00bb row_type=\u00bbrow\u00bb use_row_as_full_screen_section=\u00bbno\u00bb type=\u00bbfull_width\u00bb angled_section=\u00bbno\u00bb text_align=\u00bbleft\u00bb background_image_as_pattern=\u00bbwithout_pattern\u00bb][vc_column width=\u00bb1\/3&#8243;][vc_empty_space][vc_column_text]<\/p>\n<h2>\u00bfExisten contraindicaciones para las radiograf\u00edas?<\/h2>\n<p>[\/vc_column_text][vc_column_text]En la mayor\u00eda de las personas no existen contraindicaciones para las radiograf\u00edas. Pero, si est\u00e1s embarazada o crees que existe la posibilidad de embarazo, es muy importante comunicarlo al m\u00e9dico antes de realizarse la prueba diagn\u00f3stica. En estas situaciones, el m\u00e9dico puede recomendar otras opciones de imagen que no utilicen radiaci\u00f3n ionizante.[\/vc_column_text][\/vc_column][vc_column width=\u00bb1\/3&#8243;][vc_empty_space][vc_column_text]<\/p>\n<h2>\u00bfPara hacerse una radiograf\u00eda se precisa preparaci\u00f3n previa?<\/h2>\n<p>[\/vc_column_text][vc_column_text]La preparaci\u00f3n necesaria para una radiograf\u00eda est\u00e1 condicionada al \u00e1rea del cuerpo que se va a examinar. En ocasiones, si es preciso se pedir\u00e1 vestirse con una bata de hospital, retirar joyas u objetos met\u00e1licos que puedan acondicionar la imagen. Si tienes alguna duda o consulta concreta recomendamos informarte antes de tu cita en nuestros Centros de Radiolog\u00eda de Sabadell. Te atenderemos gustosamente.[\/vc_column_text][\/vc_column][vc_column width=\u00bb1\/3&#8243;][vc_empty_space][vc_column_text]<\/p>\n<h2>Consejos de Rayos X convencional<\/h2>\n<p>[\/vc_column_text][vc_column_text]La prueba se realizar\u00e1 bajo prescripci\u00f3n m\u00e9dica.<\/p>\n<p>Si dispones de historial radiol\u00f3gico, es importante aportar los resultados anteriores u otros estudios realizados para comparar pruebas y contrastar valoraciones.[\/vc_column_text][\/vc_column][\/vc_row][vc_row css_animation=\u00bb\u00bb row_type=\u00bbrow\u00bb use_row_as_full_screen_section=\u00bbno\u00bb type=\u00bbfull_width\u00bb angled_section=\u00bbno\u00bb text_align=\u00bbleft\u00bb background_image_as_pattern=\u00bbwithout_pattern\u00bb][vc_column][vc_empty_space height=\u00bb80px\u00bb][\/vc_column][\/vc_row]<\/p>\n","protected":false},"excerpt":{"rendered":"<p>[vc_row css_animation=\u00bb\u00bb row_type=\u00bbrow\u00bb use_row_as_full_screen_section=\u00bbno\u00bb type=\u00bbgrid\u00bb angled_section=\u00bbno\u00bb text_align=\u00bbcenter\u00bb background_image_as_pattern=\u00bbwithout_pattern\u00bb z_index=\u00bb\u00bb][vc_column][qode_elements_holder number_of_columns=\u00bbone_column\u00bb][qode_elements_holder_item advanced_animations=\u00bbno\u00bb item_padding=\u00bb188px 0px 0px\u00bb item_padding_600_768=\u00bb60px 0px 0px\u00bb item_padding_480_600=\u00bb60px 0px 0px\u00bb item_padding_480=\u00bb60px 0px 0px\u00bb][vc_single_image image=\u00bb816&#8243; img_size=\u00bbfull\u00bb alignment=\u00bbcenter\u00bb qode_css_animation=\u00bb\u00bb][vc_empty_space height=\u00bb7px\u00bb][vc_column_text] Rayos X Convencional [\/vc_column_text][\/qode_elements_holder_item][\/qode_elements_holder][\/vc_column][\/vc_row][vc_row css_animation=\u00bb\u00bb row_type=\u00bbrow\u00bb use_row_as_full_screen_section=\u00bbno\u00bb type=\u00bbgrid\u00bb angled_section=\u00bbno\u00bb text_align=\u00bbcenter\u00bb background_image_as_pattern=\u00bbwithout_pattern\u00bb z_index=\u00bb\u00bb][vc_column width=\u00bb2\/3&#8243;][qode_elements_holder number_of_columns=\u00bbone_column\u00bb][qode_elements_holder_item horizontal_alignment=\u00bbleft\u00bb advanced_animations=\u00bbno\u00bb item_padding=\u00bb10px&#8230;<\/p>\n","protected":false},"author":2,"featured_media":0,"parent":225,"menu_order":5,"comment_status":"closed","ping_status":"closed","template":"","meta":[],"yoast_head":"<!-- This site is optimized with the Yoast SEO plugin v19.7.1 - https:\/\/yoast.com\/wordpress\/plugins\/seo\/ -->\n<title>RX Convencional en Sabadell - Solicita hora<\/title>\n<meta name=\"description\" content=\"Solicita hora de rayos X convencional en el centro Sabadell para una radiograf\u00eda de Rx. Sin listas espera. Mutua concertada.\" \/>\n<meta name=\"robots\" content=\"index, follow, max-snippet:-1, max-image-preview:large, max-video-preview:-1\" \/>\n<link rel=\"canonical\" href=\"https:\/\/www.imdsd.net\/es\/especialidades\/rx-convencional\/\" \/>\n<meta property=\"og:locale\" content=\"es_ES\" \/>\n<meta property=\"og:type\" content=\"article\" \/>\n<meta property=\"og:title\" content=\"RX Convencional en Sabadell - Solicita hora\" \/>\n<meta property=\"og:description\" content=\"Solicita hora de rayos X convencional en el centro Sabadell para una radiograf\u00eda de Rx. Sin listas espera. Mutua concertada.\" \/>\n<meta property=\"og:url\" content=\"https:\/\/www.imdsd.net\/es\/especialidades\/rx-convencional\/\" \/>\n<meta property=\"og:site_name\" content=\"Imatge m\u00e8dica digital - Serveis de diagn\u00f2stic per imatge\" \/>\n<meta property=\"article:modified_time\" content=\"2023-05-31T16:08:52+00:00\" \/>\n<meta name=\"twitter:card\" content=\"summary_large_image\" \/>\n<meta name=\"twitter:label1\" content=\"Tiempo de lectura\" \/>\n\t<meta name=\"twitter:data1\" content=\"4 minutos\" \/>\n<script type=\"application\/ld+json\" class=\"yoast-schema-graph\">{\"@context\":\"https:\/\/schema.org\",\"@graph\":[{\"@type\":\"WebPage\",\"@id\":\"https:\/\/www.imdsd.net\/es\/especialidades\/rx-convencional\/\",\"url\":\"https:\/\/www.imdsd.net\/es\/especialidades\/rx-convencional\/\",\"name\":\"RX Convencional en Sabadell - Solicita hora\",\"isPartOf\":{\"@id\":\"https:\/\/www.imdsd.net\/es\/#website\"},\"datePublished\":\"2019-06-02T19:47:05+00:00\",\"dateModified\":\"2023-05-31T16:08:52+00:00\",\"description\":\"Solicita hora de rayos X convencional en el centro Sabadell para una radiograf\u00eda de Rx. Sin listas espera. Mutua concertada.\",\"breadcrumb\":{\"@id\":\"https:\/\/www.imdsd.net\/es\/especialidades\/rx-convencional\/#breadcrumb\"},\"inLanguage\":\"es\",\"potentialAction\":[{\"@type\":\"ReadAction\",\"target\":[\"https:\/\/www.imdsd.net\/es\/especialidades\/rx-convencional\/\"]}]},{\"@type\":\"BreadcrumbList\",\"@id\":\"https:\/\/www.imdsd.net\/es\/especialidades\/rx-convencional\/#breadcrumb\",\"itemListElement\":[{\"@type\":\"ListItem\",\"position\":1,\"name\":\"Inici\",\"item\":\"https:\/\/www.imdsd.net\/es\/\"},{\"@type\":\"ListItem\",\"position\":2,\"name\":\"Especialidades\",\"item\":\"https:\/\/www.imdsd.net\/es\/especialidades\/\"},{\"@type\":\"ListItem\",\"position\":3,\"name\":\"RX Convencional\"}]},{\"@type\":\"WebSite\",\"@id\":\"https:\/\/www.imdsd.net\/es\/#website\",\"url\":\"https:\/\/www.imdsd.net\/es\/\",\"name\":\"Imatge m\u00e8dica digital - Serveis de diagn\u00f2stic per imatge\",\"description\":\"Diagn\u00f2stic per imatge i tele-radiolog\u00eda\",\"publisher\":{\"@id\":\"https:\/\/www.imdsd.net\/es\/#organization\"},\"potentialAction\":[{\"@type\":\"SearchAction\",\"target\":{\"@type\":\"EntryPoint\",\"urlTemplate\":\"https:\/\/www.imdsd.net\/es\/?s={search_term_string}\"},\"query-input\":\"required name=search_term_string\"}],\"inLanguage\":\"es\"},{\"@type\":\"Organization\",\"@id\":\"https:\/\/www.imdsd.net\/es\/#organization\",\"name\":\"IMATGE M\u00c8DICA DIGITAL\",\"url\":\"https:\/\/www.imdsd.net\/es\/\",\"sameAs\":[],\"logo\":{\"@type\":\"ImageObject\",\"inLanguage\":\"es\",\"@id\":\"https:\/\/www.imdsd.net\/es\/#\/schema\/logo\/image\/\",\"url\":\"https:\/\/www.imdsd.net\/wp-content\/uploads\/2019\/05\/logo-imagen-medica-digital-azul.png\",\"contentUrl\":\"https:\/\/www.imdsd.net\/wp-content\/uploads\/2019\/05\/logo-imagen-medica-digital-azul.png\",\"width\":340,\"height\":255,\"caption\":\"IMATGE M\u00c8DICA DIGITAL\"},\"image\":{\"@id\":\"https:\/\/www.imdsd.net\/es\/#\/schema\/logo\/image\/\"}}]}<\/script>\n<!-- \/ Yoast SEO plugin. -->","yoast_head_json":{"title":"RX Convencional en Sabadell - Solicita hora","description":"Solicita hora de rayos X convencional en el centro Sabadell para una radiograf\u00eda de Rx. Sin listas espera. Mutua concertada.","robots":{"index":"index","follow":"follow","max-snippet":"max-snippet:-1","max-image-preview":"max-image-preview:large","max-video-preview":"max-video-preview:-1"},"canonical":"https:\/\/www.imdsd.net\/es\/especialidades\/rx-convencional\/","og_locale":"es_ES","og_type":"article","og_title":"RX Convencional en Sabadell - Solicita hora","og_description":"Solicita hora de rayos X convencional en el centro Sabadell para una radiograf\u00eda de Rx. Sin listas espera. Mutua concertada.","og_url":"https:\/\/www.imdsd.net\/es\/especialidades\/rx-convencional\/","og_site_name":"Imatge m\u00e8dica digital - Serveis de diagn\u00f2stic per imatge","article_modified_time":"2023-05-31T16:08:52+00:00","twitter_card":"summary_large_image","twitter_misc":{"Tiempo de lectura":"4 minutos"},"schema":{"@context":"https:\/\/schema.org","@graph":[{"@type":"WebPage","@id":"https:\/\/www.imdsd.net\/es\/especialidades\/rx-convencional\/","url":"https:\/\/www.imdsd.net\/es\/especialidades\/rx-convencional\/","name":"RX Convencional en Sabadell - Solicita hora","isPartOf":{"@id":"https:\/\/www.imdsd.net\/es\/#website"},"datePublished":"2019-06-02T19:47:05+00:00","dateModified":"2023-05-31T16:08:52+00:00","description":"Solicita hora de rayos X convencional en el centro Sabadell para una radiograf\u00eda de Rx. Sin listas espera. Mutua concertada.","breadcrumb":{"@id":"https:\/\/www.imdsd.net\/es\/especialidades\/rx-convencional\/#breadcrumb"},"inLanguage":"es","potentialAction":[{"@type":"ReadAction","target":["https:\/\/www.imdsd.net\/es\/especialidades\/rx-convencional\/"]}]},{"@type":"BreadcrumbList","@id":"https:\/\/www.imdsd.net\/es\/especialidades\/rx-convencional\/#breadcrumb","itemListElement":[{"@type":"ListItem","position":1,"name":"Inici","item":"https:\/\/www.imdsd.net\/es\/"},{"@type":"ListItem","position":2,"name":"Especialidades","item":"https:\/\/www.imdsd.net\/es\/especialidades\/"},{"@type":"ListItem","position":3,"name":"RX Convencional"}]},{"@type":"WebSite","@id":"https:\/\/www.imdsd.net\/es\/#website","url":"https:\/\/www.imdsd.net\/es\/","name":"Imatge m\u00e8dica digital - Serveis de diagn\u00f2stic per imatge","description":"Diagn\u00f2stic per imatge i tele-radiolog\u00eda","publisher":{"@id":"https:\/\/www.imdsd.net\/es\/#organization"},"potentialAction":[{"@type":"SearchAction","target":{"@type":"EntryPoint","urlTemplate":"https:\/\/www.imdsd.net\/es\/?s={search_term_string}"},"query-input":"required name=search_term_string"}],"inLanguage":"es"},{"@type":"Organization","@id":"https:\/\/www.imdsd.net\/es\/#organization","name":"IMATGE M\u00c8DICA DIGITAL","url":"https:\/\/www.imdsd.net\/es\/","sameAs":[],"logo":{"@type":"ImageObject","inLanguage":"es","@id":"https:\/\/www.imdsd.net\/es\/#\/schema\/logo\/image\/","url":"https:\/\/www.imdsd.net\/wp-content\/uploads\/2019\/05\/logo-imagen-medica-digital-azul.png","contentUrl":"https:\/\/www.imdsd.net\/wp-content\/uploads\/2019\/05\/logo-imagen-medica-digital-azul.png","width":340,"height":255,"caption":"IMATGE M\u00c8DICA DIGITAL"},"image":{"@id":"https:\/\/www.imdsd.net\/es\/#\/schema\/logo\/image\/"}}]}},"_links":{"self":[{"href":"https:\/\/www.imdsd.net\/es\/wp-json\/wp\/v2\/pages\/504"}],"collection":[{"href":"https:\/\/www.imdsd.net\/es\/wp-json\/wp\/v2\/pages"}],"about":[{"href":"https:\/\/www.imdsd.net\/es\/wp-json\/wp\/v2\/types\/page"}],"author":[{"embeddable":true,"href":"https:\/\/www.imdsd.net\/es\/wp-json\/wp\/v2\/users\/2"}],"replies":[{"embeddable":true,"href":"https:\/\/www.imdsd.net\/es\/wp-json\/wp\/v2\/comments?post=504"}],"version-history":[{"count":9,"href":"https:\/\/www.imdsd.net\/es\/wp-json\/wp\/v2\/pages\/504\/revisions"}],"predecessor-version":[{"id":1668,"href":"https:\/\/www.imdsd.net\/es\/wp-json\/wp\/v2\/pages\/504\/revisions\/1668"}],"up":[{"embeddable":true,"href":"https:\/\/www.imdsd.net\/es\/wp-json\/wp\/v2\/pages\/225"}],"wp:attachment":[{"href":"https:\/\/www.imdsd.net\/es\/wp-json\/wp\/v2\/media?parent=504"}],"curies":[{"name":"wp","href":"https:\/\/api.w.org\/{rel}","templated":true}]}}