{"id":500,"date":"2019-06-02T21:41:17","date_gmt":"2019-06-02T19:41:17","guid":{"rendered":"https:\/\/www.imdsd.net\/?page_id=500"},"modified":"2022-08-31T10:04:35","modified_gmt":"2022-08-31T08:04:35","slug":"mamografia","status":"publish","type":"page","link":"https:\/\/www.imdsd.net\/es\/especialidades\/mamografia\/","title":{"rendered":"Mamograf\u00eda"},"content":{"rendered":"<p>[vc_row css_animation=\u00bb\u00bb row_type=\u00bbrow\u00bb use_row_as_full_screen_section=\u00bbno\u00bb type=\u00bbgrid\u00bb angled_section=\u00bbno\u00bb text_align=\u00bbcenter\u00bb background_image_as_pattern=\u00bbwithout_pattern\u00bb z_index=\u00bb\u00bb][vc_column][qode_elements_holder number_of_columns=\u00bbone_column\u00bb][qode_elements_holder_item advanced_animations=\u00bbno\u00bb item_padding=\u00bb188px 0px 0px\u00bb item_padding_600_768=\u00bb60px 0px 0px\u00bb item_padding_480_600=\u00bb60px 0px 0px\u00bb item_padding_480=\u00bb60px 0px 0px\u00bb][vc_single_image image=\u00bb816&#8243; img_size=\u00bbfull\u00bb alignment=\u00bbcenter\u00bb qode_css_animation=\u00bb\u00bb][vc_empty_space height=\u00bb7px\u00bb][vc_column_text]<\/p>\n<h1>Mamograf\u00eda<\/h1>\n<p>[\/vc_column_text][\/qode_elements_holder_item][\/qode_elements_holder][\/vc_column][\/vc_row][vc_row css_animation=\u00bb\u00bb row_type=\u00bbrow\u00bb use_row_as_full_screen_section=\u00bbno\u00bb type=\u00bbgrid\u00bb angled_section=\u00bbno\u00bb text_align=\u00bbcenter\u00bb background_image_as_pattern=\u00bbwithout_pattern\u00bb z_index=\u00bb\u00bb][vc_column width=\u00bb2\/3&#8243;][qode_elements_holder number_of_columns=\u00bbone_column\u00bb][qode_elements_holder_item horizontal_alignment=\u00bbleft\u00bb advanced_animations=\u00bbno\u00bb item_padding=\u00bb10px 0px 0px\u00bb item_padding_600_768=\u00bb60px 0px 0px\u00bb item_padding_480_600=\u00bb60px 0px 0px\u00bb item_padding_480=\u00bb60px 0px 0px\u00bb][vc_empty_space height=\u00bb20px\u00bb][vc_column_text]<\/p>\n<h2>\u00bfQu\u00e9 es una mamograf\u00eda y para qu\u00e9 sirve?<\/h2>\n<p>[\/vc_column_text][vc_empty_space height=\u00bb30px\u00bb][vc_empty_space height=\u00bb25px\u00bb][vc_column_text]La mamograf\u00eda es una prueba de diagn\u00f3stico,\u00a0 una clase de radiograf\u00eda que ayuda a detectar el c\u00e1ncer de mama. En ocasiones, las im\u00e1genes extra\u00eddas pueden mostrar alguna peque\u00f1a anomal\u00eda, quistes, un peque\u00f1o tumor que es imperceptible durante una exploraci\u00f3n pero que con nuestra tecnolog\u00eda en esta prueba descubriremos en sus fases iniciales\u00a0 lo cual aumenta de forma considerable cualquier posible tratamiento y prevenci\u00f3n. En los centros de Sabadell \u00a0se practican dos proyecciones radiol\u00f3gicas, de esta manera, se asegura que todo el par\u00e9nquima mamario queda incluido en el estudio.[\/vc_column_text][vc_empty_space height=\u00bb70px\u00bb][vc_column_text]<\/p>\n<h2>La Mamograf\u00eda es una prueba radiol\u00f3gica para el estudio de la gl\u00e1ndula mamaria.<\/h2>\n<p>[\/vc_column_text][vc_empty_space height=\u00bb25px\u00bb][vc_single_image image=\u00bb1323&#8243; img_size=\u00bbfull\u00bb qode_css_animation=\u00bb\u00bb][vc_empty_space height=\u00bb80px\u00bb][vc_column_text]<\/p>\n<h2>\u00bfA qu\u00e9 edad es recomendable una mamograf\u00eda?<\/h2>\n<p>[\/vc_column_text]<div class=\"qode-simple-quote-holder \">\n\t<div class=\"qode-simple-quote-triangle-shadow\">\n\t\t\n\t<\/div>\n\t<div class=\"qode-simple-quote-triangle\" >\n\t\t\n\t<\/div>\n\t<div class=\"qode-simple-quote-holder-inner\" >\n\t\t<div class=\"qode-simple-quote-icon-holder\" \">\n\t\t\t<svg x=\"0px\" y=\"0px\" width=\"118px\" height=\"97px\" viewBox=\"0 0 118 97\" enable-background=\"new 0 0 118 97\" xml:space=\"preserve\">\n\t\t\t\t<g>\n\t\t\t\t\t<path d=\"M31.1,73.998c5.688-7.111,8.535-14.316,8.535-21.617c0-3.09-0.371-5.751-1.113-7.978c-4.332,3.34-9.031,5.009-14.102,5.009\n\t\t\t\t\t\tc-6.929,0-12.71-2.194-17.349-6.586c-4.639-4.389-6.958-10.298-6.958-17.72c0-6.926,2.348-12.71,7.051-17.349\n\t\t\t\t\t\tc4.7-4.639,10.452-6.958,17.256-6.958c9.77,0,17.256,4.021,22.451,12.061c4.329,6.68,6.494,15.029,6.494,25.049\n\t\t\t\t\t\tc0,12.742-3.247,24.154-9.741,34.234C37.13,82.227,27.325,90.357,14.215,96.541l-3.525-6.865\n\t\t\t\t\t\tC18.604,86.336,25.409,81.113,31.1,73.998z M95.67,73.998c5.688-7.111,8.535-14.316,8.535-21.617c0-3.09-0.371-5.751-1.113-7.978\n\t\t\t\t\t\tc-4.206,3.34-8.906,5.009-14.102,5.009c-6.804,0-12.556-2.194-17.256-6.586c-4.702-4.389-7.051-10.298-7.051-17.72\n\t\t\t\t\t\tc0-4.575,1.113-8.721,3.34-12.432s5.195-6.616,8.906-8.721c3.711-2.102,7.729-3.154,12.061-3.154\n\t\t\t\t\t\tc9.771,0,17.256,4.021,22.451,12.061c4.329,6.68,6.494,15.029,6.494,25.049c0,12.742-3.247,24.154-9.741,34.234\n\t\t\t\t\t\tC101.7,82.227,91.896,90.357,78.785,96.541l-3.525-6.865C83.175,86.336,89.979,81.113,95.67,73.998z\"\/>\n\t\t\t\t<\/g>\n\t\t\t<\/svg>\n\t\t<\/div>\n\t\t<div class=\"qode-simple-quote-content-holder\">\n\t\t\t<div class=\"qode-simple-quote-content-holder-inner\">\n\t\t\t\t<div class=\"qode-simple-quote-text-holder\" >\n\t\t\t\t\t<p class=\"qode-simple-quote-text-title\"> La salud empieza en la prevenci\u00f3n  <\/p>\n\t\t\t\t<\/div>\n\t\t\t\t<div class=\"qode-simple-quote-author-holder\">\n\t\t\t\t\t<p class=\"qode-simple-quote-author-title\">   <\/p>\n\t\t\t\t<\/div>\n\t\t\t<\/div>\n\t\t<\/div>\n\t<\/div>\n<\/div>[vc_empty_space height=\u00bb30px\u00bb][vc_column_text]Se recomienda a las mujeres realizar esta prueba diagn\u00f3stica de forma anual y seguir siempre las recomendaciones del m\u00e9dico prescriptor. En chicas j\u00f3venes sin un riesgo concreto o sin prescripci\u00f3n m\u00e9dica no es necesaria pero en el caso de las mujeres de 40 a\u00f1os es aconsejable seguir estas recomendaciones, y empezar a acostumbrarse a coger cita ya que forma parte de una revisi\u00f3n ginecol\u00f3gica. Pero es m\u00e1s importante a partir de los 50 a\u00f1os. En este tramo la mujer adulta experimenta cambios en su cuerpo y mantener el control de su salud es necesario.[\/vc_column_text][vc_empty_space height=\u00bb25px\u00bb][vc_separator type=\u00bbtransparent\u00bb up=\u00bb20&#8243;][vc_separator type=\u00bbtransparent\u00bb up=\u00bb20&#8243;][\/qode_elements_holder_item][\/qode_elements_holder][\/vc_column][vc_column width=\u00bb1\/3&#8243;][vc_separator type=\u00bbtransparent\u00bb up=\u00bb50&#8243;][vc_empty_space height=\u00bb25px\u00bb][vc_single_image image=\u00bb501&#8243; img_size=\u00bbfull\u00bb qode_css_animation=\u00bb\u00bb][vc_empty_space height=\u00bb25px\u00bb]<div class='service_table_holder' style='border-style:solid;border-width:2px;border-color:#e8e8e8;'><ul class='service_table_inner'><li class='service_table_title_holder background_color_type' style='background-color: #004a98;'><div class='service_table_title_inner'><div class='service_table_title_inner2'><h3 class='service_title' style='color: #ffffff;'>RESERVA AHORA 93 748 48 85<\/h3><\/div><\/div><\/li><li class='service_table_content' style='background-color: #ffffff;'><\/p>\n<ul>\n<li style=\"text-align: center;\"><a href=\"https:\/\/www.imdsd.net\/es\/centros-de-diagnostico-por-imagen\/sabadell-calle-illa\/\">MAMOGRAFIA SABADELL CENTRO<\/a><\/li>\n<li style=\"text-align: center;\"><a href=\"https:\/\/www.imdsd.net\/es\/centros-de-diagnostico-por-imagen\/imd-sabadell-paddock\/\">MAMOGRAF\u00cdA EIX MACI\u00c0<\/a><\/li>\n<\/ul>\n<p><\/li><\/ul><\/div>[vc_empty_space height=\u00bb25px\u00bb]<div class=\"q_box_holder with_icon\" style=\"border-color: #e8e8e8;background-color: #e8e8e8;\"><div class=\"box_holder_icon\"><div class=\"box_holder_icon_inner small normal_icon \" style=\"\"><a itemprop=\"url\" href=\"https:\/\/www.imdsd.net\/es\/centros-de-diagnostico-por-imagen\/mutuas\/\" target=\"\" class=\"q_icon_link\"><span data-icon-type=\"normal\"  data-icon-hover-color=\"#c9c9c9\" style=\"\" class=\"qode_iwt_icon_holder q_font_awsome_icon fa-2x  \"><i class=\"qodef-icon-dripicons dripicon  qode_iwt_icon_element\" style=\"color: #004a98;\" ><\/i><\/span><\/a><\/div><\/div><div class=\"box_holder_inner small center\"><h3 class=\"icon_title\" style=\"color: #004a98;font-weight: 300;\">M\u00fatua Mamografias<\/h3><span class=\"separator transparent\" style=\"margin: 8px 0;\"><\/span><p style=\"color: #7c7c7c\"><\/p><a itemprop='url' class='icon_with_title_link' href='https:\/\/www.imdsd.net\/es\/centros-de-diagnostico-por-imagen\/mutuas\/' target='_self' style=''>Nuestras Mutuas<\/a><\/div><\/div>[vc_empty_space height=\u00bb25px\u00bb]<div class=\"q_box_holder with_icon\" style=\"border-color: #e8e8e8;background-color: #e8e8e8;\"><div class=\"box_holder_icon\"><div class=\"box_holder_icon_inner small normal_icon \" style=\"\"><span data-icon-type=\"normal\"   style=\"\" class=\"qode_iwt_icon_holder q_font_awsome_icon fa-2x  \"><i class=\"qodef-icon-dripicons dripicon  qode_iwt_icon_element\" style=\"color: #004a98;\" ><\/i><\/span><\/div><\/div><div class=\"box_holder_inner small center\"><h3 class=\"icon_title\" style=\"color: #004a98;font-weight: 300;\">Centros Radiol\u00f3gicos<\/h3><span class=\"separator transparent\" style=\"margin: 8px 0;\"><\/span><p style=\"color: #7c7c7c\"><\/p><a itemprop='url' class='icon_with_title_link' href='https:\/\/www.imdsd.net\/es\/centros-de-diagnostico-por-imagen\/' target='_self' style=''>Centros radiol\u00f3gicos<\/a><\/div><\/div>[vc_empty_space height=\u00bb25px\u00bb]<a  itemprop=\"url\" href=\"https:\/\/www.imdsd.net\/es\/especialidades\/mamografia\/\" target=\"_self\" data-hover-background-color=#000000 data-hover-border-color=#ffffff  class=\"qbutton  big_large_full_width default\" style=\"border-color: #ffffff; background-color: #004a98;\">Cita online<\/a>[\/vc_column][\/vc_row][vc_row css_animation=\u00bb\u00bb row_type=\u00bbrow\u00bb use_row_as_full_screen_section=\u00bbno\u00bb type=\u00bbfull_width\u00bb angled_section=\u00bbno\u00bb text_align=\u00bbleft\u00bb background_image_as_pattern=\u00bbwithout_pattern\u00bb][vc_column width=\u00bb1\/3&#8243;][vc_column_text]<\/p>\n<h2>La Mamograf\u00eda bilateral es indolora<\/h2>\n<p>En la mayor\u00eda de casos realizarse una mamograf\u00eda en nuestros <a href=\"https:\/\/www.imdsd.net\/es\/\">centros de diagn\u00f3stico<\/a> no produce dolor. Aunque en aquellos casos de mayor sensibilidad o de mamas m\u00e1s fibrosas puede causar alguna molestia. En Imd realizamos cada prueba diagn\u00f3stica con radi\u00f3logos experimentados que conocen las mejores posiciones para hacer m\u00e1s llevadera la mamo en el caso de tener m\u00e1s molestias de las habituales.[\/vc_column_text][\/vc_column][vc_column width=\u00bb1\/3&#8243;][vc_empty_space height=\u00bb20px\u00bb][vc_column_text]<\/p>\n<h3>\u00bfCu\u00e1nto tiempo dura?<\/h3>\n<p>Si es la primera vez que te vas a hacer esta sencilla prueba y te preguntas cu\u00e1nto tiempo dura, no te preocupes, en apenas unos pocos minutos estar\u00e1 realizada.<\/p>\n<p>Te acompa\u00f1ar\u00e1 un radi\u00f3logo en todo momento para ayudarte en la colocaci\u00f3n del pecho para que la visualizaci\u00f3n de los tejidos externos sea la m\u00e1s \u00f3ptima. No necesitamos contraste lo que supone un ahorro de tiempo. Dependiendo del resultado, el especialista puede solicitar una <a href=\"https:\/\/www.imdsd.net\/es\/especialidades\/ecografia\/\">ecograf\u00eda mamaria<\/a> complementaria para el estudio completo de la zona.[\/vc_column_text][\/vc_column][vc_column width=\u00bb1\/3&#8243;][vc_empty_space height=\u00bb20px\u00bb][vc_column_text]<\/p>\n<h3>Consejos<\/h3>\n<p>La prueba se realiza bajo prescripci\u00f3n m\u00e9dica.<\/p>\n<p>Si no es la primera prueba y dispones de historial radiol\u00f3gico, es importante aportar los resultados anteriores u otros estudios realizados para contrastar y su \u00f3ptima valoraci\u00f3n.[\/vc_column_text][\/vc_column][\/vc_row][vc_row css_animation=\u00bb\u00bb row_type=\u00bbrow\u00bb use_row_as_full_screen_section=\u00bbno\u00bb type=\u00bbfull_width\u00bb angled_section=\u00bbno\u00bb text_align=\u00bbleft\u00bb background_image_as_pattern=\u00bbwithout_pattern\u00bb][vc_column][vc_empty_space][\/vc_column][\/vc_row]<\/p>\n","protected":false},"excerpt":{"rendered":"<p>[vc_row css_animation=\u00bb\u00bb row_type=\u00bbrow\u00bb use_row_as_full_screen_section=\u00bbno\u00bb type=\u00bbgrid\u00bb angled_section=\u00bbno\u00bb text_align=\u00bbcenter\u00bb background_image_as_pattern=\u00bbwithout_pattern\u00bb z_index=\u00bb\u00bb][vc_column][qode_elements_holder number_of_columns=\u00bbone_column\u00bb][qode_elements_holder_item advanced_animations=\u00bbno\u00bb item_padding=\u00bb188px 0px 0px\u00bb item_padding_600_768=\u00bb60px 0px 0px\u00bb item_padding_480_600=\u00bb60px 0px 0px\u00bb item_padding_480=\u00bb60px 0px 0px\u00bb][vc_single_image image=\u00bb816&#8243; img_size=\u00bbfull\u00bb alignment=\u00bbcenter\u00bb qode_css_animation=\u00bb\u00bb][vc_empty_space height=\u00bb7px\u00bb][vc_column_text] Mamograf\u00eda [\/vc_column_text][\/qode_elements_holder_item][\/qode_elements_holder][\/vc_column][\/vc_row][vc_row css_animation=\u00bb\u00bb row_type=\u00bbrow\u00bb use_row_as_full_screen_section=\u00bbno\u00bb type=\u00bbgrid\u00bb angled_section=\u00bbno\u00bb text_align=\u00bbcenter\u00bb background_image_as_pattern=\u00bbwithout_pattern\u00bb z_index=\u00bb\u00bb][vc_column width=\u00bb2\/3&#8243;][qode_elements_holder number_of_columns=\u00bbone_column\u00bb][qode_elements_holder_item horizontal_alignment=\u00bbleft\u00bb advanced_animations=\u00bbno\u00bb item_padding=\u00bb10px 0px 0px\u00bb&#8230;<\/p>\n","protected":false},"author":2,"featured_media":0,"parent":225,"menu_order":4,"comment_status":"closed","ping_status":"closed","template":"","meta":[],"yoast_head":"<!-- This site is optimized with the Yoast SEO plugin v19.7.1 - https:\/\/yoast.com\/wordpress\/plugins\/seo\/ -->\n<title>Mamograf\u00eda Sabadell - Bilateral -Todas las Mutuas<\/title>\n<meta name=\"description\" content=\"Mamograf\u00eda bilateral en Sabadell. Mamograf\u00edas bilaterales, unilaterales de la glandula mamaria con aparatos de \u00faltima generaci\u00f3n y todas las Mutuas.\" \/>\n<meta name=\"robots\" content=\"index, follow, max-snippet:-1, max-image-preview:large, max-video-preview:-1\" \/>\n<link rel=\"canonical\" href=\"https:\/\/www.imdsd.net\/es\/especialidades\/mamografia\/\" \/>\n<meta property=\"og:locale\" content=\"es_ES\" \/>\n<meta property=\"og:type\" content=\"article\" \/>\n<meta property=\"og:title\" content=\"Mamograf\u00eda Sabadell - Bilateral -Todas las Mutuas\" \/>\n<meta property=\"og:description\" content=\"Mamograf\u00eda bilateral en Sabadell. Mamograf\u00edas bilaterales, unilaterales de la glandula mamaria con aparatos de \u00faltima generaci\u00f3n y todas las Mutuas.\" \/>\n<meta property=\"og:url\" content=\"https:\/\/www.imdsd.net\/es\/especialidades\/mamografia\/\" \/>\n<meta property=\"og:site_name\" content=\"Imatge m\u00e8dica digital - Serveis de diagn\u00f2stic per imatge\" \/>\n<meta property=\"article:modified_time\" content=\"2022-08-31T08:04:35+00:00\" \/>\n<meta name=\"twitter:card\" content=\"summary_large_image\" \/>\n<meta name=\"twitter:label1\" content=\"Tiempo de lectura\" \/>\n\t<meta name=\"twitter:data1\" content=\"6 minutos\" \/>\n<script type=\"application\/ld+json\" class=\"yoast-schema-graph\">{\"@context\":\"https:\/\/schema.org\",\"@graph\":[{\"@type\":\"WebPage\",\"@id\":\"https:\/\/www.imdsd.net\/es\/especialidades\/mamografia\/\",\"url\":\"https:\/\/www.imdsd.net\/es\/especialidades\/mamografia\/\",\"name\":\"Mamograf\u00eda Sabadell - Bilateral -Todas las Mutuas\",\"isPartOf\":{\"@id\":\"https:\/\/www.imdsd.net\/es\/#website\"},\"datePublished\":\"2019-06-02T19:41:17+00:00\",\"dateModified\":\"2022-08-31T08:04:35+00:00\",\"description\":\"Mamograf\u00eda bilateral en Sabadell. Mamograf\u00edas bilaterales, unilaterales de la glandula mamaria con aparatos de \u00faltima generaci\u00f3n y todas las Mutuas.\",\"breadcrumb\":{\"@id\":\"https:\/\/www.imdsd.net\/es\/especialidades\/mamografia\/#breadcrumb\"},\"inLanguage\":\"es\",\"potentialAction\":[{\"@type\":\"ReadAction\",\"target\":[\"https:\/\/www.imdsd.net\/es\/especialidades\/mamografia\/\"]}]},{\"@type\":\"BreadcrumbList\",\"@id\":\"https:\/\/www.imdsd.net\/es\/especialidades\/mamografia\/#breadcrumb\",\"itemListElement\":[{\"@type\":\"ListItem\",\"position\":1,\"name\":\"Inici\",\"item\":\"https:\/\/www.imdsd.net\/es\/\"},{\"@type\":\"ListItem\",\"position\":2,\"name\":\"Especialidades\",\"item\":\"https:\/\/www.imdsd.net\/es\/especialidades\/\"},{\"@type\":\"ListItem\",\"position\":3,\"name\":\"Mamograf\u00eda\"}]},{\"@type\":\"WebSite\",\"@id\":\"https:\/\/www.imdsd.net\/es\/#website\",\"url\":\"https:\/\/www.imdsd.net\/es\/\",\"name\":\"Imatge m\u00e8dica digital - Serveis de diagn\u00f2stic per imatge\",\"description\":\"Diagn\u00f2stic per imatge i tele-radiolog\u00eda\",\"publisher\":{\"@id\":\"https:\/\/www.imdsd.net\/es\/#organization\"},\"potentialAction\":[{\"@type\":\"SearchAction\",\"target\":{\"@type\":\"EntryPoint\",\"urlTemplate\":\"https:\/\/www.imdsd.net\/es\/?s={search_term_string}\"},\"query-input\":\"required name=search_term_string\"}],\"inLanguage\":\"es\"},{\"@type\":\"Organization\",\"@id\":\"https:\/\/www.imdsd.net\/es\/#organization\",\"name\":\"IMATGE M\u00c8DICA DIGITAL\",\"url\":\"https:\/\/www.imdsd.net\/es\/\",\"sameAs\":[],\"logo\":{\"@type\":\"ImageObject\",\"inLanguage\":\"es\",\"@id\":\"https:\/\/www.imdsd.net\/es\/#\/schema\/logo\/image\/\",\"url\":\"https:\/\/www.imdsd.net\/wp-content\/uploads\/2019\/05\/logo-imagen-medica-digital-azul.png\",\"contentUrl\":\"https:\/\/www.imdsd.net\/wp-content\/uploads\/2019\/05\/logo-imagen-medica-digital-azul.png\",\"width\":340,\"height\":255,\"caption\":\"IMATGE M\u00c8DICA DIGITAL\"},\"image\":{\"@id\":\"https:\/\/www.imdsd.net\/es\/#\/schema\/logo\/image\/\"}}]}<\/script>\n<!-- \/ Yoast SEO plugin. -->","yoast_head_json":{"title":"Mamograf\u00eda Sabadell - Bilateral -Todas las Mutuas","description":"Mamograf\u00eda bilateral en Sabadell. Mamograf\u00edas bilaterales, unilaterales de la glandula mamaria con aparatos de \u00faltima generaci\u00f3n y todas las Mutuas.","robots":{"index":"index","follow":"follow","max-snippet":"max-snippet:-1","max-image-preview":"max-image-preview:large","max-video-preview":"max-video-preview:-1"},"canonical":"https:\/\/www.imdsd.net\/es\/especialidades\/mamografia\/","og_locale":"es_ES","og_type":"article","og_title":"Mamograf\u00eda Sabadell - Bilateral -Todas las Mutuas","og_description":"Mamograf\u00eda bilateral en Sabadell. Mamograf\u00edas bilaterales, unilaterales de la glandula mamaria con aparatos de \u00faltima generaci\u00f3n y todas las Mutuas.","og_url":"https:\/\/www.imdsd.net\/es\/especialidades\/mamografia\/","og_site_name":"Imatge m\u00e8dica digital - Serveis de diagn\u00f2stic per imatge","article_modified_time":"2022-08-31T08:04:35+00:00","twitter_card":"summary_large_image","twitter_misc":{"Tiempo de lectura":"6 minutos"},"schema":{"@context":"https:\/\/schema.org","@graph":[{"@type":"WebPage","@id":"https:\/\/www.imdsd.net\/es\/especialidades\/mamografia\/","url":"https:\/\/www.imdsd.net\/es\/especialidades\/mamografia\/","name":"Mamograf\u00eda Sabadell - Bilateral -Todas las Mutuas","isPartOf":{"@id":"https:\/\/www.imdsd.net\/es\/#website"},"datePublished":"2019-06-02T19:41:17+00:00","dateModified":"2022-08-31T08:04:35+00:00","description":"Mamograf\u00eda bilateral en Sabadell. Mamograf\u00edas bilaterales, unilaterales de la glandula mamaria con aparatos de \u00faltima generaci\u00f3n y todas las Mutuas.","breadcrumb":{"@id":"https:\/\/www.imdsd.net\/es\/especialidades\/mamografia\/#breadcrumb"},"inLanguage":"es","potentialAction":[{"@type":"ReadAction","target":["https:\/\/www.imdsd.net\/es\/especialidades\/mamografia\/"]}]},{"@type":"BreadcrumbList","@id":"https:\/\/www.imdsd.net\/es\/especialidades\/mamografia\/#breadcrumb","itemListElement":[{"@type":"ListItem","position":1,"name":"Inici","item":"https:\/\/www.imdsd.net\/es\/"},{"@type":"ListItem","position":2,"name":"Especialidades","item":"https:\/\/www.imdsd.net\/es\/especialidades\/"},{"@type":"ListItem","position":3,"name":"Mamograf\u00eda"}]},{"@type":"WebSite","@id":"https:\/\/www.imdsd.net\/es\/#website","url":"https:\/\/www.imdsd.net\/es\/","name":"Imatge m\u00e8dica digital - Serveis de diagn\u00f2stic per imatge","description":"Diagn\u00f2stic per imatge i tele-radiolog\u00eda","publisher":{"@id":"https:\/\/www.imdsd.net\/es\/#organization"},"potentialAction":[{"@type":"SearchAction","target":{"@type":"EntryPoint","urlTemplate":"https:\/\/www.imdsd.net\/es\/?s={search_term_string}"},"query-input":"required name=search_term_string"}],"inLanguage":"es"},{"@type":"Organization","@id":"https:\/\/www.imdsd.net\/es\/#organization","name":"IMATGE M\u00c8DICA DIGITAL","url":"https:\/\/www.imdsd.net\/es\/","sameAs":[],"logo":{"@type":"ImageObject","inLanguage":"es","@id":"https:\/\/www.imdsd.net\/es\/#\/schema\/logo\/image\/","url":"https:\/\/www.imdsd.net\/wp-content\/uploads\/2019\/05\/logo-imagen-medica-digital-azul.png","contentUrl":"https:\/\/www.imdsd.net\/wp-content\/uploads\/2019\/05\/logo-imagen-medica-digital-azul.png","width":340,"height":255,"caption":"IMATGE M\u00c8DICA DIGITAL"},"image":{"@id":"https:\/\/www.imdsd.net\/es\/#\/schema\/logo\/image\/"}}]}},"_links":{"self":[{"href":"https:\/\/www.imdsd.net\/es\/wp-json\/wp\/v2\/pages\/500"}],"collection":[{"href":"https:\/\/www.imdsd.net\/es\/wp-json\/wp\/v2\/pages"}],"about":[{"href":"https:\/\/www.imdsd.net\/es\/wp-json\/wp\/v2\/types\/page"}],"author":[{"embeddable":true,"href":"https:\/\/www.imdsd.net\/es\/wp-json\/wp\/v2\/users\/2"}],"replies":[{"embeddable":true,"href":"https:\/\/www.imdsd.net\/es\/wp-json\/wp\/v2\/comments?post=500"}],"version-history":[{"count":36,"href":"https:\/\/www.imdsd.net\/es\/wp-json\/wp\/v2\/pages\/500\/revisions"}],"predecessor-version":[{"id":1415,"href":"https:\/\/www.imdsd.net\/es\/wp-json\/wp\/v2\/pages\/500\/revisions\/1415"}],"up":[{"embeddable":true,"href":"https:\/\/www.imdsd.net\/es\/wp-json\/wp\/v2\/pages\/225"}],"wp:attachment":[{"href":"https:\/\/www.imdsd.net\/es\/wp-json\/wp\/v2\/media?parent=500"}],"curies":[{"name":"wp","href":"https:\/\/api.w.org\/{rel}","templated":true}]}}