{"id":464,"date":"2019-06-02T20:25:11","date_gmt":"2019-06-02T18:25:11","guid":{"rendered":"https:\/\/www.imdsd.net\/?page_id=464"},"modified":"2022-09-28T17:34:44","modified_gmt":"2022-09-28T15:34:44","slug":"resonancia-magnetica","status":"publish","type":"page","link":"https:\/\/www.imdsd.net\/es\/especialidades\/resonancia-magnetica\/","title":{"rendered":"Resonancia Magn\u00e9tica"},"content":{"rendered":"<p>[vc_row css_animation=\u00bb\u00bb row_type=\u00bbrow\u00bb use_row_as_full_screen_section=\u00bbno\u00bb type=\u00bbgrid\u00bb angled_section=\u00bbno\u00bb text_align=\u00bbcenter\u00bb background_image_as_pattern=\u00bbwithout_pattern\u00bb z_index=\u00bb\u00bb][vc_column][qode_elements_holder number_of_columns=\u00bbone_column\u00bb][qode_elements_holder_item advanced_animations=\u00bbno\u00bb item_padding=\u00bb188px 0px 0px\u00bb item_padding_600_768=\u00bb60px 0px 0px\u00bb item_padding_480_600=\u00bb60px 0px 0px\u00bb item_padding_480=\u00bb60px 0px 0px\u00bb][vc_single_image image=\u00bb816&#8243; img_size=\u00bbfull\u00bb alignment=\u00bbcenter\u00bb qode_css_animation=\u00bb\u00bb][vc_empty_space height=\u00bb7px\u00bb][vc_column_text]<\/p>\n<h1>Resonancia Magn\u00e9tica<\/h1>\n<p>[\/vc_column_text][\/qode_elements_holder_item][\/qode_elements_holder][\/vc_column][\/vc_row][vc_row css_animation=\u00bb\u00bb row_type=\u00bbrow\u00bb use_row_as_full_screen_section=\u00bbno\u00bb type=\u00bbgrid\u00bb angled_section=\u00bbno\u00bb text_align=\u00bbcenter\u00bb background_image_as_pattern=\u00bbwithout_pattern\u00bb z_index=\u00bb\u00bb][vc_column][qode_elements_holder number_of_columns=\u00bbone_column\u00bb][qode_elements_holder_item horizontal_alignment=\u00bbleft\u00bb advanced_animations=\u00bbno\u00bb item_padding=\u00bb10px 0px 0px\u00bb item_padding_600_768=\u00bb60px 0px 0px\u00bb item_padding_480_600=\u00bb60px 0px 0px\u00bb item_padding_480=\u00bb60px 0px 0px\u00bb][vc_empty_space height=\u00bb7px\u00bb][vc_column_text]<\/p>\n<h2>\u00bf Qu\u00e9 es una resonancia magn\u00e9tica?<\/h2>\n<p>La Resonancia Magn\u00e9tica es una t\u00e9cnica no invasiva que produce im\u00e1genes anat\u00f3micas tridimensionales sin necesidad de utilizar radiaci\u00f3n.<\/p>\n<h3>Una tecnolog\u00eda de \u00faltima generaci\u00f3n<\/h3>\n<p>Se utiliza para la detecci\u00f3n de enfermedades, el diagn\u00f3stico y la monitorizaci\u00f3n de tratamientos. Se basa en una sofisticada tecnolog\u00eda que estimula y detecta el cambio en direcci\u00f3n del eje de rotaci\u00f3n de protones que se encuentran en el agua que compone los tejidos vivos.<\/p>\n<p>&nbsp;<\/p>\n<h3>\u00bf C\u00f3mo funciona?<\/h3>\n<p>Para obtener una imagen por resonancia se coloca al paciente al equipo que est\u00e1 dotado con el im\u00e1n de gran tama\u00f1o. El paciente debe estar inm\u00f3vil durante el proceso para que la imagen no quede borrosa. En algunas ocasiones, dependiendo de la patolog\u00eda a diagnosticar, es necesario la administraci\u00f3n previa de medios de contraste que har\u00e1 resaltar la zona concreta en estudio.<\/p>\n<p>&nbsp;<\/p>\n<p>Esta prueba es apropiada para obtener im\u00e1genes de las partes no \u00f3seas y de los tejidos blandos del cuerpo. A diferencia de las im\u00e1genes de TAC, no usan radiaci\u00f3n ionizante de los rayos X. El cerebro, la m\u00e9dula espinal, los nervios, as\u00ed como m\u00fasculos, ligamentos y tendones se ven mucho m\u00e1s claros con Resonancia Magnetica que con rayos X y TAC .<\/p>\n<p>&nbsp;<\/p>\n<p>Existen diferentes tipos de resonancias en funci\u00f3n de la potencia y de las caracter\u00edsticas. En nuestras instalaciones \u00fanicamente trabajamos en funci\u00f3n con los mejores equipos tecnol\u00f3gicos. Garantizar la fiabilidad de las pruebas diagn\u00f3sticas es sin duda la mejor prevenci\u00f3n para la salud.<\/p>\n<p>En Imd contamos con diferentes equipos distintos para realizar el diagn\u00f3stico:[\/vc_column_text][\/qode_elements_holder_item][\/qode_elements_holder][\/vc_column][\/vc_row][vc_row css_animation=\u00bb\u00bb row_type=\u00bbrow\u00bb use_row_as_full_screen_section=\u00bbno\u00bb type=\u00bbgrid\u00bb angled_section=\u00bbno\u00bb text_align=\u00bbleft\u00bb background_image_as_pattern=\u00bbwithout_pattern\u00bb z_index=\u00bb\u00bb css=\u00bb.vc_custom_1512642976264{padding-top: 135px !important;padding-bottom: 58px !important;}\u00bb][vc_column offset=\u00bbvc_col-md-4&#8243;]<div class='q_icon_with_title tiny custom_icon_image center '><div class=\"icon_holder \" style=\" \"><img itemprop=\"image\" style=\"\" src=\"https:\/\/www.imdsd.net\/wp-content\/uploads\/2019\/06\/Resonancia-magnetica-alto-campo-3-Tesla.jpg\" alt=\"\"><\/div><div class=\"icon_text_holder\" style=\"\"><div class=\"icon_text_inner\" style=\"\"><h4 class=\"icon_title\" style=\"\">Resonancia alto campo<\/h4><p style=''>La Resonancia Magn\u00e9tica de Alto Campo - 3 Tesla es un equipo en el que se realizan estudios avanzados<\/p><a itemprop='url' class='icon_with_title_link' href='https:\/\/www.imdsd.net\/es\/especialidades\/resonancia-magnetica\/resonancia-magnetica-de-alto-campo-3-tesla\/' target='_self' style=''>Ver m\u00e1s informaci\u00f3n<\/a><\/div><\/div><\/div>[vc_empty_space height=\u00bb57px\u00bb][\/vc_column][vc_column offset=\u00bbvc_col-md-4&#8243;]<div class='q_icon_with_title tiny custom_icon_image center '><div class=\"icon_holder \" style=\" \"><img itemprop=\"image\" style=\"\" src=\"https:\/\/www.imdsd.net\/wp-content\/uploads\/2019\/06\/Ressonancia-Magnetica.jpg\" alt=\"\"><\/div><div class=\"icon_text_holder\" style=\"\"><div class=\"icon_text_inner\" style=\"\"><h4 class=\"icon_title\" style=\"\">Resonancia Magn\u00e9tica Abierta<\/h4><p style=''>Su dise\u00f1o exclusivo y totalmente abierto (en forma de C) permite acceder f\u00e1cilmente a la zona de exploraci\u00f3n<\/p><a itemprop='url' class='icon_with_title_link' href='https:\/\/www.imdsd.net\/es\/especialidades\/resonancia-magnetica\/resonancia-magnetica-abierta\/' target='_self' style=''>Ver m\u00e1s informaci\u00f3n<\/a><\/div><\/div><\/div>[vc_empty_space height=\u00bb57px\u00bb][\/vc_column][vc_column offset=\u00bbvc_col-md-4&#8243;][vc_empty_space height=\u00bb57px\u00bb][\/vc_column][\/vc_row]<\/p>\n","protected":false},"excerpt":{"rendered":"<p>[vc_row css_animation=\u00bb\u00bb row_type=\u00bbrow\u00bb use_row_as_full_screen_section=\u00bbno\u00bb type=\u00bbgrid\u00bb angled_section=\u00bbno\u00bb text_align=\u00bbcenter\u00bb background_image_as_pattern=\u00bbwithout_pattern\u00bb z_index=\u00bb\u00bb][vc_column][qode_elements_holder number_of_columns=\u00bbone_column\u00bb][qode_elements_holder_item advanced_animations=\u00bbno\u00bb item_padding=\u00bb188px 0px 0px\u00bb item_padding_600_768=\u00bb60px 0px 0px\u00bb item_padding_480_600=\u00bb60px 0px 0px\u00bb item_padding_480=\u00bb60px 0px 0px\u00bb][vc_single_image image=\u00bb816&#8243; img_size=\u00bbfull\u00bb alignment=\u00bbcenter\u00bb qode_css_animation=\u00bb\u00bb][vc_empty_space height=\u00bb7px\u00bb][vc_column_text] Resonancia Magn\u00e9tica [\/vc_column_text][\/qode_elements_holder_item][\/qode_elements_holder][\/vc_column][\/vc_row][vc_row css_animation=\u00bb\u00bb row_type=\u00bbrow\u00bb use_row_as_full_screen_section=\u00bbno\u00bb type=\u00bbgrid\u00bb angled_section=\u00bbno\u00bb text_align=\u00bbcenter\u00bb background_image_as_pattern=\u00bbwithout_pattern\u00bb z_index=\u00bb\u00bb][vc_column][qode_elements_holder number_of_columns=\u00bbone_column\u00bb][qode_elements_holder_item horizontal_alignment=\u00bbleft\u00bb advanced_animations=\u00bbno\u00bb item_padding=\u00bb10px 0px 0px\u00bb&#8230;<\/p>\n","protected":false},"author":2,"featured_media":0,"parent":225,"menu_order":1,"comment_status":"closed","ping_status":"closed","template":"","meta":[],"yoast_head":"<!-- This site is optimized with the Yoast SEO plugin v19.7.1 - https:\/\/yoast.com\/wordpress\/plugins\/seo\/ -->\n<title>Resonancia Magn\u00e9tica - Centro especialista radiologico en Sabadell<\/title>\n<meta name=\"description\" content=\"Centro especialista en resonancia magn\u00e9tica de Sabadell. La tecnolog\u00eda de \u00faltima generaci\u00f3n en un dise\u00f1o abierto, anti claustrofobia y sin listas de espera.\" \/>\n<meta name=\"robots\" content=\"index, follow, max-snippet:-1, max-image-preview:large, max-video-preview:-1\" \/>\n<link rel=\"canonical\" href=\"https:\/\/www.imdsd.net\/es\/especialidades\/resonancia-magnetica\/\" \/>\n<meta property=\"og:locale\" content=\"es_ES\" \/>\n<meta property=\"og:type\" content=\"article\" \/>\n<meta property=\"og:title\" content=\"Resonancia Magn\u00e9tica - Centro especialista radiologico en Sabadell\" \/>\n<meta property=\"og:description\" content=\"Centro especialista en resonancia magn\u00e9tica de Sabadell. La tecnolog\u00eda de \u00faltima generaci\u00f3n en un dise\u00f1o abierto, anti claustrofobia y sin listas de espera.\" \/>\n<meta property=\"og:url\" content=\"https:\/\/www.imdsd.net\/es\/especialidades\/resonancia-magnetica\/\" \/>\n<meta property=\"og:site_name\" content=\"Imatge m\u00e8dica digital - Serveis de diagn\u00f2stic per imatge\" \/>\n<meta property=\"article:modified_time\" content=\"2022-09-28T15:34:44+00:00\" \/>\n<meta name=\"twitter:card\" content=\"summary_large_image\" \/>\n<meta name=\"twitter:label1\" content=\"Tiempo de lectura\" \/>\n\t<meta name=\"twitter:data1\" content=\"3 minutos\" \/>\n<script type=\"application\/ld+json\" class=\"yoast-schema-graph\">{\"@context\":\"https:\/\/schema.org\",\"@graph\":[{\"@type\":\"WebPage\",\"@id\":\"https:\/\/www.imdsd.net\/es\/especialidades\/resonancia-magnetica\/\",\"url\":\"https:\/\/www.imdsd.net\/es\/especialidades\/resonancia-magnetica\/\",\"name\":\"Resonancia Magn\u00e9tica - Centro especialista radiologico en Sabadell\",\"isPartOf\":{\"@id\":\"https:\/\/www.imdsd.net\/es\/#website\"},\"datePublished\":\"2019-06-02T18:25:11+00:00\",\"dateModified\":\"2022-09-28T15:34:44+00:00\",\"description\":\"Centro especialista en resonancia magn\u00e9tica de Sabadell. La tecnolog\u00eda de \u00faltima generaci\u00f3n en un dise\u00f1o abierto, anti claustrofobia y sin listas de espera.\",\"breadcrumb\":{\"@id\":\"https:\/\/www.imdsd.net\/es\/especialidades\/resonancia-magnetica\/#breadcrumb\"},\"inLanguage\":\"es\",\"potentialAction\":[{\"@type\":\"ReadAction\",\"target\":[\"https:\/\/www.imdsd.net\/es\/especialidades\/resonancia-magnetica\/\"]}]},{\"@type\":\"BreadcrumbList\",\"@id\":\"https:\/\/www.imdsd.net\/es\/especialidades\/resonancia-magnetica\/#breadcrumb\",\"itemListElement\":[{\"@type\":\"ListItem\",\"position\":1,\"name\":\"Inici\",\"item\":\"https:\/\/www.imdsd.net\/es\/\"},{\"@type\":\"ListItem\",\"position\":2,\"name\":\"Especialidades\",\"item\":\"https:\/\/www.imdsd.net\/es\/especialidades\/\"},{\"@type\":\"ListItem\",\"position\":3,\"name\":\"Resonancia Magn\u00e9tica\"}]},{\"@type\":\"WebSite\",\"@id\":\"https:\/\/www.imdsd.net\/es\/#website\",\"url\":\"https:\/\/www.imdsd.net\/es\/\",\"name\":\"Imatge m\u00e8dica digital - Serveis de diagn\u00f2stic per imatge\",\"description\":\"Diagn\u00f2stic per imatge i tele-radiolog\u00eda\",\"publisher\":{\"@id\":\"https:\/\/www.imdsd.net\/es\/#organization\"},\"potentialAction\":[{\"@type\":\"SearchAction\",\"target\":{\"@type\":\"EntryPoint\",\"urlTemplate\":\"https:\/\/www.imdsd.net\/es\/?s={search_term_string}\"},\"query-input\":\"required name=search_term_string\"}],\"inLanguage\":\"es\"},{\"@type\":\"Organization\",\"@id\":\"https:\/\/www.imdsd.net\/es\/#organization\",\"name\":\"IMATGE M\u00c8DICA DIGITAL\",\"url\":\"https:\/\/www.imdsd.net\/es\/\",\"sameAs\":[],\"logo\":{\"@type\":\"ImageObject\",\"inLanguage\":\"es\",\"@id\":\"https:\/\/www.imdsd.net\/es\/#\/schema\/logo\/image\/\",\"url\":\"https:\/\/www.imdsd.net\/wp-content\/uploads\/2019\/05\/logo-imagen-medica-digital-azul.png\",\"contentUrl\":\"https:\/\/www.imdsd.net\/wp-content\/uploads\/2019\/05\/logo-imagen-medica-digital-azul.png\",\"width\":340,\"height\":255,\"caption\":\"IMATGE M\u00c8DICA DIGITAL\"},\"image\":{\"@id\":\"https:\/\/www.imdsd.net\/es\/#\/schema\/logo\/image\/\"}}]}<\/script>\n<!-- \/ Yoast SEO plugin. -->","yoast_head_json":{"title":"Resonancia Magn\u00e9tica - Centro especialista radiologico en Sabadell","description":"Centro especialista en resonancia magn\u00e9tica de Sabadell. La tecnolog\u00eda de \u00faltima generaci\u00f3n en un dise\u00f1o abierto, anti claustrofobia y sin listas de espera.","robots":{"index":"index","follow":"follow","max-snippet":"max-snippet:-1","max-image-preview":"max-image-preview:large","max-video-preview":"max-video-preview:-1"},"canonical":"https:\/\/www.imdsd.net\/es\/especialidades\/resonancia-magnetica\/","og_locale":"es_ES","og_type":"article","og_title":"Resonancia Magn\u00e9tica - Centro especialista radiologico en Sabadell","og_description":"Centro especialista en resonancia magn\u00e9tica de Sabadell. La tecnolog\u00eda de \u00faltima generaci\u00f3n en un dise\u00f1o abierto, anti claustrofobia y sin listas de espera.","og_url":"https:\/\/www.imdsd.net\/es\/especialidades\/resonancia-magnetica\/","og_site_name":"Imatge m\u00e8dica digital - Serveis de diagn\u00f2stic per imatge","article_modified_time":"2022-09-28T15:34:44+00:00","twitter_card":"summary_large_image","twitter_misc":{"Tiempo de lectura":"3 minutos"},"schema":{"@context":"https:\/\/schema.org","@graph":[{"@type":"WebPage","@id":"https:\/\/www.imdsd.net\/es\/especialidades\/resonancia-magnetica\/","url":"https:\/\/www.imdsd.net\/es\/especialidades\/resonancia-magnetica\/","name":"Resonancia Magn\u00e9tica - Centro especialista radiologico en Sabadell","isPartOf":{"@id":"https:\/\/www.imdsd.net\/es\/#website"},"datePublished":"2019-06-02T18:25:11+00:00","dateModified":"2022-09-28T15:34:44+00:00","description":"Centro especialista en resonancia magn\u00e9tica de Sabadell. La tecnolog\u00eda de \u00faltima generaci\u00f3n en un dise\u00f1o abierto, anti claustrofobia y sin listas de espera.","breadcrumb":{"@id":"https:\/\/www.imdsd.net\/es\/especialidades\/resonancia-magnetica\/#breadcrumb"},"inLanguage":"es","potentialAction":[{"@type":"ReadAction","target":["https:\/\/www.imdsd.net\/es\/especialidades\/resonancia-magnetica\/"]}]},{"@type":"BreadcrumbList","@id":"https:\/\/www.imdsd.net\/es\/especialidades\/resonancia-magnetica\/#breadcrumb","itemListElement":[{"@type":"ListItem","position":1,"name":"Inici","item":"https:\/\/www.imdsd.net\/es\/"},{"@type":"ListItem","position":2,"name":"Especialidades","item":"https:\/\/www.imdsd.net\/es\/especialidades\/"},{"@type":"ListItem","position":3,"name":"Resonancia Magn\u00e9tica"}]},{"@type":"WebSite","@id":"https:\/\/www.imdsd.net\/es\/#website","url":"https:\/\/www.imdsd.net\/es\/","name":"Imatge m\u00e8dica digital - Serveis de diagn\u00f2stic per imatge","description":"Diagn\u00f2stic per imatge i tele-radiolog\u00eda","publisher":{"@id":"https:\/\/www.imdsd.net\/es\/#organization"},"potentialAction":[{"@type":"SearchAction","target":{"@type":"EntryPoint","urlTemplate":"https:\/\/www.imdsd.net\/es\/?s={search_term_string}"},"query-input":"required name=search_term_string"}],"inLanguage":"es"},{"@type":"Organization","@id":"https:\/\/www.imdsd.net\/es\/#organization","name":"IMATGE M\u00c8DICA DIGITAL","url":"https:\/\/www.imdsd.net\/es\/","sameAs":[],"logo":{"@type":"ImageObject","inLanguage":"es","@id":"https:\/\/www.imdsd.net\/es\/#\/schema\/logo\/image\/","url":"https:\/\/www.imdsd.net\/wp-content\/uploads\/2019\/05\/logo-imagen-medica-digital-azul.png","contentUrl":"https:\/\/www.imdsd.net\/wp-content\/uploads\/2019\/05\/logo-imagen-medica-digital-azul.png","width":340,"height":255,"caption":"IMATGE M\u00c8DICA DIGITAL"},"image":{"@id":"https:\/\/www.imdsd.net\/es\/#\/schema\/logo\/image\/"}}]}},"_links":{"self":[{"href":"https:\/\/www.imdsd.net\/es\/wp-json\/wp\/v2\/pages\/464"}],"collection":[{"href":"https:\/\/www.imdsd.net\/es\/wp-json\/wp\/v2\/pages"}],"about":[{"href":"https:\/\/www.imdsd.net\/es\/wp-json\/wp\/v2\/types\/page"}],"author":[{"embeddable":true,"href":"https:\/\/www.imdsd.net\/es\/wp-json\/wp\/v2\/users\/2"}],"replies":[{"embeddable":true,"href":"https:\/\/www.imdsd.net\/es\/wp-json\/wp\/v2\/comments?post=464"}],"version-history":[{"count":18,"href":"https:\/\/www.imdsd.net\/es\/wp-json\/wp\/v2\/pages\/464\/revisions"}],"predecessor-version":[{"id":1442,"href":"https:\/\/www.imdsd.net\/es\/wp-json\/wp\/v2\/pages\/464\/revisions\/1442"}],"up":[{"embeddable":true,"href":"https:\/\/www.imdsd.net\/es\/wp-json\/wp\/v2\/pages\/225"}],"wp:attachment":[{"href":"https:\/\/www.imdsd.net\/es\/wp-json\/wp\/v2\/media?parent=464"}],"curies":[{"name":"wp","href":"https:\/\/api.w.org\/{rel}","templated":true}]}}