{"id":225,"date":"2019-05-01T18:57:42","date_gmt":"2019-05-01T16:57:42","guid":{"rendered":"https:\/\/www.imdsd.net\/?page_id=225"},"modified":"2022-09-28T17:31:24","modified_gmt":"2022-09-28T15:31:24","slug":"especialidades","status":"publish","type":"page","link":"https:\/\/www.imdsd.net\/es\/especialidades\/","title":{"rendered":"Especialidades"},"content":{"rendered":"<p>[vc_row css_animation=\u00bb\u00bb row_type=\u00bbrow\u00bb use_row_as_full_screen_section=\u00bbno\u00bb type=\u00bbgrid\u00bb angled_section=\u00bbno\u00bb text_align=\u00bbcenter\u00bb background_image_as_pattern=\u00bbwithout_pattern\u00bb z_index=\u00bb\u00bb][vc_column][qode_elements_holder number_of_columns=\u00bbone_column\u00bb][qode_elements_holder_item advanced_animations=\u00bbno\u00bb item_padding=\u00bb188px 0px 0px\u00bb item_padding_600_768=\u00bb60px 0px 0px\u00bb item_padding_480_600=\u00bb60px 0px 0px\u00bb item_padding_480=\u00bb60px 0px 0px\u00bb][vc_single_image image=\u00bb816&#8243; img_size=\u00bbfull\u00bb alignment=\u00bbcenter\u00bb qode_css_animation=\u00bb\u00bb][vc_empty_space height=\u00bb7px\u00bb][vc_column_text]<\/p>\n<h1>Especialidades<\/h1>\n<p>[\/vc_column_text][\/qode_elements_holder_item][\/qode_elements_holder][\/vc_column][\/vc_row][vc_row css_animation=\u00bb\u00bb row_type=\u00bbrow\u00bb use_row_as_full_screen_section=\u00bbno\u00bb type=\u00bbgrid\u00bb angled_section=\u00bbno\u00bb text_align=\u00bbleft\u00bb background_image_as_pattern=\u00bbwithout_pattern\u00bb z_index=\u00bb\u00bb css=\u00bb.vc_custom_1561458052422{padding-top: 135px !important;padding-bottom: 18px !important;}\u00bb][vc_column offset=\u00bbvc_col-md-4&#8243;]<div class='q_icon_with_title tiny custom_icon_image '><div class=\"icon_holder \" style=\" \"><img itemprop=\"image\" style=\"\" src=\"https:\/\/www.imdsd.net\/wp-content\/uploads\/2019\/06\/Resonancia-magnetica-alto-campo-3-Tesla.jpg\" alt=\"\"><\/a><\/div><div class=\"icon_text_holder\" style=\"\"><div class=\"icon_text_inner\" style=\"\"><h4 class=\"icon_title\" style=\"\">Resonancia magn\u00e9tica alto campo<\/h4><p style=''>La Resonancia Magn\u00e9tica de Alto Campo - 3 Tesla es un equipo de \u00faltima tecnolog\u00eda en el que se realizan estudios avanzados. de especialidades.<\/p><a itemprop='url' class='icon_with_title_link' href='https:\/\/www.imdsd.net\/es\/especialidades\/resonancia-magnetica\/resonancia-magnetica-de-alto-campo-3-tesla\/' target='_self' style=''>Ver m\u00e1s informaci\u00f3n<\/a><\/div><\/div><\/div>[\/vc_column][vc_column offset=\u00bbvc_col-md-4&#8243;]<div class='q_icon_with_title tiny custom_icon_image '><div class=\"icon_holder \" style=\" \"><img itemprop=\"image\" style=\"\" src=\"https:\/\/www.imdsd.net\/wp-content\/uploads\/2019\/06\/Ressonancia-Magnetica.jpg\" alt=\"\"><\/a><\/div><div class=\"icon_text_holder\" style=\"\"><div class=\"icon_text_inner\" style=\"\"><h4 class=\"icon_title\" style=\"\">Resonancia Magn\u00e9tica Abierta<\/h4><p style=''>Su dise\u00f1o exclusivo y totalmente abierto (en forma de C) permite acceder f\u00e1cilmente a la zona de exploraci\u00f3n y manteniendo libre el campo visual.<\/p><a itemprop='url' class='icon_with_title_link' href='https:\/\/www.imdsd.net\/es\/especialidades\/resonancia-magnetica\/resonancia-magnetica-abierta\/' target='_self' style=''>Ver m\u00e1s informaci\u00f3n<\/a><\/div><\/div><\/div>[\/vc_column][vc_column offset=\u00bbvc_col-md-4&#8243;]<div class='q_icon_with_title tiny custom_icon_image '><div class=\"icon_holder \" style=\" \"><img itemprop=\"image\" style=\"\" src=\"https:\/\/www.imdsd.net\/wp-content\/uploads\/2019\/06\/TAC.jpg\" alt=\"\"><\/div><div class=\"icon_text_holder\" style=\"\"><div class=\"icon_text_inner\" style=\"\"><h4 class=\"icon_title\" style=\"\">TAC<\/h4><p style=''>Nuestro nuevo TAC est\u00e1 preparado para que el paciente reciba la m\u00ednima radiaci\u00f3n necesaria para realizar un diagn\u00f3stico \u00f3ptimo.<\/p><a itemprop='url' class='icon_with_title_link' href='https:\/\/www.imdsd.net\/es\/especialidades\/tac\/' target='_self' style=''>Ver m\u00e1s informaci\u00f3n<\/a><\/div><\/div><\/div>[\/vc_column][\/vc_row][vc_row css_animation=\u00bb\u00bb row_type=\u00bbrow\u00bb use_row_as_full_screen_section=\u00bbno\u00bb type=\u00bbgrid\u00bb angled_section=\u00bbno\u00bb text_align=\u00bbleft\u00bb background_image_as_pattern=\u00bbwithout_pattern\u00bb z_index=\u00bb\u00bb css=\u00bb.vc_custom_1561458080661{padding-top: 35px !important;padding-bottom: 18px !important;}\u00bb][vc_column offset=\u00bbvc_col-md-4&#8243;]<div class='q_icon_with_title tiny custom_icon_image '><div class=\"icon_holder \" style=\" \"><img itemprop=\"image\" style=\"\" src=\"https:\/\/www.imdsd.net\/wp-content\/uploads\/2019\/06\/MAMOGRAFIA.jpg\" alt=\"\"><\/div><div class=\"icon_text_holder\" style=\"\"><div class=\"icon_text_inner\" style=\"\"><h4 class=\"icon_title\" style=\"\">Mamograf\u00eda<\/h4><p style=''>La realizaci\u00f3n de la mamograf\u00eda de screening tiene como finalidad la detecci\u00f3n de cualquier lesi\u00f3n en un estadio precoz.<\/p><a itemprop='url' class='icon_with_title_link' href='https:\/\/www.imdsd.net\/es\/especialidades\/mamografia\/' target='_self' style=''>Ver m\u00e1s informaci\u00f3n<\/a><\/div><\/div><\/div>[\/vc_column][vc_column offset=\u00bbvc_col-md-4&#8243;]<div class='q_icon_with_title tiny custom_icon_image '><div class=\"icon_holder \" style=\" \"><img itemprop=\"image\" style=\"\" src=\"https:\/\/www.imdsd.net\/wp-content\/uploads\/2019\/06\/RX-convencional.jpg\" alt=\"\"><\/div><div class=\"icon_text_holder\" style=\"\"><div class=\"icon_text_inner\" style=\"\"><h4 class=\"icon_title\" style=\"\">RX Convencional<\/h4><p style=''>La radiolog\u00eda simple o convencional es una radiol\u00f3gica que permite obtener im\u00e1genes del interior del cuerpo con diferentes tonos de blanco y negro.<\/p><a itemprop='url' class='icon_with_title_link' href='https:\/\/www.imdsd.net\/es\/especialidades\/rx-convencional\/' target='_self' style=''>Ver m\u00e1s informaci\u00f3n<\/a><\/div><\/div><\/div>[\/vc_column][vc_column offset=\u00bbvc_col-md-4&#8243;]<div class='q_icon_with_title tiny custom_icon_image '><div class=\"icon_holder \" style=\" \"><img itemprop=\"image\" style=\"\" src=\"https:\/\/www.imdsd.net\/wp-content\/uploads\/2019\/06\/Ecografia.jpg\" alt=\"\"><\/div><div class=\"icon_text_holder\" style=\"\"><div class=\"icon_text_inner\" style=\"\"><h4 class=\"icon_title\" style=\"\">Ecograf\u00eda<\/h4><p style=''>La ecograf\u00eda , una de nuestras especialidades, es una t\u00e9cnica de imagen que no utiliza radiaciones ionizantes sino ondas ac\u00fasticas de alta frecuencia (ultrasonidos).<\/p><a itemprop='url' class='icon_with_title_link' href='https:\/\/www.imdsd.net\/es\/especialidades\/ecografia\/' target='_self' style=''>Ver m\u00e1s informaci\u00f3n<\/a><\/div><\/div><\/div>[\/vc_column][\/vc_row][vc_row css_animation=\u00bb\u00bb row_type=\u00bbrow\u00bb use_row_as_full_screen_section=\u00bbno\u00bb type=\u00bbgrid\u00bb angled_section=\u00bbno\u00bb text_align=\u00bbleft\u00bb background_image_as_pattern=\u00bbwithout_pattern\u00bb z_index=\u00bb\u00bb css=\u00bb.vc_custom_1561458072701{padding-top: 35px !important;padding-bottom: 58px !important;}\u00bb][vc_column offset=\u00bbvc_col-md-4&#8243;]<div class='q_icon_with_title tiny custom_icon_image '><div class=\"icon_holder \" style=\" \"><img itemprop=\"image\" style=\"\" src=\"https:\/\/www.imdsd.net\/wp-content\/uploads\/2019\/06\/ortopantomografia.jpg\" alt=\"\"><\/div><div class=\"icon_text_holder\" style=\"\"><div class=\"icon_text_inner\" style=\"\"><h4 class=\"icon_title\" style=\"\">Ortopantomograf\u00eda<\/h4><p style=''>La ortopantomograf\u00eda o radiograf\u00eda panor\u00e1mica es una prueba para la visualizaci\u00f3n de las estructuras que forman parte de la boca.<\/p><a itemprop='url' class='icon_with_title_link' href='https:\/\/www.imdsd.net\/es\/especialidades\/ortopantomografia\/' target='_self' style=''>Ver m\u00e1s informaci\u00f3n<\/a><\/div><\/div><\/div>[\/vc_column][vc_column offset=\u00bbvc_col-md-4&#8243;]<div class='q_icon_with_title tiny custom_icon_image '><div class=\"icon_holder \" style=\" \"><img itemprop=\"image\" style=\"\" src=\"https:\/\/www.imdsd.net\/wp-content\/uploads\/2019\/06\/Tac-Dental-Dentascan.jpg\" alt=\"\"><\/div><div class=\"icon_text_holder\" style=\"\"><div class=\"icon_text_inner\" style=\"\"><h4 class=\"icon_title\" style=\"\">Tac Dental<\/h4><p style=''>TAC helicoidal de \u00faltima generaci\u00f3n que permite en un espacio muy breve de tiempo obtener im\u00e1genes de alt\u00edsima calidad de esta zona.<\/p><a itemprop='url' class='icon_with_title_link' href='https:\/\/www.imdsd.net\/es\/especialidades\/tac-dental\/' target='_self' style=''>Ver m\u00e1s informaci\u00f3n<\/a><\/div><\/div><\/div>[vc_empty_space height=\u00bb57px\u00bb][\/vc_column][vc_column offset=\u00bbvc_col-md-4&#8243;][vc_empty_space height=\u00bb57px\u00bb][\/vc_column][\/vc_row]<\/p>\n","protected":false},"excerpt":{"rendered":"<p>[vc_row css_animation=\u00bb\u00bb row_type=\u00bbrow\u00bb use_row_as_full_screen_section=\u00bbno\u00bb type=\u00bbgrid\u00bb angled_section=\u00bbno\u00bb text_align=\u00bbcenter\u00bb background_image_as_pattern=\u00bbwithout_pattern\u00bb z_index=\u00bb\u00bb][vc_column][qode_elements_holder number_of_columns=\u00bbone_column\u00bb][qode_elements_holder_item advanced_animations=\u00bbno\u00bb item_padding=\u00bb188px 0px 0px\u00bb item_padding_600_768=\u00bb60px 0px 0px\u00bb item_padding_480_600=\u00bb60px 0px 0px\u00bb item_padding_480=\u00bb60px 0px 0px\u00bb][vc_single_image image=\u00bb816&#8243; img_size=\u00bbfull\u00bb alignment=\u00bbcenter\u00bb qode_css_animation=\u00bb\u00bb][vc_empty_space height=\u00bb7px\u00bb][vc_column_text] Especialidades [\/vc_column_text][\/qode_elements_holder_item][\/qode_elements_holder][\/vc_column][\/vc_row][vc_row css_animation=\u00bb\u00bb row_type=\u00bbrow\u00bb use_row_as_full_screen_section=\u00bbno\u00bb type=\u00bbgrid\u00bb angled_section=\u00bbno\u00bb text_align=\u00bbleft\u00bb background_image_as_pattern=\u00bbwithout_pattern\u00bb z_index=\u00bb\u00bb css=\u00bb.vc_custom_1561458052422{padding-top: 135px !important;padding-bottom: 18px !important;}\u00bb][vc_column offset=\u00bbvc_col-md-4&#8243;][\/vc_column][vc_column offset=\u00bbvc_col-md-4&#8243;][\/vc_column][vc_column&#8230;<\/p>\n","protected":false},"author":1,"featured_media":0,"parent":0,"menu_order":3,"comment_status":"closed","ping_status":"closed","template":"full_width.php","meta":[],"yoast_head":"<!-- This site is optimized with the Yoast SEO plugin v19.7.1 - https:\/\/yoast.com\/wordpress\/plugins\/seo\/ -->\n<title>Especialidades - Todas las pruebas diagn\u00f3sticas<\/title>\n<meta name=\"description\" content=\"A Imdsd realizamos todas las especialidades de pruebas diagn\u00f3sticas con la tecnolog\u00eda m\u00e1s puntera y moderna del mercado. Radiograf\u00edas,resonancias, tac,...\" \/>\n<meta name=\"robots\" content=\"index, follow, max-snippet:-1, max-image-preview:large, max-video-preview:-1\" \/>\n<link rel=\"canonical\" href=\"https:\/\/www.imdsd.net\/es\/especialidades\/\" \/>\n<meta property=\"og:locale\" content=\"es_ES\" \/>\n<meta property=\"og:type\" content=\"article\" \/>\n<meta property=\"og:title\" content=\"Especialidades - Todas las pruebas diagn\u00f3sticas\" \/>\n<meta property=\"og:description\" content=\"A Imdsd realizamos todas las especialidades de pruebas diagn\u00f3sticas con la tecnolog\u00eda m\u00e1s puntera y moderna del mercado. Radiograf\u00edas,resonancias, tac,...\" \/>\n<meta property=\"og:url\" content=\"https:\/\/www.imdsd.net\/es\/especialidades\/\" \/>\n<meta property=\"og:site_name\" content=\"Imatge m\u00e8dica digital - Serveis de diagn\u00f2stic per imatge\" \/>\n<meta property=\"article:modified_time\" content=\"2022-09-28T15:31:24+00:00\" \/>\n<meta name=\"twitter:card\" content=\"summary_large_image\" \/>\n<meta name=\"twitter:label1\" content=\"Tiempo de lectura\" \/>\n\t<meta name=\"twitter:data1\" content=\"4 minutos\" \/>\n<script type=\"application\/ld+json\" class=\"yoast-schema-graph\">{\"@context\":\"https:\/\/schema.org\",\"@graph\":[{\"@type\":\"WebPage\",\"@id\":\"https:\/\/www.imdsd.net\/es\/especialidades\/\",\"url\":\"https:\/\/www.imdsd.net\/es\/especialidades\/\",\"name\":\"Especialidades - Todas las pruebas diagn\u00f3sticas\",\"isPartOf\":{\"@id\":\"https:\/\/www.imdsd.net\/es\/#website\"},\"datePublished\":\"2019-05-01T16:57:42+00:00\",\"dateModified\":\"2022-09-28T15:31:24+00:00\",\"description\":\"A Imdsd realizamos todas las especialidades de pruebas diagn\u00f3sticas con la tecnolog\u00eda m\u00e1s puntera y moderna del mercado. Radiograf\u00edas,resonancias, tac,...\",\"breadcrumb\":{\"@id\":\"https:\/\/www.imdsd.net\/es\/especialidades\/#breadcrumb\"},\"inLanguage\":\"es\",\"potentialAction\":[{\"@type\":\"ReadAction\",\"target\":[\"https:\/\/www.imdsd.net\/es\/especialidades\/\"]}]},{\"@type\":\"BreadcrumbList\",\"@id\":\"https:\/\/www.imdsd.net\/es\/especialidades\/#breadcrumb\",\"itemListElement\":[{\"@type\":\"ListItem\",\"position\":1,\"name\":\"Inici\",\"item\":\"https:\/\/www.imdsd.net\/es\/\"},{\"@type\":\"ListItem\",\"position\":2,\"name\":\"Especialidades\"}]},{\"@type\":\"WebSite\",\"@id\":\"https:\/\/www.imdsd.net\/es\/#website\",\"url\":\"https:\/\/www.imdsd.net\/es\/\",\"name\":\"Imatge m\u00e8dica digital - Serveis de diagn\u00f2stic per imatge\",\"description\":\"Diagn\u00f2stic per imatge i tele-radiolog\u00eda\",\"publisher\":{\"@id\":\"https:\/\/www.imdsd.net\/es\/#organization\"},\"potentialAction\":[{\"@type\":\"SearchAction\",\"target\":{\"@type\":\"EntryPoint\",\"urlTemplate\":\"https:\/\/www.imdsd.net\/es\/?s={search_term_string}\"},\"query-input\":\"required name=search_term_string\"}],\"inLanguage\":\"es\"},{\"@type\":\"Organization\",\"@id\":\"https:\/\/www.imdsd.net\/es\/#organization\",\"name\":\"IMATGE M\u00c8DICA DIGITAL\",\"url\":\"https:\/\/www.imdsd.net\/es\/\",\"sameAs\":[],\"logo\":{\"@type\":\"ImageObject\",\"inLanguage\":\"es\",\"@id\":\"https:\/\/www.imdsd.net\/es\/#\/schema\/logo\/image\/\",\"url\":\"https:\/\/www.imdsd.net\/wp-content\/uploads\/2019\/05\/logo-imagen-medica-digital-azul.png\",\"contentUrl\":\"https:\/\/www.imdsd.net\/wp-content\/uploads\/2019\/05\/logo-imagen-medica-digital-azul.png\",\"width\":340,\"height\":255,\"caption\":\"IMATGE M\u00c8DICA DIGITAL\"},\"image\":{\"@id\":\"https:\/\/www.imdsd.net\/es\/#\/schema\/logo\/image\/\"}}]}<\/script>\n<!-- \/ Yoast SEO plugin. -->","yoast_head_json":{"title":"Especialidades - Todas las pruebas diagn\u00f3sticas","description":"A Imdsd realizamos todas las especialidades de pruebas diagn\u00f3sticas con la tecnolog\u00eda m\u00e1s puntera y moderna del mercado. Radiograf\u00edas,resonancias, tac,...","robots":{"index":"index","follow":"follow","max-snippet":"max-snippet:-1","max-image-preview":"max-image-preview:large","max-video-preview":"max-video-preview:-1"},"canonical":"https:\/\/www.imdsd.net\/es\/especialidades\/","og_locale":"es_ES","og_type":"article","og_title":"Especialidades - Todas las pruebas diagn\u00f3sticas","og_description":"A Imdsd realizamos todas las especialidades de pruebas diagn\u00f3sticas con la tecnolog\u00eda m\u00e1s puntera y moderna del mercado. Radiograf\u00edas,resonancias, tac,...","og_url":"https:\/\/www.imdsd.net\/es\/especialidades\/","og_site_name":"Imatge m\u00e8dica digital - Serveis de diagn\u00f2stic per imatge","article_modified_time":"2022-09-28T15:31:24+00:00","twitter_card":"summary_large_image","twitter_misc":{"Tiempo de lectura":"4 minutos"},"schema":{"@context":"https:\/\/schema.org","@graph":[{"@type":"WebPage","@id":"https:\/\/www.imdsd.net\/es\/especialidades\/","url":"https:\/\/www.imdsd.net\/es\/especialidades\/","name":"Especialidades - Todas las pruebas diagn\u00f3sticas","isPartOf":{"@id":"https:\/\/www.imdsd.net\/es\/#website"},"datePublished":"2019-05-01T16:57:42+00:00","dateModified":"2022-09-28T15:31:24+00:00","description":"A Imdsd realizamos todas las especialidades de pruebas diagn\u00f3sticas con la tecnolog\u00eda m\u00e1s puntera y moderna del mercado. Radiograf\u00edas,resonancias, tac,...","breadcrumb":{"@id":"https:\/\/www.imdsd.net\/es\/especialidades\/#breadcrumb"},"inLanguage":"es","potentialAction":[{"@type":"ReadAction","target":["https:\/\/www.imdsd.net\/es\/especialidades\/"]}]},{"@type":"BreadcrumbList","@id":"https:\/\/www.imdsd.net\/es\/especialidades\/#breadcrumb","itemListElement":[{"@type":"ListItem","position":1,"name":"Inici","item":"https:\/\/www.imdsd.net\/es\/"},{"@type":"ListItem","position":2,"name":"Especialidades"}]},{"@type":"WebSite","@id":"https:\/\/www.imdsd.net\/es\/#website","url":"https:\/\/www.imdsd.net\/es\/","name":"Imatge m\u00e8dica digital - Serveis de diagn\u00f2stic per imatge","description":"Diagn\u00f2stic per imatge i tele-radiolog\u00eda","publisher":{"@id":"https:\/\/www.imdsd.net\/es\/#organization"},"potentialAction":[{"@type":"SearchAction","target":{"@type":"EntryPoint","urlTemplate":"https:\/\/www.imdsd.net\/es\/?s={search_term_string}"},"query-input":"required name=search_term_string"}],"inLanguage":"es"},{"@type":"Organization","@id":"https:\/\/www.imdsd.net\/es\/#organization","name":"IMATGE M\u00c8DICA DIGITAL","url":"https:\/\/www.imdsd.net\/es\/","sameAs":[],"logo":{"@type":"ImageObject","inLanguage":"es","@id":"https:\/\/www.imdsd.net\/es\/#\/schema\/logo\/image\/","url":"https:\/\/www.imdsd.net\/wp-content\/uploads\/2019\/05\/logo-imagen-medica-digital-azul.png","contentUrl":"https:\/\/www.imdsd.net\/wp-content\/uploads\/2019\/05\/logo-imagen-medica-digital-azul.png","width":340,"height":255,"caption":"IMATGE M\u00c8DICA DIGITAL"},"image":{"@id":"https:\/\/www.imdsd.net\/es\/#\/schema\/logo\/image\/"}}]}},"_links":{"self":[{"href":"https:\/\/www.imdsd.net\/es\/wp-json\/wp\/v2\/pages\/225"}],"collection":[{"href":"https:\/\/www.imdsd.net\/es\/wp-json\/wp\/v2\/pages"}],"about":[{"href":"https:\/\/www.imdsd.net\/es\/wp-json\/wp\/v2\/types\/page"}],"author":[{"embeddable":true,"href":"https:\/\/www.imdsd.net\/es\/wp-json\/wp\/v2\/users\/1"}],"replies":[{"embeddable":true,"href":"https:\/\/www.imdsd.net\/es\/wp-json\/wp\/v2\/comments?post=225"}],"version-history":[{"count":29,"href":"https:\/\/www.imdsd.net\/es\/wp-json\/wp\/v2\/pages\/225\/revisions"}],"predecessor-version":[{"id":1303,"href":"https:\/\/www.imdsd.net\/es\/wp-json\/wp\/v2\/pages\/225\/revisions\/1303"}],"wp:attachment":[{"href":"https:\/\/www.imdsd.net\/es\/wp-json\/wp\/v2\/media?parent=225"}],"curies":[{"name":"wp","href":"https:\/\/api.w.org\/{rel}","templated":true}]}}