{"id":1173,"date":"2021-12-28T13:48:20","date_gmt":"2021-12-28T11:48:20","guid":{"rendered":"https:\/\/www.imdsd.net\/?page_id=1173"},"modified":"2021-12-28T17:33:24","modified_gmt":"2021-12-28T15:33:24","slug":"sabadell-calle-illa","status":"publish","type":"page","link":"https:\/\/www.imdsd.net\/es\/centros-de-diagnostico-por-imagen\/sabadell-calle-illa\/","title":{"rendered":"Sabadell c\/ Illa"},"content":{"rendered":"<p>[vc_row css_animation=\u00bb\u00bb row_type=\u00bbrow\u00bb use_row_as_full_screen_section=\u00bbno\u00bb type=\u00bbgrid\u00bb angled_section=\u00bbno\u00bb text_align=\u00bbcenter\u00bb background_image_as_pattern=\u00bbwithout_pattern\u00bb z_index=\u00bb\u00bb][vc_column][qode_elements_holder number_of_columns=\u00bbone_column\u00bb][qode_elements_holder_item advanced_animations=\u00bbno\u00bb item_padding=\u00bb188px 0px 0px\u00bb item_padding_600_768=\u00bb60px 0px 0px\u00bb item_padding_480_600=\u00bb60px 0px 0px\u00bb item_padding_480=\u00bb60px 0px 0px\u00bb][vc_single_image image=\u00bb1041&#8243; img_size=\u00bbfull\u00bb alignment=\u00bbcenter\u00bb qode_css_animation=\u00bb\u00bb][vc_empty_space height=\u00bb7px\u00bb][vc_empty_space height=\u00bb7px\u00bb][vc_column_text]<\/p>\n<h1 style=\"text-align: left;\">Centro de diagn\u00f3stico- Sabadell C\/Illa, 52<\/h1>\n<p>[\/vc_column_text][vc_column_text]<\/p>\n<h3 class=\"subtitol\" style=\"text-align: left;\">C\/ Illa, 52, 08202, Sabadell, Barcelona<\/h3>\n<p>[\/vc_column_text][vc_column_text]<\/p>\n<p class=\"subtitol\" style=\"text-align: left;\">Horario del centro: de 9:00 h a 14:00h | de 15:00h a 21:00h.<\/p>\n<p>[\/vc_column_text][\/qode_elements_holder_item][\/qode_elements_holder][vc_row_inner row_type=\u00bbrow\u00bb type=\u00bbfull_width\u00bb text_align=\u00bbleft\u00bb css_animation=\u00bb\u00bb][vc_column_inner width=\u00bb1\/3&#8243; offset=\u00bbvc_col-lg-1\/5&#8243;]<a  itemprop=\"url\" href=\"https:\/\/www.imdsd.net\/es\/pedir-cita\/\" target=\"_self\"  class=\"qbutton  medium default\" style=\"\">Cita online<i class=\"qode_icon_font_awesome fa fa-calendar qode_button_icon_element\" style=\"\" ><\/i><\/a>[\/vc_column_inner][vc_column_inner width=\u00bb1\/3&#8243; offset=\u00bbvc_col-lg-1\/5&#8243;]<a  itemprop=\"url\" href=\"\" target=\"_self\"  class=\"qbutton  medium default\" style=\"\">93 748 48 85<i class=\"qode_icon_font_awesome fa fa-phone qode_button_icon_element\" style=\"\" ><\/i><\/a>[\/vc_column_inner][vc_column_inner width=\u00bb1\/3&#8243;]<a  itemprop=\"url\" href=\"https:\/\/www.imdsd.net\/es\/contactar\/\" target=\"_self\"  class=\"qbutton  medium default\" style=\"\">Contacta<i class=\"qode_icon_font_awesome fa fa-comment qode_button_icon_element\" style=\"\" ><\/i><\/a>[\/vc_column_inner][\/vc_row_inner][vc_empty_space height=\u00bb20px\u00bb][\/vc_column][vc_column][\/vc_column][\/vc_row][vc_row css_animation=\u00bb\u00bb row_type=\u00bbrow\u00bb use_row_as_full_screen_section=\u00bbno\u00bb type=\u00bbgrid\u00bb angled_section=\u00bbno\u00bb text_align=\u00bbcenter\u00bb background_image_as_pattern=\u00bbwithout_pattern\u00bb z_index=\u00bb\u00bb][vc_column width=\u00bb2\/3&#8243;][vc_column_text]<\/p>\n<h2 class=\"subtitol\" style=\"text-align: left;\">Centro de diagn\u00f3stico digital Sabadell centro, todas las pruebas y M\u00fatuas<\/h2>\n<p>[\/vc_column_text][vc_column_text]<\/p>\n<p style=\"text-align: left;\">IMD , El Centro de Imagen Digital situado en la calle Illa de Sabadell lo encuentras en el coraz\u00f3n de la ciudad. Est\u00e1 situado muy cerca de la parada de autobuses central y a cinco minutos de la Estaci\u00f3n Renfe Centro.<\/p>\n<p style=\"text-align: left;\">En los \u00faltimos a\u00f1os hemos continuado con nuestra filosof\u00eda de mejora de las instalaciones y lo m\u00e1s importante s\u00f3lo utilizando la tecnolog\u00eda m\u00e1s avanzada del mercado. Esto nos ha llevado a continuar a la cabeza en sistemas para realizar todo tipo de pruebas diagn\u00f3sticas con los \u00faltimos avances tecnol\u00f3gicos y ayudar as\u00ed a crecer en diagn\u00f3stico precoz y eficaz para los pacientes.<\/p>\n<p>[\/vc_column_text][vc_empty_space height=\u00bb10px\u00bb]<div class='service_table_holder' style='border-style:solid;border-width:1px;border-color:#b2b2b2;'><ul class='service_table_inner'><li class='service_table_title_holder background_color_type' style='background-color: #e8e8e8;'><div class='service_table_title_inner'><div class='service_table_title_inner2'><h3 class='service_title' style='color: rgba(0,0,0,0.49);'>Servicios Centro Calle Illa<\/h3><\/div><\/div><\/li><li class='service_table_content' style=''><\/p>\n<ul>\n<li style=\"text-align: center;\"><a href=\"https:\/\/www.imdsd.net\/es\/especialidades\/resonancia-magnetica\/\">Resonancia magn\u00e9tica<\/a>.<\/li>\n<li style=\"text-align: center;\"><a href=\"https:\/\/www.imdsd.net\/es\/especialidades\/resonancia-magnetica\/resonancia-magnetica-de-alto-campo-3-tesla\/\">Resonancia magn\u00e9tica alto campo 3 Teslas<\/a>.<\/li>\n<li style=\"text-align: center;\"><a href=\"https:\/\/www.imdsd.net\/es\/especialidades\/resonancia-magnetica\/resonancia-magnetica-abierta\/\">Resonancia magn\u00e9tica abierta<\/a>.<\/li>\n<li style=\"text-align: center;\"><a href=\"https:\/\/www.imdsd.net\/es\/especialidades\/tac\/\">Tac<\/a>.<\/li>\n<li style=\"text-align: center;\"><a href=\"https:\/\/www.imdsd.net\/es\/especialidades\/ortopantomografia\/\">Ortopantomograf\u00eda<\/a>.<\/li>\n<li style=\"text-align: center;\"><a href=\"https:\/\/www.imdsd.net\/es\/especialidades\/rx-convencional\/\">Raig X Convenciona<\/a>l.<\/li>\n<li style=\"text-align: center;\"><a href=\"https:\/\/www.imdsd.net\/es\/especialidades\/ecografia\/\">Ecografia<\/a>.<\/li>\n<li style=\"text-align: center;\">Tac Dental (<a href=\"https:\/\/www.imdsd.net\/es\/especialidades\/tac-dental\/\">Dentascan<\/a>)<\/li>\n<\/ul>\n<p><\/li><\/ul><\/div>[vc_empty_space height=\u00bb30px\u00bb][\/vc_column][vc_column width=\u00bb1\/3&#8243;][vc_empty_space height=\u00bb35px\u00bb]<a  itemprop=\"url\" href=\"\" target=\"_self\" data-hover-color=#bababa class=\"qbutton  big_large_full_width white default\" style=\"background-color: #1e73be;\">D\u00f3nde estamos<i class=\"qode_icon_font_awesome fa fa-location-arrow qode_button_icon_element\" style=\"\" ><\/i><\/a>[vc_empty_space height=\u00bb20px\u00bb][vc_gmaps link=\u00bb#E-8_JTNDaWZyYW1lJTIwc3JjJTNEJTIyaHR0cHMlM0ElMkYlMkZ3d3cuZ29vZ2xlLmNvbSUyRm1hcHMlMkZlbWJlZCUzRnBiJTNEJTIxMW0xNCUyMTFtOCUyMTFtMyUyMTFkMTE5NDMuNzgzNTI2MTY2Njg0JTIxMmQyLjExMzgzOCUyMTNkNDEuNTQ4NzY5JTIxM20yJTIxMWkxMDI0JTIxMmk3NjglMjE0ZjEzLjElMjEzbTMlMjExbTIlMjExczB4MTJhNDk1MDViYTU0NGZjZiUyNTNBMHg3YzFlMzk5M2IzMDUwYTBkJTIxMnNDYXJyZXIlMkJkZSUyQmwlMjYlMjMzOSUzQklsbGElMjUyQyUyQjUyJTI1MkMlMkIwODIwMiUyQlNhYmFkZWxsJTI1MkMlMkJCYXJjZWxvbmElMjE1ZTAlMjEzbTIlMjExc2VzJTIxMnNlcyUyMTR2MTU1OTU0OTIxNDM2MCUyMTVtMiUyMTFzZXMlMjEyc2VzJTIyJTIwd2lkdGglM0QlMjI0NTAlMjIlMjBoZWlnaHQlM0QlMjI0NTAlMjIlMjBmcmFtZWJvcmRlciUzRCUyMjAlMjIlMjBzdHlsZSUzRCUyMmJvcmRlciUzQTAlMjIlMjBhbGxvd2Z1bGxzY3JlZW4lM0UlM0MlMkZpZnJhbWUlM0U=\u00bb css=\u00bb.vc_custom_1635412897637{background-color: #cccccc !important;}\u00bb][vc_empty_space height=\u00bb30px\u00bb][\/vc_column][\/vc_row][vc_row css_animation=\u00bb\u00bb row_type=\u00bbrow\u00bb use_row_as_full_screen_section=\u00bbno\u00bb type=\u00bbfull_width\u00bb angled_section=\u00bbno\u00bb text_align=\u00bbleft\u00bb background_image_as_pattern=\u00bbwithout_pattern\u00bb][vc_column][\/vc_column][\/vc_row][vc_row css_animation=\u00bb\u00bb row_type=\u00bbrow\u00bb use_row_as_full_screen_section=\u00bbno\u00bb type=\u00bbfull_width\u00bb angled_section=\u00bbno\u00bb text_align=\u00bbleft\u00bb background_image_as_pattern=\u00bbwithout_pattern\u00bb][vc_column][\/vc_column][\/vc_row]<\/p>\n","protected":false},"excerpt":{"rendered":"<p>[vc_row css_animation=\u00bb\u00bb row_type=\u00bbrow\u00bb use_row_as_full_screen_section=\u00bbno\u00bb type=\u00bbgrid\u00bb angled_section=\u00bbno\u00bb text_align=\u00bbcenter\u00bb background_image_as_pattern=\u00bbwithout_pattern\u00bb z_index=\u00bb\u00bb][vc_column][qode_elements_holder number_of_columns=\u00bbone_column\u00bb][qode_elements_holder_item advanced_animations=\u00bbno\u00bb item_padding=\u00bb188px 0px 0px\u00bb item_padding_600_768=\u00bb60px 0px 0px\u00bb item_padding_480_600=\u00bb60px 0px 0px\u00bb item_padding_480=\u00bb60px 0px 0px\u00bb][vc_single_image image=\u00bb1041&#8243; img_size=\u00bbfull\u00bb alignment=\u00bbcenter\u00bb qode_css_animation=\u00bb\u00bb][vc_empty_space height=\u00bb7px\u00bb][vc_empty_space height=\u00bb7px\u00bb][vc_column_text] Centro de diagn\u00f3stico- Sabadell C\/Illa, 52 [\/vc_column_text][vc_column_text] C\/ Illa, 52, 08202, Sabadell, Barcelona [\/vc_column_text][vc_column_text] Horario del&#8230;<\/p>\n","protected":false},"author":2,"featured_media":0,"parent":112,"menu_order":1,"comment_status":"closed","ping_status":"closed","template":"","meta":[],"yoast_head":"<!-- This site is optimized with the Yoast SEO plugin v19.7.1 - https:\/\/yoast.com\/wordpress\/plugins\/seo\/ -->\n<title>Sabadell c\/ Illa Centro de diagn\u00f3stico Imatge m\u00e9dica Digital<\/title>\n<meta name=\"description\" content=\"Centros de diagn\u00f3stico por imagen de Sabadell calle Illa con la tecnolog\u00eda m\u00e1s avanzada y resonancia abierta con todas las Mutuas concertadas.\" \/>\n<meta name=\"robots\" content=\"noindex, nofollow\" \/>\n<meta property=\"og:locale\" content=\"es_ES\" \/>\n<meta property=\"og:type\" content=\"article\" \/>\n<meta property=\"og:title\" content=\"Sabadell c\/ Illa Centro de diagn\u00f3stico Imatge m\u00e9dica Digital\" \/>\n<meta property=\"og:description\" content=\"Centros de diagn\u00f3stico por imagen de Sabadell calle Illa con la tecnolog\u00eda m\u00e1s avanzada y resonancia abierta con todas las Mutuas concertadas.\" \/>\n<meta property=\"og:url\" content=\"https:\/\/www.imdsd.net\/es\/centros-de-diagnostico-por-imagen\/sabadell-calle-illa\/\" \/>\n<meta property=\"og:site_name\" content=\"Imatge m\u00e8dica digital - Serveis de diagn\u00f2stic per imatge\" \/>\n<meta property=\"article:modified_time\" content=\"2021-12-28T15:33:24+00:00\" \/>\n<meta name=\"twitter:card\" content=\"summary_large_image\" \/>\n<meta name=\"twitter:label1\" content=\"Tiempo de lectura\" \/>\n\t<meta name=\"twitter:data1\" content=\"3 minutos\" \/>\n<script type=\"application\/ld+json\" class=\"yoast-schema-graph\">{\"@context\":\"https:\/\/schema.org\",\"@graph\":[{\"@type\":\"WebPage\",\"@id\":\"https:\/\/www.imdsd.net\/es\/centros-de-diagnostico-por-imagen\/sabadell-calle-illa\/\",\"url\":\"https:\/\/www.imdsd.net\/es\/centros-de-diagnostico-por-imagen\/sabadell-calle-illa\/\",\"name\":\"Sabadell c\/ Illa Centro de diagn\u00f3stico Imatge m\u00e9dica Digital\",\"isPartOf\":{\"@id\":\"https:\/\/www.imdsd.net\/es\/#website\"},\"datePublished\":\"2021-12-28T11:48:20+00:00\",\"dateModified\":\"2021-12-28T15:33:24+00:00\",\"description\":\"Centros de diagn\u00f3stico por imagen de Sabadell calle Illa con la tecnolog\u00eda m\u00e1s avanzada y resonancia abierta con todas las Mutuas concertadas.\",\"breadcrumb\":{\"@id\":\"https:\/\/www.imdsd.net\/es\/centros-de-diagnostico-por-imagen\/sabadell-calle-illa\/#breadcrumb\"},\"inLanguage\":\"es\",\"potentialAction\":[{\"@type\":\"ReadAction\",\"target\":[\"https:\/\/www.imdsd.net\/es\/centros-de-diagnostico-por-imagen\/sabadell-calle-illa\/\"]}]},{\"@type\":\"BreadcrumbList\",\"@id\":\"https:\/\/www.imdsd.net\/es\/centros-de-diagnostico-por-imagen\/sabadell-calle-illa\/#breadcrumb\",\"itemListElement\":[{\"@type\":\"ListItem\",\"position\":1,\"name\":\"Inici\",\"item\":\"https:\/\/www.imdsd.net\/es\/\"},{\"@type\":\"ListItem\",\"position\":2,\"name\":\"Centros\",\"item\":\"https:\/\/www.imdsd.net\/es\/centros-de-diagnostico-por-imagen\/\"},{\"@type\":\"ListItem\",\"position\":3,\"name\":\"Sabadell c\/ Illa\"}]},{\"@type\":\"WebSite\",\"@id\":\"https:\/\/www.imdsd.net\/es\/#website\",\"url\":\"https:\/\/www.imdsd.net\/es\/\",\"name\":\"Imatge m\u00e8dica digital - Serveis de diagn\u00f2stic per imatge\",\"description\":\"Diagn\u00f2stic per imatge i tele-radiolog\u00eda\",\"publisher\":{\"@id\":\"https:\/\/www.imdsd.net\/es\/#organization\"},\"potentialAction\":[{\"@type\":\"SearchAction\",\"target\":{\"@type\":\"EntryPoint\",\"urlTemplate\":\"https:\/\/www.imdsd.net\/es\/?s={search_term_string}\"},\"query-input\":\"required name=search_term_string\"}],\"inLanguage\":\"es\"},{\"@type\":\"Organization\",\"@id\":\"https:\/\/www.imdsd.net\/es\/#organization\",\"name\":\"IMATGE M\u00c8DICA DIGITAL\",\"url\":\"https:\/\/www.imdsd.net\/es\/\",\"sameAs\":[],\"logo\":{\"@type\":\"ImageObject\",\"inLanguage\":\"es\",\"@id\":\"https:\/\/www.imdsd.net\/es\/#\/schema\/logo\/image\/\",\"url\":\"https:\/\/www.imdsd.net\/wp-content\/uploads\/2019\/05\/logo-imagen-medica-digital-azul.png\",\"contentUrl\":\"https:\/\/www.imdsd.net\/wp-content\/uploads\/2019\/05\/logo-imagen-medica-digital-azul.png\",\"width\":340,\"height\":255,\"caption\":\"IMATGE M\u00c8DICA DIGITAL\"},\"image\":{\"@id\":\"https:\/\/www.imdsd.net\/es\/#\/schema\/logo\/image\/\"}}]}<\/script>\n<!-- \/ Yoast SEO plugin. -->","yoast_head_json":{"title":"Sabadell c\/ Illa Centro de diagn\u00f3stico Imatge m\u00e9dica Digital","description":"Centros de diagn\u00f3stico por imagen de Sabadell calle Illa con la tecnolog\u00eda m\u00e1s avanzada y resonancia abierta con todas las Mutuas concertadas.","robots":{"index":"noindex","follow":"nofollow"},"og_locale":"es_ES","og_type":"article","og_title":"Sabadell c\/ Illa Centro de diagn\u00f3stico Imatge m\u00e9dica Digital","og_description":"Centros de diagn\u00f3stico por imagen de Sabadell calle Illa con la tecnolog\u00eda m\u00e1s avanzada y resonancia abierta con todas las Mutuas concertadas.","og_url":"https:\/\/www.imdsd.net\/es\/centros-de-diagnostico-por-imagen\/sabadell-calle-illa\/","og_site_name":"Imatge m\u00e8dica digital - Serveis de diagn\u00f2stic per imatge","article_modified_time":"2021-12-28T15:33:24+00:00","twitter_card":"summary_large_image","twitter_misc":{"Tiempo de lectura":"3 minutos"},"schema":{"@context":"https:\/\/schema.org","@graph":[{"@type":"WebPage","@id":"https:\/\/www.imdsd.net\/es\/centros-de-diagnostico-por-imagen\/sabadell-calle-illa\/","url":"https:\/\/www.imdsd.net\/es\/centros-de-diagnostico-por-imagen\/sabadell-calle-illa\/","name":"Sabadell c\/ Illa Centro de diagn\u00f3stico Imatge m\u00e9dica Digital","isPartOf":{"@id":"https:\/\/www.imdsd.net\/es\/#website"},"datePublished":"2021-12-28T11:48:20+00:00","dateModified":"2021-12-28T15:33:24+00:00","description":"Centros de diagn\u00f3stico por imagen de Sabadell calle Illa con la tecnolog\u00eda m\u00e1s avanzada y resonancia abierta con todas las Mutuas concertadas.","breadcrumb":{"@id":"https:\/\/www.imdsd.net\/es\/centros-de-diagnostico-por-imagen\/sabadell-calle-illa\/#breadcrumb"},"inLanguage":"es","potentialAction":[{"@type":"ReadAction","target":["https:\/\/www.imdsd.net\/es\/centros-de-diagnostico-por-imagen\/sabadell-calle-illa\/"]}]},{"@type":"BreadcrumbList","@id":"https:\/\/www.imdsd.net\/es\/centros-de-diagnostico-por-imagen\/sabadell-calle-illa\/#breadcrumb","itemListElement":[{"@type":"ListItem","position":1,"name":"Inici","item":"https:\/\/www.imdsd.net\/es\/"},{"@type":"ListItem","position":2,"name":"Centros","item":"https:\/\/www.imdsd.net\/es\/centros-de-diagnostico-por-imagen\/"},{"@type":"ListItem","position":3,"name":"Sabadell c\/ Illa"}]},{"@type":"WebSite","@id":"https:\/\/www.imdsd.net\/es\/#website","url":"https:\/\/www.imdsd.net\/es\/","name":"Imatge m\u00e8dica digital - Serveis de diagn\u00f2stic per imatge","description":"Diagn\u00f2stic per imatge i tele-radiolog\u00eda","publisher":{"@id":"https:\/\/www.imdsd.net\/es\/#organization"},"potentialAction":[{"@type":"SearchAction","target":{"@type":"EntryPoint","urlTemplate":"https:\/\/www.imdsd.net\/es\/?s={search_term_string}"},"query-input":"required name=search_term_string"}],"inLanguage":"es"},{"@type":"Organization","@id":"https:\/\/www.imdsd.net\/es\/#organization","name":"IMATGE M\u00c8DICA DIGITAL","url":"https:\/\/www.imdsd.net\/es\/","sameAs":[],"logo":{"@type":"ImageObject","inLanguage":"es","@id":"https:\/\/www.imdsd.net\/es\/#\/schema\/logo\/image\/","url":"https:\/\/www.imdsd.net\/wp-content\/uploads\/2019\/05\/logo-imagen-medica-digital-azul.png","contentUrl":"https:\/\/www.imdsd.net\/wp-content\/uploads\/2019\/05\/logo-imagen-medica-digital-azul.png","width":340,"height":255,"caption":"IMATGE M\u00c8DICA DIGITAL"},"image":{"@id":"https:\/\/www.imdsd.net\/es\/#\/schema\/logo\/image\/"}}]}},"_links":{"self":[{"href":"https:\/\/www.imdsd.net\/es\/wp-json\/wp\/v2\/pages\/1173"}],"collection":[{"href":"https:\/\/www.imdsd.net\/es\/wp-json\/wp\/v2\/pages"}],"about":[{"href":"https:\/\/www.imdsd.net\/es\/wp-json\/wp\/v2\/types\/page"}],"author":[{"embeddable":true,"href":"https:\/\/www.imdsd.net\/es\/wp-json\/wp\/v2\/users\/2"}],"replies":[{"embeddable":true,"href":"https:\/\/www.imdsd.net\/es\/wp-json\/wp\/v2\/comments?post=1173"}],"version-history":[{"count":22,"href":"https:\/\/www.imdsd.net\/es\/wp-json\/wp\/v2\/pages\/1173\/revisions"}],"predecessor-version":[{"id":1237,"href":"https:\/\/www.imdsd.net\/es\/wp-json\/wp\/v2\/pages\/1173\/revisions\/1237"}],"up":[{"embeddable":true,"href":"https:\/\/www.imdsd.net\/es\/wp-json\/wp\/v2\/pages\/112"}],"wp:attachment":[{"href":"https:\/\/www.imdsd.net\/es\/wp-json\/wp\/v2\/media?parent=1173"}],"curies":[{"name":"wp","href":"https:\/\/api.w.org\/{rel}","templated":true}]}}