{"id":112,"date":"2017-11-29T16:31:42","date_gmt":"2017-11-29T14:31:42","guid":{"rendered":"http:\/\/bridge117.qodeinteractive.com\/?page_id=112"},"modified":"2021-12-31T10:40:15","modified_gmt":"2021-12-31T08:40:15","slug":"centros-de-diagnostico-por-imagen","status":"publish","type":"page","link":"https:\/\/www.imdsd.net\/es\/centros-de-diagnostico-por-imagen\/","title":{"rendered":"Centros"},"content":{"rendered":"<p>[vc_row css_animation=\u00bb\u00bb row_type=\u00bbrow\u00bb use_row_as_full_screen_section=\u00bbno\u00bb type=\u00bbgrid\u00bb angled_section=\u00bbno\u00bb text_align=\u00bbcenter\u00bb background_image_as_pattern=\u00bbwithout_pattern\u00bb z_index=\u00bb\u00bb css=\u00bb.vc_custom_1512645255725{padding-bottom: 81px !important;}\u00bb][vc_column][qode_elements_holder number_of_columns=\u00bbone_column\u00bb][qode_elements_holder_item advanced_animations=\u00bbno\u00bb item_padding=\u00bb188px 0px 0px\u00bb item_padding_600_768=\u00bb60px 0px 0px\u00bb item_padding_480_600=\u00bb60px 0px 0px\u00bb item_padding_480=\u00bb60px 0px 0px\u00bb][vc_empty_space height=\u00bb7px\u00bb][vc_single_image image=\u00bb816&#8243; img_size=\u00bbfull\u00bb alignment=\u00bbcenter\u00bb qode_css_animation=\u00bb\u00bb][vc_column_text]<\/p>\n<h1>Centros Imagen M\u00e9dica Digital<\/h1>\n<p>[\/vc_column_text][\/qode_elements_holder_item][\/qode_elements_holder][qode_elements_holder number_of_columns=\u00bbone_column\u00bb][qode_elements_holder_item advanced_animations=\u00bbno\u00bb item_padding=\u00bb17px 25% 0px\u00bb item_padding_1280_1440=\u00bb17px 25% 0px\u00bb item_padding_1024_1280=\u00bb17px 21% 0px\u00bb item_padding_768_1024=\u00bb17px 17% 0px\u00bb item_padding_600_768=\u00bb17px 0% 0px\u00bb item_padding_480_600=\u00bb17px 0% 0px\u00bb item_padding_480=\u00bb17px 0% 0px\u00bb][vc_column_text]<\/p>\n<h2>Cada d\u00eda m\u00e1s cerca de ti<\/h2>\n<p>[\/vc_column_text][vc_empty_space height=\u00bb7px\u00bb][vc_separator type=\u00bbsmall\u00bb position=\u00bbcenter\u00bb color=\u00bb#004a98&#8243; thickness=\u00bb4&#8243; width=\u00bb100&#8243;][vc_column_text]Actualmente contamos con tres centros de diagn\u00f3stico propios donde podr\u00e1 encontrar las m\u00e1s avanzadas t\u00e9cnicas de diagn\u00f3stico.[\/vc_column_text][\/qode_elements_holder_item][\/qode_elements_holder][\/vc_column][\/vc_row][vc_row css_animation=\u00bb\u00bb row_type=\u00bbrow\u00bb use_row_as_full_screen_section=\u00bbno\u00bb type=\u00bbgrid\u00bb angled_section=\u00bbno\u00bb text_align=\u00bbleft\u00bb background_image_as_pattern=\u00bbwithout_pattern\u00bb z_index=\u00bb\u00bb css=\u00bb.vc_custom_1512636649159{padding-bottom: 84px !important;}\u00bb][vc_column width=\u00bb1\/3&#8243;][vc_single_image image=\u00bb816&#8243; img_size=\u00bbfull\u00bb alignment=\u00bbcenter\u00bb qode_css_animation=\u00bb\u00bb css=\u00bb.vc_custom_1579964070710{padding-bottom: 35px !important;}\u00bb][vc_column_text]<\/p>\n<h3 style=\"text-align: center;\">Sabadell Carrer Illa<\/h3>\n<p>[\/vc_column_text][vc_column_text]Estamos situados en el coraz\u00f3n de Sabadell, muy cerca de la Gran v\u00eda y a dos minutos de aparcamiento de zona azul, RENFE centro, estaci\u00f3n de autobuses y a 5 minutos de FGC Centro de la ciudad.[\/vc_column_text][vc_empty_space height=\u00bb15px\u00bb]<a  itemprop=\"url\" href=\"\" target=\"_self\"  class=\"qbutton  small default\" style=\"margin: 2px; \">93 748 48 85<i class=\"qode_icon_font_awesome fa fa-phone qode_button_icon_element\" style=\"\" ><\/i><\/a><a  itemprop=\"url\" href=\"https:\/\/www.imdsd.net\/es\/centros-de-diagnostico-por-imagen\/sabadell-calle-illa\/\" target=\"_self\"  class=\"qbutton  small default\" style=\"margin: 2px; \">Saber m\u00e1s<i class=\"qode_icon_font_awesome fa fa-arrow-down qode_button_icon_element\" style=\"\" ><\/i><\/a>[vc_separator type=\u00bbnormal\u00bb down=\u00bb20px\u00bb][vc_empty_space height=\u00bb15px\u00bb][vc_empty_space height=\u00bb15px\u00bb][vc_gmaps link=\u00bb#E-8_JTNDaWZyYW1lJTIwc3JjJTNEJTIyaHR0cHMlM0ElMkYlMkZ3d3cuZ29vZ2xlLmNvbSUyRm1hcHMlMkZlbWJlZCUzRnBiJTNEJTIxMW0xNCUyMTFtOCUyMTFtMyUyMTFkMTE5NDMuNzgzNTI2MTY2Njg0JTIxMmQyLjExMzgzOCUyMTNkNDEuNTQ4NzY5JTIxM20yJTIxMWkxMDI0JTIxMmk3NjglMjE0ZjEzLjElMjEzbTMlMjExbTIlMjExczB4MTJhNDk1MDViYTU0NGZjZiUyNTNBMHg3YzFlMzk5M2IzMDUwYTBkJTIxMnNDYXJyZXIlMkJkZSUyQmwlMjYlMjMzOSUzQklsbGElMjUyQyUyQjUyJTI1MkMlMkIwODIwMiUyQlNhYmFkZWxsJTI1MkMlMkJCYXJjZWxvbmElMjE1ZTAlMjEzbTIlMjExc2VzJTIxMnNlcyUyMTR2MTU1OTU0OTIxNDM2MCUyMTVtMiUyMTFzZXMlMjEyc2VzJTIyJTIwd2lkdGglM0QlMjI0NTAlMjIlMjBoZWlnaHQlM0QlMjI0NTAlMjIlMjBmcmFtZWJvcmRlciUzRCUyMjAlMjIlMjBzdHlsZSUzRCUyMmJvcmRlciUzQTAlMjIlMjBhbGxvd2Z1bGxzY3JlZW4lM0UlM0MlMkZpZnJhbWUlM0U=\u00bb][vc_column_text]<a href=\"https:\/\/maps.google.es\/maps?f=q&amp;source=embed&amp;hl=es&amp;geocode=&amp;q=Carrer+de+l%27Illa,+52,+Sabadell&amp;aq=4&amp;oq=carrer+illa,+52&amp;sll=40.2085,-3.713&amp;sspn=20.17155,43.286133&amp;ie=UTF8&amp;hq=&amp;hnear=Carrer+de+l%27Illa,+52,+08202+Sabadell,+Barcelona,+Catalu%C3%B1a,+Catalonia&amp;t=m&amp;ll=41.548769,2.113838&amp;spn=0.011241,0.018239&amp;z=15&amp;iwloc=A\" target=\"_blank\" rel=\"noopener noreferrer\">Ver m\u00e1s grande en Google maps<\/a>[\/vc_column_text][vc_empty_space height=\u00bb15px\u00bb]<div class='service_table_holder' style='border-style:solid;border-width:2px;border-color:#bcbcbc;'><ul class='service_table_inner'><li class='service_table_title_holder background_color_type' style='background-color: #bcbcbc;'><div class='service_table_title_inner'><div class='service_table_title_inner2'><h3 class='service_title' style='color: #ffffff;'>Servicios del centro illa<\/h3><\/div><\/div><\/li><li class='service_table_content' style=''><\/p>\n<p style=\"text-align: center;\"><a href=\"https:\/\/www.imdsd.net\/es\/especialidades\/resonancia-magnetica\/\">Resonancia magn\u00e9tica<\/a><\/p>\n<p style=\"text-align: center;\"><a href=\"https:\/\/www.imdsd.net\/es\/especialidades\/resonancia-magnetica\/resonancia-magnetica-de-alto-campo-3-tesla\/\">Resonancia magn\u00e9tica alto campo 3 Teslas<\/a><\/p>\n<p style=\"text-align: center;\"><a href=\"https:\/\/www.imdsd.net\/es\/especialidades\/resonancia-magnetica\/resonancia-magnetica-abierta\/\">Resonancia magn\u00e9tica abierta<\/a><\/p>\n<p style=\"text-align: center;\"><a href=\"https:\/\/www.imdsd.net\/es\/especialidades\/tac\/\">TAC<\/a><\/p>\n<p style=\"text-align: center;\"><a href=\"https:\/\/www.imdsd.net\/es\/especialidades\/ortopantomografia\/\">Ortopantomograf\u00eda<\/a><\/p>\n<p style=\"text-align: center;\"><a href=\"https:\/\/www.imdsd.net\/es\/especialidades\/mamografia\/\">Mamograf\u00eda<\/a><\/p>\n<p style=\"text-align: center;\"><a href=\"https:\/\/www.imdsd.net\/es\/especialidades\/rx-convencional\/\">Rx Convencional<\/a><\/p>\n<p style=\"text-align: center;\"><a href=\"https:\/\/www.imdsd.net\/es\/especialidades\/ecografia\/\">Ecograf\u00eda<\/a><\/p>\n<p style=\"text-align: center;\"><a href=\"https:\/\/www.imdsd.net\/es\/especialidades\/tac-dental\/\">TAC Dental (Dentascan)<\/a><\/p>\n<p><\/li><\/ul><\/div>[vc_empty_space][\/vc_column][vc_column width=\u00bb1\/3&#8243;][vc_single_image image=\u00bb816&#8243; img_size=\u00bbfull\u00bb alignment=\u00bbcenter\u00bb qode_css_animation=\u00bb\u00bb css=\u00bb.vc_custom_1579964077303{padding-bottom: 35px !important;}\u00bb][vc_column_text]<\/p>\n<h3 style=\"text-align: center;\">Sabadell Paddock<\/h3>\n<p>[\/vc_column_text][vc_column_text]En la zona comercial por excelencia de<strong> Sabadell , el Eix Maci\u00e0<\/strong>, contamos con un centro de radiolog\u00eda justo debajo de<strong> POLICLINIC SABADELL<\/strong> donde realizamos distinto tipo de pruebas diagn\u00f3sticas.[\/vc_column_text][vc_empty_space height=\u00bb15px\u00bb]<a  itemprop=\"url\" href=\"\" target=\"_self\"  class=\"qbutton  small default\" style=\"\">93 748 48 85<i class=\"qode_icon_font_awesome fa fa-phone qode_button_icon_element\" style=\"\" ><\/i><\/a><a  itemprop=\"url\" href=\"https:\/\/www.imdsd.net\/es\/centros-de-diagnostico-por-imagen\/imd-sabadell-paddock\/\" target=\"_self\"  class=\"qbutton  small default\" style=\"margin: 2px; \">Saber m\u00e1s<i class=\"qode_icon_font_awesome fa fa-arrow-down qode_button_icon_element\" style=\"\" ><\/i><\/a>[vc_separator type=\u00bbnormal\u00bb down=\u00bb20px\u00bb][vc_empty_space height=\u00bb15px\u00bb][vc_gmaps link=\u00bb#E-8_JTNDaWZyYW1lJTIwc3JjJTNEJTIyaHR0cHMlM0ElMkYlMkZ3d3cuZ29vZ2xlLmNvbSUyRm1hcHMlMkZlbWJlZCUzRnBiJTNEJTIxMW0xOCUyMTFtMTIlMjExbTMlMjExZDI5ODUuNzU1MzY5NzQ2ODkzJTIxMmQyLjA5NTc5NTAxNTY5MjI4MjQlMjEzZDQxLjU1Mjg5MzY5MzY4MDg2JTIxMm0zJTIxMWYwJTIxMmYwJTIxM2YwJTIxM20yJTIxMWkxMDI0JTIxMmk3NjglMjE0ZjEzLjElMjEzbTMlMjExbTIlMjExczB4MTJhNDk0ZTUyNWJiMjBiYiUyNTNBMHg4ZDVhNTUyNDYxOGYwMTlmJTIxMnNBdi4lMkJkZSUyQkZyYW5jZXNjJTJCTWFjaSUyNUMzJTI1QTAlMjUyQyUyQjQ0JTI1MkMlMkIwODIwOCUyQlNhYmFkZWxsJTI1MkMlMkJCYXJjZWxvbmElMjUyQyUyQkVzcGElMjVDMyUyNUIxYSUyMTVlMCUyMTNtMiUyMTFzZXMlMjEyc3VzJTIxNHYxNTU5NTQ5OTQ5OTY1JTIxNW0yJTIxMXNlcyUyMTJzdXMlMjIlMjB3aWR0aCUzRCUyMjQ1MCUyMiUyMGhlaWdodCUzRCUyMjQ1MCUyMiUyMGZyYW1lYm9yZGVyJTNEJTIyMCUyMiUyMHN0eWxlJTNEJTIyYm9yZGVyJTNBMCUyMiUyMGFsbG93ZnVsbHNjcmVlbiUzRSUzQyUyRmlmcmFtZSUzRQ==\u00bb][vc_column_text]<a href=\"https:\/\/goo.gl\/maps\/CpEyXHauDvMKRnib7\" target=\"_blank\" rel=\"noopener noreferrer\">Ver m\u00e1s grande en Google maps<\/a>[\/vc_column_text][vc_empty_space height=\u00bb15px\u00bb][vc_empty_space height=\u00bb15px\u00bb]<div class='service_table_holder' style='border-style:solid;border-width:2px;border-color:#bcbcbc;'><ul class='service_table_inner'><li class='service_table_title_holder background_color_type' style='background-color: #bcbcbc;'><div class='service_table_title_inner'><div class='service_table_title_inner2'><h3 class='service_title' style='color: #ffffff;'>Especialidades del centro<\/h3><\/div><\/div><\/li><li class='service_table_content' style=''><a href=\"https:\/\/www.imdsd.net\/es\/especialidades\/ortopantomografia\/\">Ortopantomograf\u00eda<\/a><\/p>\n<p><a href=\"https:\/\/www.imdsd.net\/es\/especialidades\/mamografia\/\">Mamograf\u00eda<\/a><\/p>\n<p><a href=\"https:\/\/www.imdsd.net\/es\/especialidades\/rx-convencional\/\">Rx Convencional<\/a><\/li><\/ul><\/div>[vc_empty_space][\/vc_column][vc_column width=\u00bb1\/3&#8243;][vc_single_image image=\u00bb816&#8243; img_size=\u00bbfull\u00bb alignment=\u00bbcenter\u00bb qode_css_animation=\u00bb\u00bb css=\u00bb.vc_custom_1579964082998{padding-bottom: 35px !important;}\u00bb][vc_column_text]<\/p>\n<h3 style=\"text-align: center;\">Martorell<\/h3>\n<p>[\/vc_column_text][vc_column_text]En el mismo edificio del Centro M\u00e9dico Martorell contamos con un moderno equipo de Resonancia Magn\u00e9tica Abierta.<br \/>\nEst\u00e1 situado en Avda. Francesc Riera esquina Josep Tarradellas de la poblaci\u00f3n de Martorell[\/vc_column_text][vc_empty_space height=\u00bb15px\u00bb]<a  itemprop=\"url\" href=\"\" target=\"_self\"  class=\"qbutton  small default\" style=\"\">93 773 57 10<i class=\"qode_icon_font_awesome fa fa-phone qode_button_icon_element\" style=\"\" ><\/i><\/a><a  itemprop=\"url\" href=\"https:\/\/www.imdsd.net\/es\/centros-de-diagnostico-por-imagen\/imd-martorell\/\" target=\"_self\"  class=\"qbutton  small default\" style=\"margin: 2px; \">Saber m\u00e1s<i class=\"qode_icon_font_awesome fa fa-arrow-down qode_button_icon_element\" style=\"\" ><\/i><\/a>[vc_separator type=\u00bbnormal\u00bb down=\u00bb20px\u00bb][vc_empty_space height=\u00bb15px\u00bb][vc_gmaps link=\u00bb#E-8_JTNDaWZyYW1lJTIwc3JjJTNEJTIyaHR0cHMlM0ElMkYlMkZ3d3cuZ29vZ2xlLmNvbSUyRm1hcHMlMkZlbWJlZCUzRnBiJTNEJTIxMW0xOCUyMTFtMTIlMjExbTMlMjExZDI5ODkuMDk3NjI4NjIyOTQ2NiUyMTJkMS45MTI0MjY0MTU2OTA2NjgzJTIxM2Q0MS40ODA0ODMwOTgxODEwNiUyMTJtMyUyMTFmMCUyMTJmMCUyMTNmMCUyMTNtMiUyMTFpMTAyNCUyMTJpNzY4JTIxNGYxMy4xJTIxM20zJTIxMW0yJTIxMXMweDEyYTQ4ZWNiZmE0YTQ4ZmQlMjUzQTB4NGUzMzA5N2ZhMzc5MDk1YyUyMTJzQ2VudHJlJTJCTSUyNUMzJTI1QTlkaWMlMkJNYXJ0b3JlbGwlMjUyQyUyQlMuTC4lMjE1ZTAlMjEzbTIlMjExc2VzJTIxMnNlcyUyMTR2MTU1OTU1MDM0MjkxMCUyMTVtMiUyMTFzZXMlMjEyc2VzJTIyJTIwd2lkdGglM0QlMjI0NTAlMjIlMjBoZWlnaHQlM0QlMjI0NTAlMjIlMjBmcmFtZWJvcmRlciUzRCUyMjAlMjIlMjBzdHlsZSUzRCUyMmJvcmRlciUzQTAlMjIlMjBhbGxvd2Z1bGxzY3JlZW4lM0UlM0MlMkZpZnJhbWUlM0U=\u00bb][vc_column_text]<a href=\"https:\/\/goo.gl\/maps\/tLUfjR8x5DfK2Czc7\" target=\"_blank\" rel=\"noopener noreferrer\">Ver m\u00e1s grande en Google maps<\/a>[\/vc_column_text][vc_empty_space height=\u00bb15px\u00bb][vc_empty_space height=\u00bb15px\u00bb]<div class='service_table_holder' style='border-style:solid;border-width:2px;border-color:#bcbcbc;'><ul class='service_table_inner'><li class='service_table_title_holder background_color_type' style='background-color: #bcbcbc;'><div class='service_table_title_inner'><div class='service_table_title_inner2'><h3 class='service_title' style='color: #ffffff;'>SERVICIOS en Martorell<\/h3><\/div><\/div><\/li><li class='service_table_content' style=''><\/p>\n<ul>\n<li><a href=\"https:\/\/www.imdsd.net\/es\/especialidades\/resonancia-magnetica\/\">Resonancia magn\u00e9tica<\/a><\/li>\n<li><a href=\"https:\/\/www.imdsd.net\/es\/especialidades\/resonancia-magnetica\/resonancia-magnetica-abierta\/\">Resonancia magn\u00e9tica abierta<\/a><\/li>\n<li><\/li>\n<\/ul>\n<p><\/li><\/ul><\/div>[vc_empty_space height=\u00bb58px\u00bb][\/vc_column][vc_column][\/vc_column][\/vc_row][vc_row css_animation=\u00bb\u00bb row_type=\u00bbrow\u00bb use_row_as_full_screen_section=\u00bbno\u00bb type=\u00bbgrid\u00bb angled_section=\u00bbno\u00bb text_align=\u00bbcenter\u00bb background_image_as_pattern=\u00bbwithout_pattern\u00bb z_index=\u00bb\u00bb css=\u00bb.vc_custom_1512636745614{padding-top: 12px !important;padding-bottom: 112px !important;}\u00bb][vc_column][vc_empty_space height=\u00bb82px\u00bb][\/vc_column][\/vc_row][vc_row css_animation=\u00bb\u00bb row_type=\u00bbrow\u00bb use_row_as_full_screen_section=\u00bbno\u00bb type=\u00bbfull_width\u00bb angled_section=\u00bbno\u00bb text_align=\u00bbleft\u00bb background_image_as_pattern=\u00bbwithout_pattern\u00bb][vc_column][\/vc_column][\/vc_row]<\/p>\n","protected":false},"excerpt":{"rendered":"<p>[vc_row css_animation=\u00bb\u00bb row_type=\u00bbrow\u00bb use_row_as_full_screen_section=\u00bbno\u00bb type=\u00bbgrid\u00bb angled_section=\u00bbno\u00bb text_align=\u00bbcenter\u00bb background_image_as_pattern=\u00bbwithout_pattern\u00bb z_index=\u00bb\u00bb css=\u00bb.vc_custom_1512645255725{padding-bottom: 81px !important;}\u00bb][vc_column][qode_elements_holder number_of_columns=\u00bbone_column\u00bb][qode_elements_holder_item advanced_animations=\u00bbno\u00bb item_padding=\u00bb188px 0px 0px\u00bb item_padding_600_768=\u00bb60px 0px 0px\u00bb item_padding_480_600=\u00bb60px 0px 0px\u00bb item_padding_480=\u00bb60px 0px 0px\u00bb][vc_empty_space height=\u00bb7px\u00bb][vc_single_image image=\u00bb816&#8243; img_size=\u00bbfull\u00bb alignment=\u00bbcenter\u00bb qode_css_animation=\u00bb\u00bb][vc_column_text] Centros Imagen M\u00e9dica Digital [\/vc_column_text][\/qode_elements_holder_item][\/qode_elements_holder][qode_elements_holder number_of_columns=\u00bbone_column\u00bb][qode_elements_holder_item advanced_animations=\u00bbno\u00bb item_padding=\u00bb17px 25% 0px\u00bb item_padding_1280_1440=\u00bb17px 25% 0px\u00bb item_padding_1024_1280=\u00bb17px&#8230;<\/p>\n","protected":false},"author":1,"featured_media":0,"parent":0,"menu_order":4,"comment_status":"closed","ping_status":"closed","template":"full_width.php","meta":[],"yoast_head":"<!-- This site is optimized with the Yoast SEO plugin v19.7.1 - https:\/\/yoast.com\/wordpress\/plugins\/seo\/ -->\n<title>Centros - Imatge m\u00e8dica digital - Serveis de diagn\u00f2stic per imatge<\/title>\n<meta name=\"robots\" content=\"index, follow, max-snippet:-1, max-image-preview:large, max-video-preview:-1\" \/>\n<link rel=\"canonical\" href=\"https:\/\/www.imdsd.net\/es\/centros-de-diagnostico-por-imagen\/\" \/>\n<meta property=\"og:locale\" content=\"es_ES\" \/>\n<meta property=\"og:type\" content=\"article\" \/>\n<meta property=\"og:title\" content=\"Centros - Imatge m\u00e8dica digital - Serveis de diagn\u00f2stic per imatge\" \/>\n<meta property=\"og:description\" content=\"[vc_row css_animation=\u00bb\u00bb row_type=\u00bbrow\u00bb use_row_as_full_screen_section=\u00bbno\u00bb type=\u00bbgrid\u00bb angled_section=\u00bbno\u00bb text_align=\u00bbcenter\u00bb background_image_as_pattern=\u00bbwithout_pattern\u00bb z_index=\u00bb\u00bb css=\u00bb.vc_custom_1512645255725{padding-bottom: 81px !important;}\u00bb][vc_column][qode_elements_holder number_of_columns=\u00bbone_column\u00bb][qode_elements_holder_item advanced_animations=\u00bbno\u00bb item_padding=\u00bb188px 0px 0px\u00bb item_padding_600_768=\u00bb60px 0px 0px\u00bb item_padding_480_600=\u00bb60px 0px 0px\u00bb item_padding_480=\u00bb60px 0px 0px\u00bb][vc_empty_space height=\u00bb7px\u00bb][vc_single_image image=\u00bb816&#8243; img_size=\u00bbfull\u00bb alignment=\u00bbcenter\u00bb qode_css_animation=\u00bb\u00bb][vc_column_text] Centros Imagen M\u00e9dica Digital [\/vc_column_text][\/qode_elements_holder_item][\/qode_elements_holder][qode_elements_holder number_of_columns=\u00bbone_column\u00bb][qode_elements_holder_item advanced_animations=\u00bbno\u00bb item_padding=\u00bb17px 25% 0px\u00bb item_padding_1280_1440=\u00bb17px 25% 0px\u00bb item_padding_1024_1280=\u00bb17px...\" \/>\n<meta property=\"og:url\" content=\"https:\/\/www.imdsd.net\/es\/centros-de-diagnostico-por-imagen\/\" \/>\n<meta property=\"og:site_name\" content=\"Imatge m\u00e8dica digital - Serveis de diagn\u00f2stic per imatge\" \/>\n<meta property=\"article:modified_time\" content=\"2021-12-31T08:40:15+00:00\" \/>\n<meta name=\"twitter:card\" content=\"summary_large_image\" \/>\n<meta name=\"twitter:label1\" content=\"Tiempo de lectura\" \/>\n\t<meta name=\"twitter:data1\" content=\"6 minutos\" \/>\n<script type=\"application\/ld+json\" class=\"yoast-schema-graph\">{\"@context\":\"https:\/\/schema.org\",\"@graph\":[{\"@type\":\"WebPage\",\"@id\":\"https:\/\/www.imdsd.net\/es\/centros-de-diagnostico-por-imagen\/\",\"url\":\"https:\/\/www.imdsd.net\/es\/centros-de-diagnostico-por-imagen\/\",\"name\":\"Centros - Imatge m\u00e8dica digital - Serveis de diagn\u00f2stic per imatge\",\"isPartOf\":{\"@id\":\"https:\/\/www.imdsd.net\/es\/#website\"},\"datePublished\":\"2017-11-29T14:31:42+00:00\",\"dateModified\":\"2021-12-31T08:40:15+00:00\",\"breadcrumb\":{\"@id\":\"https:\/\/www.imdsd.net\/es\/centros-de-diagnostico-por-imagen\/#breadcrumb\"},\"inLanguage\":\"es\",\"potentialAction\":[{\"@type\":\"ReadAction\",\"target\":[\"https:\/\/www.imdsd.net\/es\/centros-de-diagnostico-por-imagen\/\"]}]},{\"@type\":\"BreadcrumbList\",\"@id\":\"https:\/\/www.imdsd.net\/es\/centros-de-diagnostico-por-imagen\/#breadcrumb\",\"itemListElement\":[{\"@type\":\"ListItem\",\"position\":1,\"name\":\"Inici\",\"item\":\"https:\/\/www.imdsd.net\/es\/\"},{\"@type\":\"ListItem\",\"position\":2,\"name\":\"Centros\"}]},{\"@type\":\"WebSite\",\"@id\":\"https:\/\/www.imdsd.net\/es\/#website\",\"url\":\"https:\/\/www.imdsd.net\/es\/\",\"name\":\"Imatge m\u00e8dica digital - Serveis de diagn\u00f2stic per imatge\",\"description\":\"Diagn\u00f2stic per imatge i tele-radiolog\u00eda\",\"publisher\":{\"@id\":\"https:\/\/www.imdsd.net\/es\/#organization\"},\"potentialAction\":[{\"@type\":\"SearchAction\",\"target\":{\"@type\":\"EntryPoint\",\"urlTemplate\":\"https:\/\/www.imdsd.net\/es\/?s={search_term_string}\"},\"query-input\":\"required name=search_term_string\"}],\"inLanguage\":\"es\"},{\"@type\":\"Organization\",\"@id\":\"https:\/\/www.imdsd.net\/es\/#organization\",\"name\":\"IMATGE M\u00c8DICA DIGITAL\",\"url\":\"https:\/\/www.imdsd.net\/es\/\",\"sameAs\":[],\"logo\":{\"@type\":\"ImageObject\",\"inLanguage\":\"es\",\"@id\":\"https:\/\/www.imdsd.net\/es\/#\/schema\/logo\/image\/\",\"url\":\"https:\/\/www.imdsd.net\/wp-content\/uploads\/2019\/05\/logo-imagen-medica-digital-azul.png\",\"contentUrl\":\"https:\/\/www.imdsd.net\/wp-content\/uploads\/2019\/05\/logo-imagen-medica-digital-azul.png\",\"width\":340,\"height\":255,\"caption\":\"IMATGE M\u00c8DICA DIGITAL\"},\"image\":{\"@id\":\"https:\/\/www.imdsd.net\/es\/#\/schema\/logo\/image\/\"}}]}<\/script>\n<!-- \/ Yoast SEO plugin. -->","yoast_head_json":{"title":"Centros - Imatge m\u00e8dica digital - Serveis de diagn\u00f2stic per imatge","robots":{"index":"index","follow":"follow","max-snippet":"max-snippet:-1","max-image-preview":"max-image-preview:large","max-video-preview":"max-video-preview:-1"},"canonical":"https:\/\/www.imdsd.net\/es\/centros-de-diagnostico-por-imagen\/","og_locale":"es_ES","og_type":"article","og_title":"Centros - Imatge m\u00e8dica digital - Serveis de diagn\u00f2stic per imatge","og_description":"[vc_row css_animation=\u00bb\u00bb row_type=\u00bbrow\u00bb use_row_as_full_screen_section=\u00bbno\u00bb type=\u00bbgrid\u00bb angled_section=\u00bbno\u00bb text_align=\u00bbcenter\u00bb background_image_as_pattern=\u00bbwithout_pattern\u00bb z_index=\u00bb\u00bb css=\u00bb.vc_custom_1512645255725{padding-bottom: 81px !important;}\u00bb][vc_column][qode_elements_holder number_of_columns=\u00bbone_column\u00bb][qode_elements_holder_item advanced_animations=\u00bbno\u00bb item_padding=\u00bb188px 0px 0px\u00bb item_padding_600_768=\u00bb60px 0px 0px\u00bb item_padding_480_600=\u00bb60px 0px 0px\u00bb item_padding_480=\u00bb60px 0px 0px\u00bb][vc_empty_space height=\u00bb7px\u00bb][vc_single_image image=\u00bb816&#8243; img_size=\u00bbfull\u00bb alignment=\u00bbcenter\u00bb qode_css_animation=\u00bb\u00bb][vc_column_text] Centros Imagen M\u00e9dica Digital [\/vc_column_text][\/qode_elements_holder_item][\/qode_elements_holder][qode_elements_holder number_of_columns=\u00bbone_column\u00bb][qode_elements_holder_item advanced_animations=\u00bbno\u00bb item_padding=\u00bb17px 25% 0px\u00bb item_padding_1280_1440=\u00bb17px 25% 0px\u00bb item_padding_1024_1280=\u00bb17px...","og_url":"https:\/\/www.imdsd.net\/es\/centros-de-diagnostico-por-imagen\/","og_site_name":"Imatge m\u00e8dica digital - Serveis de diagn\u00f2stic per imatge","article_modified_time":"2021-12-31T08:40:15+00:00","twitter_card":"summary_large_image","twitter_misc":{"Tiempo de lectura":"6 minutos"},"schema":{"@context":"https:\/\/schema.org","@graph":[{"@type":"WebPage","@id":"https:\/\/www.imdsd.net\/es\/centros-de-diagnostico-por-imagen\/","url":"https:\/\/www.imdsd.net\/es\/centros-de-diagnostico-por-imagen\/","name":"Centros - Imatge m\u00e8dica digital - Serveis de diagn\u00f2stic per imatge","isPartOf":{"@id":"https:\/\/www.imdsd.net\/es\/#website"},"datePublished":"2017-11-29T14:31:42+00:00","dateModified":"2021-12-31T08:40:15+00:00","breadcrumb":{"@id":"https:\/\/www.imdsd.net\/es\/centros-de-diagnostico-por-imagen\/#breadcrumb"},"inLanguage":"es","potentialAction":[{"@type":"ReadAction","target":["https:\/\/www.imdsd.net\/es\/centros-de-diagnostico-por-imagen\/"]}]},{"@type":"BreadcrumbList","@id":"https:\/\/www.imdsd.net\/es\/centros-de-diagnostico-por-imagen\/#breadcrumb","itemListElement":[{"@type":"ListItem","position":1,"name":"Inici","item":"https:\/\/www.imdsd.net\/es\/"},{"@type":"ListItem","position":2,"name":"Centros"}]},{"@type":"WebSite","@id":"https:\/\/www.imdsd.net\/es\/#website","url":"https:\/\/www.imdsd.net\/es\/","name":"Imatge m\u00e8dica digital - Serveis de diagn\u00f2stic per imatge","description":"Diagn\u00f2stic per imatge i tele-radiolog\u00eda","publisher":{"@id":"https:\/\/www.imdsd.net\/es\/#organization"},"potentialAction":[{"@type":"SearchAction","target":{"@type":"EntryPoint","urlTemplate":"https:\/\/www.imdsd.net\/es\/?s={search_term_string}"},"query-input":"required name=search_term_string"}],"inLanguage":"es"},{"@type":"Organization","@id":"https:\/\/www.imdsd.net\/es\/#organization","name":"IMATGE M\u00c8DICA DIGITAL","url":"https:\/\/www.imdsd.net\/es\/","sameAs":[],"logo":{"@type":"ImageObject","inLanguage":"es","@id":"https:\/\/www.imdsd.net\/es\/#\/schema\/logo\/image\/","url":"https:\/\/www.imdsd.net\/wp-content\/uploads\/2019\/05\/logo-imagen-medica-digital-azul.png","contentUrl":"https:\/\/www.imdsd.net\/wp-content\/uploads\/2019\/05\/logo-imagen-medica-digital-azul.png","width":340,"height":255,"caption":"IMATGE M\u00c8DICA DIGITAL"},"image":{"@id":"https:\/\/www.imdsd.net\/es\/#\/schema\/logo\/image\/"}}]}},"_links":{"self":[{"href":"https:\/\/www.imdsd.net\/es\/wp-json\/wp\/v2\/pages\/112"}],"collection":[{"href":"https:\/\/www.imdsd.net\/es\/wp-json\/wp\/v2\/pages"}],"about":[{"href":"https:\/\/www.imdsd.net\/es\/wp-json\/wp\/v2\/types\/page"}],"author":[{"embeddable":true,"href":"https:\/\/www.imdsd.net\/es\/wp-json\/wp\/v2\/users\/1"}],"replies":[{"embeddable":true,"href":"https:\/\/www.imdsd.net\/es\/wp-json\/wp\/v2\/comments?post=112"}],"version-history":[{"count":51,"href":"https:\/\/www.imdsd.net\/es\/wp-json\/wp\/v2\/pages\/112\/revisions"}],"predecessor-version":[{"id":1274,"href":"https:\/\/www.imdsd.net\/es\/wp-json\/wp\/v2\/pages\/112\/revisions\/1274"}],"wp:attachment":[{"href":"https:\/\/www.imdsd.net\/es\/wp-json\/wp\/v2\/media?parent=112"}],"curies":[{"name":"wp","href":"https:\/\/api.w.org\/{rel}","templated":true}]}}