{"id":109,"date":"2017-11-29T16:24:28","date_gmt":"2017-11-29T14:24:28","guid":{"rendered":"http:\/\/bridge117.qodeinteractive.com\/?page_id=109"},"modified":"2023-03-30T16:38:28","modified_gmt":"2023-03-30T14:38:28","slug":"quienes-somos","status":"publish","type":"page","link":"https:\/\/www.imdsd.net\/es\/quienes-somos\/","title":{"rendered":"Qui\u00e9nes somos"},"content":{"rendered":"<p>[vc_row css_animation=\u00bb\u00bb row_type=\u00bbrow\u00bb use_row_as_full_screen_section=\u00bbno\u00bb type=\u00bbgrid\u00bb angled_section=\u00bbno\u00bb text_align=\u00bbcenter\u00bb background_image_as_pattern=\u00bbwithout_pattern\u00bb z_index=\u00bb\u00bb][vc_column][qode_elements_holder number_of_columns=\u00bbone_column\u00bb][qode_elements_holder_item advanced_animations=\u00bbno\u00bb item_padding=\u00bb188px 0px 0px\u00bb item_padding_600_768=\u00bb60px 0px 0px\u00bb item_padding_480_600=\u00bb60px 0px 0px\u00bb item_padding_480=\u00bb60px 0px 0px\u00bb][vc_single_image image=\u00bb816&#8243; img_size=\u00bbfull\u00bb alignment=\u00bbcenter\u00bb qode_css_animation=\u00bb\u00bb][vc_empty_space height=\u00bb7px\u00bb][vc_column_text]<\/p>\n<h1>IMAGEN M\u00c9DICA DIGITAL<\/h1>\n<p>[\/vc_column_text][\/qode_elements_holder_item][\/qode_elements_holder][qode_elements_holder number_of_columns=\u00bbone_column\u00bb][qode_elements_holder_item advanced_animations=\u00bbno\u00bb item_padding=\u00bb17px 5% 81px\u00bb item_padding_1280_1440=\u00bb17px 5% 26px\u00bb item_padding_1024_1280=\u00bb17px 5% 26px\u00bb item_padding_768_1024=\u00bb17px 3% 0px\u00bb item_padding_600_768=\u00bb17px 0% 0px\u00bb item_padding_480_600=\u00bb17px 0% 0px\u00bb item_padding_480=\u00bb17px 0% 0px\u00bb][vc_column_text]<\/p>\n<p style=\"text-align: justify;\"><strong>IMAGEN M\u00c9DICA DIGITAL<\/strong> fue creada en 2006 por un equipo de profesionales de la radiolog\u00eda y el diagn\u00f3stico por la imagen de reconocido prestigio. El objetivo del Centro ha sido siempre el prestar servicios diagn\u00f3sticos de car\u00e1cter presencial y de informaci\u00f3n a distancia (tele-radiolog\u00eda), adem\u00e1s de servicios de consultor\u00eda organizativa de servicios sanitarios.<\/p>\n<p>&nbsp;<\/p>\n<p style=\"text-align: justify;\">La actividad se inici\u00f3 en nuestro centro de la calle Isla de SABADELL con una Resonancia Magn\u00e9tica Abierta, Taco, Ecograf\u00eda, RX Convencional Mamograf\u00eda y Ortopantomograf\u00eda.<\/p>\n<p>&nbsp;<\/p>\n<p style=\"text-align: justify;\">Mas tarde, en 2008 abrimos nuestro centro de Resonancia Magn\u00e9tica en Martorell, a una instalaci\u00f3n anexa al Centro M\u00e9dico Martorell ( <a href=\"http:\/\/www.cmedicmartorell.com\/\" target=\"_blank\" rel=\"noopener noreferrer\">https:\/\/www.cmedicmartorell.com\/<\/a> )<\/p>\n<p>&nbsp;<\/p>\n<p style=\"text-align: justify;\">En 2016 iniciamos una nueva etapa en colaboraci\u00f3n con el Grup Policl\u00ednic, haci\u00e9ndonos cargo del servicio de radiolog\u00eda de Policl\u00ednic Sabadell, renovando el equipamiento de Ortopantomograf\u00eda, RX Convencional y Mamograf\u00eda.<\/p>\n<p>&nbsp;<\/p>\n<p style=\"text-align: justify;\">Recientemente, en 2018 hemos renovado las instalaciones de la calle Illa de Sabadell, sustituyendo el TAC por un equipo de \u00faltima generaci\u00f3n e incrementando la oferta de <strong>Resonancia Magn\u00e9tica con la instalaci\u00f3n de un equipo de alto campo de 3 Tesla<\/strong>.<\/p>\n<p>[\/vc_column_text][\/qode_elements_holder_item][\/qode_elements_holder][\/vc_column][\/vc_row][vc_row css_animation=\u00bb\u00bb row_type=\u00bbrow\u00bb use_row_as_full_screen_section=\u00bbno\u00bb type=\u00bbgrid\u00bb angled_section=\u00bbno\u00bb text_align=\u00bbcenter\u00bb background_image_as_pattern=\u00bbwithout_pattern\u00bb z_index=\u00bb\u00bb css=\u00bb.vc_custom_1559470227226{padding-top: 12px !important;padding-bottom: 15px !important;}\u00bb][vc_column][qode_elements_holder number_of_columns=\u00bbone_column\u00bb][qode_elements_holder_item advanced_animations=\u00bbno\u00bb][vc_single_image image=\u00bb816&#8243; img_size=\u00bbfull\u00bb alignment=\u00bbcenter\u00bb qode_css_animation=\u00bb\u00bb][vc_empty_space height=\u00bb7px\u00bb][vc_column_text]<\/p>\n<h2>Equipo Fundador<\/h2>\n<p>[\/vc_column_text][\/qode_elements_holder_item][\/qode_elements_holder][\/vc_column][\/vc_row][vc_row css_animation=\u00bb\u00bb row_type=\u00bbrow\u00bb use_row_as_full_screen_section=\u00bbno\u00bb type=\u00bbgrid\u00bb angled_section=\u00bbno\u00bb text_align=\u00bbleft\u00bb background_image_as_pattern=\u00bbwithout_pattern\u00bb z_index=\u00bb\u00bb css=\u00bb.vc_custom_1512642976264{padding-top: 135px !important;padding-bottom: 58px !important;}\u00bb][vc_column offset=\u00bbvc_col-md-4&#8243;]<div class='q_icon_with_title tiny custom_icon_image center '><div class=\"icon_holder \" style=\" \"><img itemprop=\"image\" style=\"\" src=\"https:\/\/www.imdsd.net\/wp-content\/uploads\/2019\/05\/Lluis-Donoso-Bach-2.jpg\" alt=\"\"><\/div><div class=\"icon_text_holder\" style=\"\"><div class=\"icon_text_inner\" style=\"\"><h4 class=\"icon_title\" style=\"\">Dr. Llu\u00eds Donoso-Bach<\/h4><p style=''><\/p><\/div><\/div><\/div>[vc_empty_space height=\u00bb57px\u00bb]<div class='q_icon_with_title tiny custom_icon_image center '><div class=\"icon_holder \" style=\" \"><img itemprop=\"image\" style=\"\" src=\"https:\/\/www.imdsd.net\/wp-content\/uploads\/2019\/05\/Dr-Antonio-Carvajal-Diaz.jpg\" alt=\"\"><\/div><div class=\"icon_text_holder\" style=\"\"><div class=\"icon_text_inner\" style=\"\"><h4 class=\"icon_title\" style=\"\">Dr. Antonio Carvajal D\u00edaz<\/h4><p style=''><\/p><\/div><\/div><\/div>[vc_empty_space height=\u00bb57px\u00bb]<div class='q_icon_with_title tiny custom_icon_image center '><div class=\"icon_holder \" style=\" \"><img itemprop=\"image\" style=\"\" src=\"https:\/\/www.imdsd.net\/wp-content\/uploads\/2019\/05\/Dr-Lluis-Berna-Roqueta.jpg\" alt=\"\"><\/div><div class=\"icon_text_holder\" style=\"\"><div class=\"icon_text_inner\" style=\"\"><h4 class=\"icon_title\" style=\"\">Dr. Lluis Bern\u00e0 Roqueta<\/h4><p style=''><\/p><\/div><\/div><\/div>[vc_empty_space height=\u00bb57px\u00bb]<div class='q_icon_with_title tiny custom_icon_image center '><div class=\"icon_holder \" style=\" \"><img itemprop=\"image\" style=\"\" src=\"https:\/\/www.imdsd.net\/wp-content\/uploads\/2019\/06\/no-imatge.jpg\" alt=\"\"><\/div><div class=\"icon_text_holder\" style=\"\"><div class=\"icon_text_inner\" style=\"\"><h4 class=\"icon_title\" style=\"\">Dr. Antoni Malet Llad\u00f3<\/h4><p style=''><\/p><\/div><\/div><\/div>[vc_empty_space height=\u00bb57px\u00bb][\/vc_column][vc_column offset=\u00bbvc_col-md-4&#8243;]<div class='q_icon_with_title tiny custom_icon_image center '><div class=\"icon_holder \" style=\" \"><img itemprop=\"image\" style=\"\" src=\"https:\/\/www.imdsd.net\/wp-content\/uploads\/2019\/05\/Dr-Melcior-Sentis.jpg\" alt=\"\"><\/div><div class=\"icon_text_holder\" style=\"\"><div class=\"icon_text_inner\" style=\"\"><h4 class=\"icon_title\" style=\"\">Dr. Melcior Sent\u00eds<\/h4><p style=''><\/p><\/div><\/div><\/div>[vc_empty_space height=\u00bb57px\u00bb]<div class='q_icon_with_title tiny custom_icon_image center '><div class=\"icon_holder \" style=\" \"><img itemprop=\"image\" style=\"\" src=\"https:\/\/www.imdsd.net\/wp-content\/uploads\/2019\/05\/Dr-Josep-Maria-Mata-Duaso.jpg\" alt=\"\"><\/div><div class=\"icon_text_holder\" style=\"\"><div class=\"icon_text_inner\" style=\"\"><h4 class=\"icon_title\" style=\"\">Dr. Josep Maria Mata Duaso<\/h4><p style=''><\/p><\/div><\/div><\/div>[vc_empty_space height=\u00bb57px\u00bb]<div class='q_icon_with_title tiny custom_icon_image center '><div class=\"icon_holder \" style=\" \"><img itemprop=\"image\" style=\"\" src=\"https:\/\/www.imdsd.net\/wp-content\/uploads\/2019\/05\/Dr-Joan-Guanyabens-Calvet.jpg\" alt=\"\"><\/div><div class=\"icon_text_holder\" style=\"\"><div class=\"icon_text_inner\" style=\"\"><h4 class=\"icon_title\" style=\"\">Dr. Joan Guanyabens Calvet<\/h4><p style=''><\/p><\/div><\/div><\/div>[vc_empty_space height=\u00bb57px\u00bb]<div class='q_icon_with_title tiny custom_icon_image center '><div class=\"icon_holder \" style=\" \"><img itemprop=\"image\" style=\"\" src=\"https:\/\/www.imdsd.net\/wp-content\/uploads\/2019\/06\/no-imatge.jpg\" alt=\"\"><\/div><div class=\"icon_text_holder\" style=\"\"><div class=\"icon_text_inner\" style=\"\"><h4 class=\"icon_title\" style=\"\">Dra. Roser Mu\u00f1oz<\/h4><p style=''><\/p><\/div><\/div><\/div>[vc_empty_space height=\u00bb57px\u00bb][\/vc_column][vc_column offset=\u00bbvc_col-md-4&#8243;]<div class='q_icon_with_title tiny custom_icon_image center '><div class=\"icon_holder \" style=\" \"><img itemprop=\"image\" style=\"\" src=\"https:\/\/www.imdsd.net\/wp-content\/uploads\/2019\/05\/Dr-Rafael-Valls-i-Pasqual.jpg\" alt=\"\"><\/div><div class=\"icon_text_holder\" style=\"\"><div class=\"icon_text_inner\" style=\"\"><h4 class=\"icon_title\" style=\"\">Dr. Rafael Valls i Pasqual<\/h4><p style=''><\/p><\/div><\/div><\/div>[vc_empty_space height=\u00bb57px\u00bb]<div class='q_icon_with_title tiny custom_icon_image center '><div class=\"icon_holder \" style=\" \"><img itemprop=\"image\" style=\"\" src=\"https:\/\/www.imdsd.net\/wp-content\/uploads\/2019\/05\/Dr-Joan-Falco-Fages.jpg\" alt=\"\"><\/div><div class=\"icon_text_holder\" style=\"\"><div class=\"icon_text_inner\" style=\"\"><h4 class=\"icon_title\" style=\"\">Dr. Joan Falc\u00f3 Fag\u00e9s<\/h4><p style=''><\/p><\/div><\/div><\/div>[vc_empty_space height=\u00bb57px\u00bb]<div class='q_icon_with_title tiny custom_icon_image center '><div class=\"icon_holder \" style=\" \"><img itemprop=\"image\" style=\"\" src=\"https:\/\/www.imdsd.net\/wp-content\/uploads\/2019\/06\/no-imatge.jpg\" alt=\"\"><\/div><div class=\"icon_text_holder\" style=\"\"><div class=\"icon_text_inner\" style=\"\"><h4 class=\"icon_title\" style=\"\">Dr. Jorge Puig Domingo<\/h4><p style=''><\/p><\/div><\/div><\/div>[vc_empty_space height=\u00bb57px\u00bb][\/vc_column][\/vc_row]<\/p>\n","protected":false},"excerpt":{"rendered":"<p>[vc_row css_animation=\u00bb\u00bb row_type=\u00bbrow\u00bb use_row_as_full_screen_section=\u00bbno\u00bb type=\u00bbgrid\u00bb angled_section=\u00bbno\u00bb text_align=\u00bbcenter\u00bb background_image_as_pattern=\u00bbwithout_pattern\u00bb z_index=\u00bb\u00bb][vc_column][qode_elements_holder number_of_columns=\u00bbone_column\u00bb][qode_elements_holder_item advanced_animations=\u00bbno\u00bb item_padding=\u00bb188px 0px 0px\u00bb item_padding_600_768=\u00bb60px 0px 0px\u00bb item_padding_480_600=\u00bb60px 0px 0px\u00bb item_padding_480=\u00bb60px 0px 0px\u00bb][vc_single_image image=\u00bb816&#8243; img_size=\u00bbfull\u00bb alignment=\u00bbcenter\u00bb qode_css_animation=\u00bb\u00bb][vc_empty_space height=\u00bb7px\u00bb][vc_column_text] IMAGEN M\u00c9DICA DIGITAL [\/vc_column_text][\/qode_elements_holder_item][\/qode_elements_holder][qode_elements_holder number_of_columns=\u00bbone_column\u00bb][qode_elements_holder_item advanced_animations=\u00bbno\u00bb item_padding=\u00bb17px 5% 81px\u00bb item_padding_1280_1440=\u00bb17px 5% 26px\u00bb item_padding_1024_1280=\u00bb17px 5% 26px\u00bb item_padding_768_1024=\u00bb17px 3%&#8230;<\/p>\n","protected":false},"author":1,"featured_media":0,"parent":0,"menu_order":2,"comment_status":"closed","ping_status":"closed","template":"full_width.php","meta":[],"yoast_head":"<!-- This site is optimized with the Yoast SEO plugin v19.7.1 - https:\/\/yoast.com\/wordpress\/plugins\/seo\/ -->\n<title>Qui\u00e9nes somos - Centro Imdsd<\/title>\n<meta name=\"description\" content=\"El Centro presta servicios diagn\u00f3sticos presenciales, de informaci\u00f3n a distancia (tele-radiolog\u00eda) y de consultor\u00eda organizativa sanitaria.\" \/>\n<meta name=\"robots\" content=\"index, follow, max-snippet:-1, max-image-preview:large, max-video-preview:-1\" \/>\n<link rel=\"canonical\" href=\"https:\/\/www.imdsd.net\/es\/quienes-somos\/\" \/>\n<meta property=\"og:locale\" content=\"es_ES\" \/>\n<meta property=\"og:type\" content=\"article\" \/>\n<meta property=\"og:title\" content=\"Qui\u00e9nes somos - Centro Imdsd\" \/>\n<meta property=\"og:description\" content=\"El Centro presta servicios diagn\u00f3sticos presenciales, de informaci\u00f3n a distancia (tele-radiolog\u00eda) y de consultor\u00eda organizativa sanitaria.\" \/>\n<meta property=\"og:url\" content=\"https:\/\/www.imdsd.net\/es\/quienes-somos\/\" \/>\n<meta property=\"og:site_name\" content=\"Imatge m\u00e8dica digital - Serveis de diagn\u00f2stic per imatge\" \/>\n<meta property=\"article:modified_time\" content=\"2023-03-30T14:38:28+00:00\" \/>\n<meta name=\"twitter:card\" content=\"summary_large_image\" \/>\n<meta name=\"twitter:label1\" content=\"Tiempo de lectura\" \/>\n\t<meta name=\"twitter:data1\" content=\"3 minutos\" \/>\n<script type=\"application\/ld+json\" class=\"yoast-schema-graph\">{\"@context\":\"https:\/\/schema.org\",\"@graph\":[{\"@type\":\"WebPage\",\"@id\":\"https:\/\/www.imdsd.net\/es\/quienes-somos\/\",\"url\":\"https:\/\/www.imdsd.net\/es\/quienes-somos\/\",\"name\":\"Qui\u00e9nes somos - Centro Imdsd\",\"isPartOf\":{\"@id\":\"https:\/\/www.imdsd.net\/es\/#website\"},\"datePublished\":\"2017-11-29T14:24:28+00:00\",\"dateModified\":\"2023-03-30T14:38:28+00:00\",\"description\":\"El Centro presta servicios diagn\u00f3sticos presenciales, de informaci\u00f3n a distancia (tele-radiolog\u00eda) y de consultor\u00eda organizativa sanitaria.\",\"breadcrumb\":{\"@id\":\"https:\/\/www.imdsd.net\/es\/quienes-somos\/#breadcrumb\"},\"inLanguage\":\"es\",\"potentialAction\":[{\"@type\":\"ReadAction\",\"target\":[\"https:\/\/www.imdsd.net\/es\/quienes-somos\/\"]}]},{\"@type\":\"BreadcrumbList\",\"@id\":\"https:\/\/www.imdsd.net\/es\/quienes-somos\/#breadcrumb\",\"itemListElement\":[{\"@type\":\"ListItem\",\"position\":1,\"name\":\"Inici\",\"item\":\"https:\/\/www.imdsd.net\/es\/\"},{\"@type\":\"ListItem\",\"position\":2,\"name\":\"Qui\u00e9nes somos\"}]},{\"@type\":\"WebSite\",\"@id\":\"https:\/\/www.imdsd.net\/es\/#website\",\"url\":\"https:\/\/www.imdsd.net\/es\/\",\"name\":\"Imatge m\u00e8dica digital - Serveis de diagn\u00f2stic per imatge\",\"description\":\"Diagn\u00f2stic per imatge i tele-radiolog\u00eda\",\"publisher\":{\"@id\":\"https:\/\/www.imdsd.net\/es\/#organization\"},\"potentialAction\":[{\"@type\":\"SearchAction\",\"target\":{\"@type\":\"EntryPoint\",\"urlTemplate\":\"https:\/\/www.imdsd.net\/es\/?s={search_term_string}\"},\"query-input\":\"required name=search_term_string\"}],\"inLanguage\":\"es\"},{\"@type\":\"Organization\",\"@id\":\"https:\/\/www.imdsd.net\/es\/#organization\",\"name\":\"IMATGE M\u00c8DICA DIGITAL\",\"url\":\"https:\/\/www.imdsd.net\/es\/\",\"sameAs\":[],\"logo\":{\"@type\":\"ImageObject\",\"inLanguage\":\"es\",\"@id\":\"https:\/\/www.imdsd.net\/es\/#\/schema\/logo\/image\/\",\"url\":\"https:\/\/www.imdsd.net\/wp-content\/uploads\/2019\/05\/logo-imagen-medica-digital-azul.png\",\"contentUrl\":\"https:\/\/www.imdsd.net\/wp-content\/uploads\/2019\/05\/logo-imagen-medica-digital-azul.png\",\"width\":340,\"height\":255,\"caption\":\"IMATGE M\u00c8DICA DIGITAL\"},\"image\":{\"@id\":\"https:\/\/www.imdsd.net\/es\/#\/schema\/logo\/image\/\"}}]}<\/script>\n<!-- \/ Yoast SEO plugin. -->","yoast_head_json":{"title":"Qui\u00e9nes somos - Centro Imdsd","description":"El Centro presta servicios diagn\u00f3sticos presenciales, de informaci\u00f3n a distancia (tele-radiolog\u00eda) y de consultor\u00eda organizativa sanitaria.","robots":{"index":"index","follow":"follow","max-snippet":"max-snippet:-1","max-image-preview":"max-image-preview:large","max-video-preview":"max-video-preview:-1"},"canonical":"https:\/\/www.imdsd.net\/es\/quienes-somos\/","og_locale":"es_ES","og_type":"article","og_title":"Qui\u00e9nes somos - Centro Imdsd","og_description":"El Centro presta servicios diagn\u00f3sticos presenciales, de informaci\u00f3n a distancia (tele-radiolog\u00eda) y de consultor\u00eda organizativa sanitaria.","og_url":"https:\/\/www.imdsd.net\/es\/quienes-somos\/","og_site_name":"Imatge m\u00e8dica digital - Serveis de diagn\u00f2stic per imatge","article_modified_time":"2023-03-30T14:38:28+00:00","twitter_card":"summary_large_image","twitter_misc":{"Tiempo de lectura":"3 minutos"},"schema":{"@context":"https:\/\/schema.org","@graph":[{"@type":"WebPage","@id":"https:\/\/www.imdsd.net\/es\/quienes-somos\/","url":"https:\/\/www.imdsd.net\/es\/quienes-somos\/","name":"Qui\u00e9nes somos - Centro Imdsd","isPartOf":{"@id":"https:\/\/www.imdsd.net\/es\/#website"},"datePublished":"2017-11-29T14:24:28+00:00","dateModified":"2023-03-30T14:38:28+00:00","description":"El Centro presta servicios diagn\u00f3sticos presenciales, de informaci\u00f3n a distancia (tele-radiolog\u00eda) y de consultor\u00eda organizativa sanitaria.","breadcrumb":{"@id":"https:\/\/www.imdsd.net\/es\/quienes-somos\/#breadcrumb"},"inLanguage":"es","potentialAction":[{"@type":"ReadAction","target":["https:\/\/www.imdsd.net\/es\/quienes-somos\/"]}]},{"@type":"BreadcrumbList","@id":"https:\/\/www.imdsd.net\/es\/quienes-somos\/#breadcrumb","itemListElement":[{"@type":"ListItem","position":1,"name":"Inici","item":"https:\/\/www.imdsd.net\/es\/"},{"@type":"ListItem","position":2,"name":"Qui\u00e9nes somos"}]},{"@type":"WebSite","@id":"https:\/\/www.imdsd.net\/es\/#website","url":"https:\/\/www.imdsd.net\/es\/","name":"Imatge m\u00e8dica digital - Serveis de diagn\u00f2stic per imatge","description":"Diagn\u00f2stic per imatge i tele-radiolog\u00eda","publisher":{"@id":"https:\/\/www.imdsd.net\/es\/#organization"},"potentialAction":[{"@type":"SearchAction","target":{"@type":"EntryPoint","urlTemplate":"https:\/\/www.imdsd.net\/es\/?s={search_term_string}"},"query-input":"required name=search_term_string"}],"inLanguage":"es"},{"@type":"Organization","@id":"https:\/\/www.imdsd.net\/es\/#organization","name":"IMATGE M\u00c8DICA DIGITAL","url":"https:\/\/www.imdsd.net\/es\/","sameAs":[],"logo":{"@type":"ImageObject","inLanguage":"es","@id":"https:\/\/www.imdsd.net\/es\/#\/schema\/logo\/image\/","url":"https:\/\/www.imdsd.net\/wp-content\/uploads\/2019\/05\/logo-imagen-medica-digital-azul.png","contentUrl":"https:\/\/www.imdsd.net\/wp-content\/uploads\/2019\/05\/logo-imagen-medica-digital-azul.png","width":340,"height":255,"caption":"IMATGE M\u00c8DICA DIGITAL"},"image":{"@id":"https:\/\/www.imdsd.net\/es\/#\/schema\/logo\/image\/"}}]}},"_links":{"self":[{"href":"https:\/\/www.imdsd.net\/es\/wp-json\/wp\/v2\/pages\/109"}],"collection":[{"href":"https:\/\/www.imdsd.net\/es\/wp-json\/wp\/v2\/pages"}],"about":[{"href":"https:\/\/www.imdsd.net\/es\/wp-json\/wp\/v2\/types\/page"}],"author":[{"embeddable":true,"href":"https:\/\/www.imdsd.net\/es\/wp-json\/wp\/v2\/users\/1"}],"replies":[{"embeddable":true,"href":"https:\/\/www.imdsd.net\/es\/wp-json\/wp\/v2\/comments?post=109"}],"version-history":[{"count":33,"href":"https:\/\/www.imdsd.net\/es\/wp-json\/wp\/v2\/pages\/109\/revisions"}],"predecessor-version":[{"id":1018,"href":"https:\/\/www.imdsd.net\/es\/wp-json\/wp\/v2\/pages\/109\/revisions\/1018"}],"wp:attachment":[{"href":"https:\/\/www.imdsd.net\/es\/wp-json\/wp\/v2\/media?parent=109"}],"curies":[{"name":"wp","href":"https:\/\/api.w.org\/{rel}","templated":true}]}}